{"id":4811,"date":"2020-05-05T23:41:44","date_gmt":"2020-05-05T22:41:44","guid":{"rendered":"https:\/\/culturavivaperu.com\/creadores-de-experiencias-educativas\/"},"modified":"2020-05-06T00:39:18","modified_gmt":"2020-05-05T23:39:18","slug":"creadores-de-experiencias-educativas","status":"publish","type":"page","link":"https:\/\/culturavivaperu.com\/es\/creadores-de-experiencias-educativas\/","title":{"rendered":"Creadores de Experiencias Educativas"},"content":{"rendered":"<p>[et_pb_section fb_built=\u00bb1&#8243; fullwidth=\u00bbon\u00bb _builder_version=\u00bb4.0.7&#8243; saved_tabs=\u00bball\u00bb][et_pb_fullwidth_slider use_bg_overlay=\u00bboff\u00bb _builder_version=\u00bb4.0.7&#8243; header_level=\u00bbh1&#8243; body_font=\u00bb|||on|||||\u00bb background_enable_color=\u00bboff\u00bb background_image=\u00bbhttps:\/\/culturavivaperu.com\/wp-content\/uploads\/2020\/04\/Culture-Travel-Experts-Peru.jpg\u00bb background_blend=\u00bbmultiply\u00bb content_width_last_edited=\u00bboff|phone\u00bb custom_margin=\u00bb||||false|false\u00bb custom_padding=\u00bb450px||30px|0px|false|false\u00bb custom_padding_tablet=\u00bb440px||40px||false|false\u00bb custom_padding_phone=\u00bb400px||50px|0px|false|false\u00bb custom_padding_last_edited=\u00bbon|phone\u00bb header_font_size_tablet=\u00bb30px\u00bb header_font_size_phone=\u00bb\u00bb header_font_size_last_edited=\u00bbon|phone\u00bb][et_pb_slide heading=\u00bbNuestros dise\u00f1adores de viajes\u00bb _builder_version=\u00bb4.0.7&#8243; header_level=\u00bbh1&#8243; header_font=\u00bbLato|700|||||||\u00bb header_text_align=\u00bbleft\u00bb header_text_color=\u00bb#ef5f3d\u00bb header_font_size=\u00bb40px\u00bb body_font=\u00bbDidact Gothic|700|||||||\u00bb body_text_align=\u00bbleft\u00bb body_font_size=\u00bb30px\u00bb body_letter_spacing=\u00bb3px\u00bb body_line_height=\u00bb1.3em\u00bb background_color=\u00bbrgba(0,0,0,0)\u00bb background_enable_color=\u00bbon\u00bb custom_button=\u00bbon\u00bb button_text_size=\u00bb18px\u00bb button_bg_use_color_gradient=\u00bbon\u00bb button_bg_color_gradient_start=\u00bb#348e3f\u00bb button_bg_color_gradient_end=\u00bb#3da546&#8243; button_border_color=\u00bb#348e3f\u00bb button_border_radius=\u00bb40px\u00bb button_letter_spacing=\u00bb2px\u00bb button_font=\u00bbLato|700|||||||\u00bb button_use_icon=\u00bbon\u00bb button_icon=\u00bb%%20%%\u00bb button_alignment=\u00bbleft\u00bb custom_padding_tablet=\u00bb\u00bb custom_padding_phone=\u00bb\u00bb custom_padding_last_edited=\u00bbon|phone\u00bb header_font_size_tablet=\u00bb24px\u00bb header_font_size_phone=\u00bb20px\u00bb header_font_size_last_edited=\u00bbon|desktop\u00bb body_font_size_tablet=\u00bb26px\u00bb body_font_size_phone=\u00bb15px\u00bb body_font_size_last_edited=\u00bbon|phone\u00bb body_line_height_tablet=\u00bb\u00bb body_line_height_phone=\u00bb\u00bb body_line_height_last_edited=\u00bbon|desktop\u00bb button_text_size_tablet=\u00bb18px\u00bb button_text_size_phone=\u00bb14px\u00bb button_text_size_last_edited=\u00bbon|desktop\u00bb header_text_shadow_style=\u00bbpreset1&#8243;]<\/p>\n<p><span><\/span>\u00a1Conoce a nuestro brillante equipo de expertos en turismo cultural!<\/p>\n<p>[\/et_pb_slide][\/et_pb_fullwidth_slider][\/et_pb_section][et_pb_section fb_built=\u00bb1&#8243; _builder_version=\u00bb4.0.7&#8243; custom_padding=\u00bb||0px||false|false\u00bb][et_pb_row column_structure=\u00bb1_2,1_2&#8243; use_custom_gutter=\u00bbon\u00bb gutter_width=\u00bb1&#8243; _builder_version=\u00bb4.0.7&#8243; width=\u00bb95%\u00bb max_width=\u00bb2560px\u00bb][et_pb_column type=\u00bb1_2&#8243; _builder_version=\u00bb4.0.7&#8243; use_background_color_gradient=\u00bbon\u00bb background_color_gradient_start=\u00bbrgba(0,0,0,0)\u00bb background_color_gradient_end=\u00bbrgba(0,0,0,0)\u00bb background_image=\u00bbhttps:\/\/culturavivaperu.com\/wp-content\/uploads\/2020\/04\/Eliana-Pauca-Cultura-Viva-Peru-Founder.jpg\u00bb background__hover_enabled=\u00bbon|hover\u00bb background_color_gradient_end__hover=\u00bb#ffffff\u00bb background_color_gradient_start_position__hover=\u00bb70%\u00bb background_color_gradient_end_position__hover=\u00bb70%\u00bb background_color_gradient_overlays_image__hover=\u00bbon\u00bb][et_pb_text _builder_version=\u00bb4.4.4&#8243; custom_padding=\u00bb|20px||20px|false|true\u00bb filter_opacity=\u00bb0%\u00bb link_option_url=\u00bbhttps:\/\/culturavivaperu.com\/es\/team-eliana-pauca\/\u00bb link_option_url_new_window=\u00bbon\u00bb hover_enabled=\u00bb0&#8243; filter_opacity__hover_enabled=\u00bbon|hover\u00bb filter_opacity__hover=\u00bb100%\u00bb]<\/p>\n<p>&nbsp;<\/p>\n<p>&nbsp;<\/p>\n<p>&nbsp;<\/p>\n<p>&nbsp;<\/p>\n<p>&nbsp;<\/p>\n<p>&nbsp;<\/p>\n<p>&nbsp;<\/p>\n<h2>Eliana Pauca<\/h2>\n<p>Contribuir a difundir la inmensa sabidur\u00eda que mantiene a los ind\u00edgenas tan profundamente conectados con la naturaleza.<\/p>\n<p>[\/et_pb_text][\/et_pb_column][et_pb_column type=\u00bb1_2&#8243; _builder_version=\u00bb4.0.7&#8243;][et_pb_text _builder_version=\u00bb4.0.7&#8243; text_font=\u00bbDidact Gothic||||||||\u00bb text_text_color=\u00bb#348e3f\u00bb text_font_size=\u00bb26px\u00bb text_line_height=\u00bb1.8em\u00bb header_2_font=\u00bb|600|||||||\u00bb header_2_text_color=\u00bb#348e3f\u00bb header_2_font_size=\u00bb30px\u00bb width=\u00bb70%\u00bb width_tablet=\u00bb100%\u00bb width_phone=\u00bb\u00bb width_last_edited=\u00bbon|phone\u00bb module_alignment=\u00bbcenter\u00bb custom_margin=\u00bb30px||||false|false\u00bb]<\/p>\n<p style=\"text-align: justify;\">A lo largo de <span>los a\u00f1os hemos desarrollado un fant\u00e1stico equipo de expertos en turismo de cultura que se <strong>esfuerzan por hacer que cada aventura enriquezca, cambie la vida e inolvidable<\/strong><\/span><strong>!<\/strong><\/p>\n<p>[\/et_pb_text][\/et_pb_column][\/et_pb_row][\/et_pb_section][et_pb_section fb_built=\u00bb1&#8243; _builder_version=\u00bb4.0.7&#8243;][et_pb_row column_structure=\u00bb1_2,1_2&#8243; use_custom_gutter=\u00bbon\u00bb gutter_width=\u00bb2&#8243; make_equal=\u00bbon\u00bb _builder_version=\u00bb4.0.7&#8243; width=\u00bb95%\u00bb max_width=\u00bb2560px\u00bb][et_pb_column type=\u00bb1_2&#8243; _builder_version=\u00bb4.0.7&#8243; use_background_color_gradient=\u00bbon\u00bb background_color_gradient_start=\u00bbrgba(0,0,0,0)\u00bb background_color_gradient_end=\u00bbrgba(0,0,0,0)\u00bb background_image=\u00bbhttps:\/\/culturavivaperu.com\/wp-content\/uploads\/2020\/04\/Ronald-Peru-Tour-Agency-Expert.jpg\u00bb background_last_edited=\u00bboff|desktop\u00bb background__hover_enabled=\u00bbon|hover\u00bb background_color_gradient_end__hover=\u00bb#ffffff\u00bb background_color_gradient_start_position__hover=\u00bb70%\u00bb background_color_gradient_end_position__hover=\u00bb70%\u00bb background_color_gradient_overlays_image__hover=\u00bbon\u00bb][et_pb_text _builder_version=\u00bb4.4.4&#8243; custom_padding=\u00bb|20px||20px|false|true\u00bb filter_opacity=\u00bb0%\u00bb link_option_url=\u00bbhttps:\/\/culturavivaperu.com\/es\/team-ronald-yunca-coronado\/\u00bb link_option_url_new_window=\u00bbon\u00bb hover_enabled=\u00bb0&#8243; filter_opacity__hover_enabled=\u00bbon|hover\u00bb filter_opacity__hover=\u00bb100%\u00bb]<\/p>\n<p>&nbsp;<\/p>\n<p>&nbsp;<\/p>\n<p>&nbsp;<\/p>\n<p>&nbsp;<\/p>\n<p>&nbsp;<\/p>\n<p>&nbsp;<\/p>\n<p>&nbsp;<\/p>\n<h2><span>Ronald Yunca<\/span><\/h2>\n<p>Ser <span>un agente del gran cambio que requiere la industria tur\u00edstica.<\/span><\/p>\n<p>[\/et_pb_text][\/et_pb_column][et_pb_column type=\u00bb1_2&#8243; _builder_version=\u00bb4.0.7&#8243; use_background_color_gradient=\u00bbon\u00bb background_color_gradient_start=\u00bbrgba(0,0,0,0)\u00bb background_color_gradient_end=\u00bbrgba(0,0,0,0)\u00bb background_image=\u00bbhttps:\/\/culturavivaperu.com\/wp-content\/uploads\/2020\/04\/Ana-Peru-Travel-Adventure-Agency.jpg\u00bb background__hover_enabled=\u00bbon|hover\u00bb background_color_gradient_end__hover=\u00bb#ffffff\u00bb background_color_gradient_start_position__hover=\u00bb70%\u00bb background_color_gradient_end_position__hover=\u00bb70%\u00bb background_color_gradient_overlays_image__hover=\u00bbon\u00bb][et_pb_text _builder_version=\u00bb4.4.4&#8243; custom_padding=\u00bb|20px||20px|false|true\u00bb filter_opacity=\u00bb0%\u00bb link_option_url=\u00bbhttps:\/\/culturavivaperu.com\/es\/team-ana-isabel-ruelas\/\u00bb link_option_url_new_window=\u00bbon\u00bb hover_enabled=\u00bb0&#8243; filter_opacity__hover_enabled=\u00bbon|hover\u00bb filter_opacity__hover=\u00bb100%\u00bb]<\/p>\n<p>&nbsp;<\/p>\n<p>&nbsp;<\/p>\n<p>&nbsp;<\/p>\n<p>&nbsp;<\/p>\n<p>&nbsp;<\/p>\n<p>&nbsp;<\/p>\n<p>&nbsp;<\/p>\n<h2>Ana Isabel Ruelas<\/h2>\n<p><span>Quiero que los viajeros aprendan la realidad del pueblo andino y sus estilos de vida.<\/span><\/p>\n<p>[\/et_pb_text][\/et_pb_column][\/et_pb_row][\/et_pb_section][et_pb_section fb_built=\u00bb1&#8243; custom_padding_last_edited=\u00bbon|phone\u00bb _builder_version=\u00bb4.0.7&#8243; custom_padding=\u00bb0px||||false|false\u00bb custom_padding_tablet=\u00bb0px||||false|false\u00bb custom_padding_phone=\u00bb\u00bb][et_pb_row custom_padding_last_edited=\u00bbon|phone\u00bb _builder_version=\u00bb4.0.7&#8243; custom_padding=\u00bb50px||50px||true|true\u00bb custom_padding_tablet=\u00bb\u00bb custom_padding_phone=\u00bb0px||0px||true|true\u00bb][et_pb_column type=\u00bb4_4&#8243; _builder_version=\u00bb4.0.7&#8243;][et_pb_text module_class=\u00bbour_vision\u00bb _builder_version=\u00bb4.0.7&#8243; text_font=\u00bbLato||||||||\u00bb text_text_color=\u00bb#000000&#8243; quote_font=\u00bb|600|||||||\u00bb header_2_font=\u00bbDidact Gothic||||||||\u00bb header_2_text_color=\u00bb#348e3f\u00bb header_2_line_height=\u00bb1.2em\u00bb text_orientation=\u00bbcenter\u00bb custom_padding=\u00bb|95px||95px|false|true\u00bb custom_padding_tablet=\u00bb10px|30px||30px|false|true\u00bb custom_padding_phone=\u00bb25px|0px||0px|false|true\u00bb custom_padding_last_edited=\u00bbon|phone\u00bb text_font_size_tablet=\u00bb14px\u00bb text_font_size_phone=\u00bb14px\u00bb text_font_size_last_edited=\u00bbon|tablet\u00bb text_line_height_tablet=\u00bb1.7em\u00bb text_line_height_phone=\u00bb\u00bb text_line_height_last_edited=\u00bbon|phone\u00bb header_line_height_tablet=\u00bb1em\u00bb header_line_height_phone=\u00bb\u00bb header_line_height_last_edited=\u00bbon|phone\u00bb header_2_line_height_tablet=\u00bb\u00bb header_2_line_height_phone=\u00bb\u00bb header_2_line_height_last_edited=\u00bbon|desktop\u00bb saved_tabs=\u00bball\u00bb]<\/p>\n<h2 style=\"text-align: justify;\">Nuestra visi\u00f3n para su experiencia de <strong>viaje en Per\u00fa.<\/strong><\/h2>\n<p style=\"text-align: justify;\"><em><strong>CONECTA<\/strong><\/em> con las personas, comparte ideas, experimenta cosas y <em><strong>APRENDE<\/strong><\/em> de nuestra cultura viva.<\/p>\n<p style=\"text-align: justify;\"><em><strong>RE-CONNECT<\/strong><\/em> con la naturaleza y con tu alma. \u00a1Aprovecha la oportunidad de viajar al aire libre!<\/p>\n<p style=\"text-align: justify;\"><em><strong>APRENDE<\/strong><\/em>c\u00f3mo tus acciones en el otro lado del mundo pueden afectar a esta parte del mundo en los sitios m\u00e1s vulnerables.<\/p>\n<p style=\"text-align: justify;\"><em><strong>CONOZCA<\/strong><\/em> las actividades que le interesan y recoja una nueva habilidad.<\/p>\n<p style=\"text-align: justify;\"><em><strong>AYUDA A<\/strong><\/em> las comunidades locales a tener la oportunidad de aumentar su autoestima y mejorar los ingresos pag\u00e1ndoles directamente por sus servicios de gu\u00eda, cocina, clausura o transporte en nuestros tours \u00fanicos por Per\u00fa.<\/p>\n<p style=\"text-align: justify;\"><em><strong>DISFRUTA<\/strong><\/em> de experiencias de viaje inmersivas, significativas e intencionales en Per\u00fa que positivamente.<\/p>\n<p style=\"text-align: justify;\"><em><strong>TRANSFORMA<\/strong><\/em> tu vida y las comunidades que visitas en tus tours por Per\u00fa.<\/p>\n<p>[\/et_pb_text][\/et_pb_column][\/et_pb_row][\/et_pb_section]<\/p>\n","protected":false},"excerpt":{"rendered":"<p>[et_pb_section fb_built=\u00bb1&#8243; fullwidth=\u00bbon\u00bb _builder_version=\u00bb4.0.7&#8243; saved_tabs=\u00bball\u00bb][et_pb_fullwidth_slider use_bg_overlay=\u00bboff\u00bb _builder_version=\u00bb4.0.7&#8243; header_level=\u00bbh1&#8243; body_font=\u00bb|||on|||||\u00bb background_enable_color=\u00bboff\u00bb background_image=\u00bbhttps:\/\/culturavivaperu.com\/wp-content\/uploads\/2020\/04\/Culture-Travel-Experts-Peru.jpg\u00bb background_blend=\u00bbmultiply\u00bb content_width_last_edited=\u00bboff|phone\u00bb custom_margin=\u00bb||||false|false\u00bb custom_padding=\u00bb450px||30px|0px|false|false\u00bb custom_padding_tablet=\u00bb440px||40px||false|false\u00bb custom_padding_phone=\u00bb400px||50px|0px|false|false\u00bb custom_padding_last_edited=\u00bbon|phone\u00bb header_font_size_tablet=\u00bb30px\u00bb header_font_size_phone=\u00bb\u00bb header_font_size_last_edited=\u00bbon|phone\u00bb][et_pb_slide heading=\u00bbNuestros dise\u00f1adores de viajes\u00bb _builder_version=\u00bb4.0.7&#8243; header_level=\u00bbh1&#8243; header_font=\u00bbLato|700|||||||\u00bb header_text_align=\u00bbleft\u00bb header_text_color=\u00bb#ef5f3d\u00bb header_font_size=\u00bb40px\u00bb body_font=\u00bbDidact Gothic|700|||||||\u00bb body_text_align=\u00bbleft\u00bb body_font_size=\u00bb30px\u00bb body_letter_spacing=\u00bb3px\u00bb body_line_height=\u00bb1.3em\u00bb background_color=\u00bbrgba(0,0,0,0)\u00bb background_enable_color=\u00bbon\u00bb custom_button=\u00bbon\u00bb button_text_size=\u00bb18px\u00bb button_bg_use_color_gradient=\u00bbon\u00bb button_bg_color_gradient_start=\u00bb#348e3f\u00bb button_bg_color_gradient_end=\u00bb#3da546&#8243; button_border_color=\u00bb#348e3f\u00bb button_border_radius=\u00bb40px\u00bb button_letter_spacing=\u00bb2px\u00bb button_font=\u00bbLato|700|||||||\u00bb button_use_icon=\u00bbon\u00bb button_icon=\u00bb%%20%%\u00bb button_alignment=\u00bbleft\u00bb custom_padding_tablet=\u00bb\u00bb custom_padding_phone=\u00bb\u00bb custom_padding_last_edited=\u00bbon|phone\u00bb header_font_size_tablet=\u00bb24px\u00bb [&hellip;]<\/p>\n","protected":false},"author":1,"featured_media":4812,"parent":0,"menu_order":0,"comment_status":"closed","ping_status":"closed","template":"","meta":{"_et_pb_use_builder":"on","_et_pb_old_content":"","_et_gb_content_width":"","_monsterinsights_skip_tracking":false,"_monsterinsights_sitenote_active":false,"_monsterinsights_sitenote_note":"","_monsterinsights_sitenote_category":0,"footnotes":""},"class_list":["post-4811","page","type-page","status-publish","has-post-thumbnail","hentry"],"yoast_head":"<!-- This site is optimized with the Yoast SEO plugin v26.9 - https:\/\/yoast.com\/product\/yoast-seo-wordpress\/ -->\n<title>Experimente Crafters - Cultura Viva Peru Travel<\/title>\n<meta name=\"description\" content=\"\u00a1Conoce a nuestros expertos que se esfuerzan por hacer que cada aventura sea enriquecedora, que cambie la vida e inolvidable!\" \/>\n<meta name=\"robots\" content=\"index, follow, max-snippet:-1, max-image-preview:large, max-video-preview:-1\" \/>\n<link rel=\"canonical\" href=\"https:\/\/culturavivaperu.com\/es\/creadores-de-experiencias-educativas\/\" \/>\n<meta property=\"og:locale\" content=\"es_ES\" \/>\n<meta property=\"og:type\" content=\"article\" \/>\n<meta property=\"og:title\" content=\"Experimente Crafters - Cultura Viva Peru Travel\" \/>\n<meta property=\"og:description\" content=\"\u00a1Conoce a nuestros expertos que se esfuerzan por hacer que cada aventura sea enriquecedora, que cambie la vida e inolvidable!\" \/>\n<meta property=\"og:url\" content=\"https:\/\/culturavivaperu.com\/es\/creadores-de-experiencias-educativas\/\" \/>\n<meta property=\"og:site_name\" content=\"Cultura Viva Peru Travel\" \/>\n<meta property=\"article:modified_time\" content=\"2020-05-05T23:39:18+00:00\" \/>\n<meta property=\"og:image\" content=\"https:\/\/culturavivaperu.com\/wp-content\/uploads\/2020\/04\/Our-Team-of-Experience-Crafters.jpg\" \/>\n\t<meta property=\"og:image:width\" content=\"1920\" \/>\n\t<meta property=\"og:image:height\" content=\"1080\" \/>\n\t<meta property=\"og:image:type\" content=\"image\/jpeg\" \/>\n<meta name=\"twitter:card\" content=\"summary_large_image\" \/>\n<meta name=\"twitter:label1\" content=\"Tiempo de lectura\" \/>\n\t<meta name=\"twitter:data1\" content=\"6 minutos\" \/>\n<script type=\"application\/ld+json\" class=\"yoast-schema-graph\">{\"@context\":\"https:\/\/schema.org\",\"@graph\":[{\"@type\":\"WebPage\",\"@id\":\"https:\/\/culturavivaperu.com\/es\/creadores-de-experiencias-educativas\/\",\"url\":\"https:\/\/culturavivaperu.com\/es\/creadores-de-experiencias-educativas\/\",\"name\":\"Experimente Crafters - Cultura Viva Peru Travel\",\"isPartOf\":{\"@id\":\"https:\/\/culturavivaperu.com\/es\/#website\"},\"primaryImageOfPage\":{\"@id\":\"https:\/\/culturavivaperu.com\/es\/creadores-de-experiencias-educativas\/#primaryimage\"},\"image\":{\"@id\":\"https:\/\/culturavivaperu.com\/es\/creadores-de-experiencias-educativas\/#primaryimage\"},\"thumbnailUrl\":\"https:\/\/culturavivaperu.com\/wp-content\/uploads\/2020\/04\/Our-Team-of-Experience-Crafters.jpg\",\"datePublished\":\"2020-05-05T22:41:44+00:00\",\"dateModified\":\"2020-05-05T23:39:18+00:00\",\"description\":\"\u00a1Conoce a nuestros expertos que se esfuerzan por hacer que cada aventura sea enriquecedora, que cambie la vida e inolvidable!\",\"breadcrumb\":{\"@id\":\"https:\/\/culturavivaperu.com\/es\/creadores-de-experiencias-educativas\/#breadcrumb\"},\"inLanguage\":\"es\",\"potentialAction\":[{\"@type\":\"ReadAction\",\"target\":[\"https:\/\/culturavivaperu.com\/es\/creadores-de-experiencias-educativas\/\"]}]},{\"@type\":\"ImageObject\",\"inLanguage\":\"es\",\"@id\":\"https:\/\/culturavivaperu.com\/es\/creadores-de-experiencias-educativas\/#primaryimage\",\"url\":\"https:\/\/culturavivaperu.com\/wp-content\/uploads\/2020\/04\/Our-Team-of-Experience-Crafters.jpg\",\"contentUrl\":\"https:\/\/culturavivaperu.com\/wp-content\/uploads\/2020\/04\/Our-Team-of-Experience-Crafters.jpg\",\"width\":1920,\"height\":1080,\"caption\":\"Nuestroequipo de Expertos-Crafters\"},{\"@type\":\"BreadcrumbList\",\"@id\":\"https:\/\/culturavivaperu.com\/es\/creadores-de-experiencias-educativas\/#breadcrumb\",\"itemListElement\":[{\"@type\":\"ListItem\",\"position\":1,\"name\":\"Home\",\"item\":\"https:\/\/culturavivaperu.com\/es\/peru-travel-cultura-viva-peru-tours-educativos-con-alma-y-proposito\/\"},{\"@type\":\"ListItem\",\"position\":2,\"name\":\"Creadores de Experiencias Educativas\"}]},{\"@type\":\"WebSite\",\"@id\":\"https:\/\/culturavivaperu.com\/es\/#website\",\"url\":\"https:\/\/culturavivaperu.com\/es\/\",\"name\":\"Cultura Viva Peru Travel\",\"description\":\"Sustainable Travel Experiences in Peru\",\"potentialAction\":[{\"@type\":\"SearchAction\",\"target\":{\"@type\":\"EntryPoint\",\"urlTemplate\":\"https:\/\/culturavivaperu.com\/es\/?s={search_term_string}\"},\"query-input\":{\"@type\":\"PropertyValueSpecification\",\"valueRequired\":true,\"valueName\":\"search_term_string\"}}],\"inLanguage\":\"es\"}]}<\/script>\n<!-- \/ Yoast SEO plugin. -->","yoast_head_json":{"title":"Experimente Crafters - Cultura Viva Peru Travel","description":"\u00a1Conoce a nuestros expertos que se esfuerzan por hacer que cada aventura sea enriquecedora, que cambie la vida e inolvidable!","robots":{"index":"index","follow":"follow","max-snippet":"max-snippet:-1","max-image-preview":"max-image-preview:large","max-video-preview":"max-video-preview:-1"},"canonical":"https:\/\/culturavivaperu.com\/es\/creadores-de-experiencias-educativas\/","og_locale":"es_ES","og_type":"article","og_title":"Experimente Crafters - Cultura Viva Peru Travel","og_description":"\u00a1Conoce a nuestros expertos que se esfuerzan por hacer que cada aventura sea enriquecedora, que cambie la vida e inolvidable!","og_url":"https:\/\/culturavivaperu.com\/es\/creadores-de-experiencias-educativas\/","og_site_name":"Cultura Viva Peru Travel","article_modified_time":"2020-05-05T23:39:18+00:00","og_image":[{"width":1920,"height":1080,"url":"https:\/\/culturavivaperu.com\/wp-content\/uploads\/2020\/04\/Our-Team-of-Experience-Crafters.jpg","type":"image\/jpeg"}],"twitter_card":"summary_large_image","twitter_misc":{"Tiempo de lectura":"6 minutos"},"schema":{"@context":"https:\/\/schema.org","@graph":[{"@type":"WebPage","@id":"https:\/\/culturavivaperu.com\/es\/creadores-de-experiencias-educativas\/","url":"https:\/\/culturavivaperu.com\/es\/creadores-de-experiencias-educativas\/","name":"Experimente Crafters - Cultura Viva Peru Travel","isPartOf":{"@id":"https:\/\/culturavivaperu.com\/es\/#website"},"primaryImageOfPage":{"@id":"https:\/\/culturavivaperu.com\/es\/creadores-de-experiencias-educativas\/#primaryimage"},"image":{"@id":"https:\/\/culturavivaperu.com\/es\/creadores-de-experiencias-educativas\/#primaryimage"},"thumbnailUrl":"https:\/\/culturavivaperu.com\/wp-content\/uploads\/2020\/04\/Our-Team-of-Experience-Crafters.jpg","datePublished":"2020-05-05T22:41:44+00:00","dateModified":"2020-05-05T23:39:18+00:00","description":"\u00a1Conoce a nuestros expertos que se esfuerzan por hacer que cada aventura sea enriquecedora, que cambie la vida e inolvidable!","breadcrumb":{"@id":"https:\/\/culturavivaperu.com\/es\/creadores-de-experiencias-educativas\/#breadcrumb"},"inLanguage":"es","potentialAction":[{"@type":"ReadAction","target":["https:\/\/culturavivaperu.com\/es\/creadores-de-experiencias-educativas\/"]}]},{"@type":"ImageObject","inLanguage":"es","@id":"https:\/\/culturavivaperu.com\/es\/creadores-de-experiencias-educativas\/#primaryimage","url":"https:\/\/culturavivaperu.com\/wp-content\/uploads\/2020\/04\/Our-Team-of-Experience-Crafters.jpg","contentUrl":"https:\/\/culturavivaperu.com\/wp-content\/uploads\/2020\/04\/Our-Team-of-Experience-Crafters.jpg","width":1920,"height":1080,"caption":"Nuestroequipo de Expertos-Crafters"},{"@type":"BreadcrumbList","@id":"https:\/\/culturavivaperu.com\/es\/creadores-de-experiencias-educativas\/#breadcrumb","itemListElement":[{"@type":"ListItem","position":1,"name":"Home","item":"https:\/\/culturavivaperu.com\/es\/peru-travel-cultura-viva-peru-tours-educativos-con-alma-y-proposito\/"},{"@type":"ListItem","position":2,"name":"Creadores de Experiencias Educativas"}]},{"@type":"WebSite","@id":"https:\/\/culturavivaperu.com\/es\/#website","url":"https:\/\/culturavivaperu.com\/es\/","name":"Cultura Viva Peru Travel","description":"Sustainable Travel Experiences in Peru","potentialAction":[{"@type":"SearchAction","target":{"@type":"EntryPoint","urlTemplate":"https:\/\/culturavivaperu.com\/es\/?s={search_term_string}"},"query-input":{"@type":"PropertyValueSpecification","valueRequired":true,"valueName":"search_term_string"}}],"inLanguage":"es"}]}},"jetpack_sharing_enabled":true,"_links":{"self":[{"href":"https:\/\/culturavivaperu.com\/es\/wp-json\/wp\/v2\/pages\/4811","targetHints":{"allow":["GET"]}}],"collection":[{"href":"https:\/\/culturavivaperu.com\/es\/wp-json\/wp\/v2\/pages"}],"about":[{"href":"https:\/\/culturavivaperu.com\/es\/wp-json\/wp\/v2\/types\/page"}],"author":[{"embeddable":true,"href":"https:\/\/culturavivaperu.com\/es\/wp-json\/wp\/v2\/users\/1"}],"replies":[{"embeddable":true,"href":"https:\/\/culturavivaperu.com\/es\/wp-json\/wp\/v2\/comments?post=4811"}],"version-history":[{"count":5,"href":"https:\/\/culturavivaperu.com\/es\/wp-json\/wp\/v2\/pages\/4811\/revisions"}],"predecessor-version":[{"id":4863,"href":"https:\/\/culturavivaperu.com\/es\/wp-json\/wp\/v2\/pages\/4811\/revisions\/4863"}],"wp:featuredmedia":[{"embeddable":true,"href":"https:\/\/culturavivaperu.com\/es\/wp-json\/wp\/v2\/media\/4812"}],"wp:attachment":[{"href":"https:\/\/culturavivaperu.com\/es\/wp-json\/wp\/v2\/media?parent=4811"}],"curies":[{"name":"wp","href":"https:\/\/api.w.org\/{rel}","templated":true}]}}