{"id":4684,"date":"2020-05-02T22:38:00","date_gmt":"2020-05-02T21:38:00","guid":{"rendered":"https:\/\/culturavivaperu.com\/piuray-outdoor-center\/"},"modified":"2020-05-02T22:38:39","modified_gmt":"2020-05-02T21:38:39","slug":"piuray-outdoor-center","status":"publish","type":"page","link":"https:\/\/culturavivaperu.com\/es\/piuray-outdoor-center\/","title":{"rendered":"Piuray Outdoor Center"},"content":{"rendered":"<p>[et_pb_section fb_built=\u00bb1&#8243; fullwidth=\u00bbon\u00bb _builder_version=\u00bb4.0.7&#8243; saved_tabs=\u00bball\u00bb][et_pb_fullwidth_slider use_bg_overlay=\u00bboff\u00bb _builder_version=\u00bb4.0.7&#8243; header_level=\u00bbh1&#8243; body_font=\u00bb|||on|||||\u00bb background_enable_color=\u00bboff\u00bb background_image=\u00bbhttps:\/\/culturavivaperu.com\/wp-content\/uploads\/2020\/04\/Chincheros-Cusco-Lake-Piuray.jpg\u00bb background_position=\u00bbcenter_left\u00bb content_width_last_edited=\u00bboff|phone\u00bb custom_margin=\u00bb||||false|false\u00bb custom_padding=\u00bb420px||30px||false|false\u00bb custom_padding_tablet=\u00bb440px||40px||false|false\u00bb custom_padding_phone=\u00bb350px||50px||false|false\u00bb custom_padding_last_edited=\u00bbon|phone\u00bb][et_pb_slide heading=\u00bbPiuray Outdoor Center\u00bb _builder_version=\u00bb4.0.7&#8243; header_level=\u00bbh1&#8243; header_font=\u00bbLato|900|||||||\u00bb header_text_align=\u00bbleft\u00bb header_text_color=\u00bb#ef5f3d\u00bb header_font_size=\u00bb40px\u00bb body_font=\u00bbDidact Gothic|700|||||||\u00bb body_text_align=\u00bbleft\u00bb body_font_size=\u00bb30px\u00bb body_letter_spacing=\u00bb3px\u00bb body_line_height=\u00bb1.3em\u00bb background_enable_color=\u00bboff\u00bb custom_button=\u00bbon\u00bb button_text_size=\u00bb18px\u00bb button_bg_use_color_gradient=\u00bbon\u00bb button_bg_color_gradient_start=\u00bb#348e3f\u00bb button_bg_color_gradient_end=\u00bb#3da546&#8243; button_border_color=\u00bb#348e3f\u00bb button_border_radius=\u00bb40px\u00bb button_letter_spacing=\u00bb2px\u00bb button_font=\u00bbLato|700|||||||\u00bb button_use_icon=\u00bbon\u00bb button_icon=\u00bb%%20%%\u00bb button_alignment=\u00bbleft\u00bb custom_padding=\u00bb|0px||0px|false|true\u00bb header_font_size_tablet=\u00bb36px\u00bb header_font_size_phone=\u00bb24px\u00bb header_font_size_last_edited=\u00bbon|phone\u00bb body_font_size_tablet=\u00bb26px\u00bb body_font_size_phone=\u00bb15px\u00bb body_font_size_last_edited=\u00bbon|phone\u00bb body_line_height_tablet=\u00bb\u00bb body_line_height_phone=\u00bb\u00bb body_line_height_last_edited=\u00bbon|desktop\u00bb button_text_size_tablet=\u00bb18px\u00bb button_text_size_phone=\u00bb14px\u00bb button_text_size_last_edited=\u00bbon|desktop\u00bb]<\/p>\n<p><span>\u00a1Con\u00e9ctese con la naturaleza y la cultura andina tradicional en el lago Piuray!<\/span><\/p>\n<p>[\/et_pb_slide][\/et_pb_fullwidth_slider][\/et_pb_section][et_pb_section fb_built=\u00bb1&#8243; _builder_version=\u00bb4.0.7&#8243; custom_padding=\u00bb||0px|||\u00bb][et_pb_row column_structure=\u00bb1_2,1_2&#8243; _builder_version=\u00bb4.0.7&#8243;][et_pb_column type=\u00bb1_2&#8243; _builder_version=\u00bb4.0.7&#8243;][et_pb_text _builder_version=\u00bb4.0.7&#8243; custom_padding_tablet=\u00bb\u00bb custom_padding_phone=\u00bb||0px||false|false\u00bb custom_padding_last_edited=\u00bbon|phone\u00bb]<\/p>\n<p style=\"text-align: justify;\"><span style=\"font-weight: 400;\">El Piuray Outdoor Centre se encuentra a orillas del impresionante lago Piuray, a solo 45 minutos en coche de Cusco, en la ruta al Valle Sagrado. Este proyecto de actividad al aire libre se fund\u00f3 sobre una visi\u00f3n de turismo social y ambientalmente consciente. El resultado es un entorno espectacular, el mejor equipo y gu\u00edas de calidad, y la oportunidad de experimentar la cultura andina desde un punto de vista \u00fanico &#8211; el agua!<\/span><\/p>\n<p style=\"text-align: justify;\"><span style=\"font-weight: 400;\">Un poco de SUP Boarding o Canoa en el Lago Piuray es una maravillosa parada en el camino hacia el Valle Sagrado o Machu Picchu. Podemos ayudarle a conectar este tour con nuestras muchas otras experiencias de viaje culturalmente inmersivas en la zona. <\/span><\/p>\n<p class=\"p1\" style=\"text-align: justify;\">Reserve <a href=\"http:\/\/culturavivaperu.com\/book-tour-here\/\">aqu\u00ed<\/a> o lea m\u00e1s sobre la experiencia de aprendizaje a continuaci\u00f3n.<\/p>\n<p>[\/et_pb_text][\/et_pb_column][et_pb_column type=\u00bb1_2&#8243; _builder_version=\u00bb4.0.7&#8243;][et_pb_image src=\u00bbhttp:\/\/culturavivaperu.com\/wp-content\/uploads\/2020\/03\/Piuray-Outdoor-Centre-SUP-Boarding-Cusco.jpg\u00bb _builder_version=\u00bb4.0.7&#8243;][\/et_pb_image][\/et_pb_column][\/et_pb_row][\/et_pb_section][et_pb_section fb_built=\u00bb1&#8243; _builder_version=\u00bb4.0.7&#8243; custom_padding=\u00bb0px||0px|||\u00bb][et_pb_row custom_padding_last_edited=\u00bbon|phone\u00bb _builder_version=\u00bb4.0.7&#8243; custom_padding_tablet=\u00bb\u00bb custom_padding_phone=\u00bb0px||||false|false\u00bb][et_pb_column type=\u00bb4_4&#8243; _builder_version=\u00bb4.0.7&#8243;][et_pb_text _builder_version=\u00bb4.4.4&#8243; custom_padding_tablet=\u00bb\u00bb custom_padding_phone=\u00bb0px||||false|false\u00bb custom_padding_last_edited=\u00bbon|phone\u00bb hover_enabled=\u00bb0&#8243;]<\/p>\n<p style=\"text-align: justify;\"><span style=\"font-weight: 400;\">El tour normalmente comenzar\u00eda saliendo de Cusco por la ma\u00f1ana y viajando al Lago Piuray con el transporte que organizamos para usted. Generalmente, el viaje es de unos 40 minutos. A su llegada, obtendr\u00e1 una introducci\u00f3n a la zona y una sesi\u00f3n informativa sobre la actividad acu\u00e1tica en la que est\u00e1 a punto de embarcarse. <\/span><span style=\"font-weight: 400;\">Hay todo tipo de recipientes de agua para la elecci\u00f3n y usted es libre de elegir el que m\u00e1s le convenga. <\/span><\/p>\n<p style=\"text-align: justify;\"><span style=\"font-weight: 400;\">Todo el equipo es de la m\u00e1s alta calidad, y bien cuidado, para asegurarse de que tiene la experiencia perfecta en el agua! Cada detalle ha sido considerado, hasta el protector solar org\u00e1nico que proporcionamos para asegurar el menor impacto ambiental posible para el lago. <\/span><span style=\"font-weight: 400;\">\u00a1A continuaci\u00f3n, nos llevamos al agua! Es una experiencia verdaderamente m\u00e1gica y una manera \u00fanica de empaparse de las impresionantes cordilleras de los Andes. <\/span><\/p>\n<p style=\"text-align: justify;\"><span style=\"font-weight: 400;\">Las orillas del lago Piuray est\u00e1n salpicadas de comunidades que viven con la tierra como es la tradici\u00f3n. Estas comunidades todav\u00eda cultivan org\u00e1nicamente en antiguas terrazas construidas en las laderas. Observarlos hacer sus deberes agr\u00edcolas diarios desde el agua es muy especial. <\/span><span style=\"font-weight: 400;\">La actividad dura entre 1 y 1,5 horas y despu\u00e9s tenemos la opci\u00f3n de almorzar aqu\u00ed a orillas del r\u00edo o avanzar hacia nuestro pr\u00f3ximo destino. <\/span><\/p>\n<p>[\/et_pb_text][\/et_pb_column][\/et_pb_row][\/et_pb_section][et_pb_section fb_built=\u00bb1&#8243; disabled_on=\u00bbon|on|off\u00bb _builder_version=\u00bb4.4.4&#8243; custom_padding=\u00bb0px||0px||true|false\u00bb][et_pb_row use_custom_gutter=\u00bbon\u00bb gutter_width=\u00bb1&#8243; make_equal=\u00bbon\u00bb _builder_version=\u00bb4.4.4&#8243; width=\u00bb100%\u00bb max_width=\u00bb2488px\u00bb][et_pb_column type=\u00bb4_4&#8243; _builder_version=\u00bb4.4.4&#8243;][et_pb_gallery gallery_ids=\u00bb4686,2731,2732,2733,2734,2735,2736,2737&#8243; posts_number=\u00bb8&#8243; orientation=\u00bbportrait\u00bb show_title_and_caption=\u00bboff\u00bb show_pagination=\u00bboff\u00bb zoom_icon_color=\u00bbrgba(0,0,0,0)\u00bb hover_overlay_color=\u00bbrgba(255,255,255,0.4)\u00bb hover_icon=\u00bb%%51%%\u00bb module_id=\u00bb.pa-image-gallery-1-1&#8243; _builder_version=\u00bb4.4.4&#8243; custom_css_gallery_item=\u00bbpadding: 2px;\u00bb][\/et_pb_gallery][\/et_pb_column][\/et_pb_row][\/et_pb_section][et_pb_section fb_built=\u00bb1&#8243; _builder_version=\u00bb4.0.7&#8243; custom_padding=\u00bb0px||0px||true|\u00bb][et_pb_row _builder_version=\u00bb4.0.7&#8243; custom_padding=\u00bb0px||||false|false\u00bb][et_pb_column type=\u00bb4_4&#8243; _builder_version=\u00bb4.0.7&#8243;][et_pb_gallery gallery_ids=\u00bb2731,2728,2729,4686,2732,2733,2734,2735,2736,2737&#8243; fullwidth=\u00bbon\u00bb disabled_on=\u00bboff|on|on\u00bb _builder_version=\u00bb4.4.4&#8243;][\/et_pb_gallery][\/et_pb_column][\/et_pb_row][\/et_pb_section][et_pb_section fb_built=\u00bb1&#8243; _builder_version=\u00bb4.0.7&#8243; custom_padding=\u00bb0px|||||\u00bb][et_pb_row column_structure=\u00bb2_5,3_5&#8243; use_custom_gutter=\u00bbon\u00bb gutter_width=\u00bb1&#8243; _builder_version=\u00bb4.0.7&#8243; width=\u00bb100%\u00bb max_width=\u00bb80%\u00bb][et_pb_column type=\u00bb2_5&#8243; _builder_version=\u00bb4.0.7&#8243;][et_pb_text _builder_version=\u00bb4.0.7&#8243; header_3_font=\u00bbDidact Gothic|700|||||||\u00bb header_3_text_align=\u00bbcenter\u00bb header_3_text_color=\u00bb#ef5f3d\u00bb header_3_font_size=\u00bb26px\u00bb custom_padding=\u00bb||||true|true\u00bb header_3_font_size_tablet=\u00bb\u00bb header_3_font_size_phone=\u00bb\u00bb header_3_font_size_last_edited=\u00bbon|phone\u00bb]<\/p>\n<h3>Precios <\/h3>\n<p>[\/et_pb_text][et_pb_accordion icon_color=\u00bb#ef5f3d\u00bb _builder_version=\u00bb4.0.7&#8243; toggle_font=\u00bbLato|700|||||||\u00bb max_width=\u00bb50%\u00bb max_width_tablet=\u00bb60%\u00bb max_width_phone=\u00bb75%\u00bb max_width_last_edited=\u00bbon|desktop\u00bb module_alignment=\u00bbcenter\u00bb][et_pb_accordion_item title=\u00bb2 Personas\u00bb open=\u00bbon\u00bb _builder_version=\u00bb4.0.7&#8243;][\/et_pb_accordion_item][et_pb_accordion_item title=\u00bb3 Personas\u00bb _builder_version=\u00bb4.0.7&#8243; open=\u00bboff\u00bb][\/et_pb_accordion_item][et_pb_accordion_item title=\u00bb4 Personas\u00bb _builder_version=\u00bb4.0.7&#8243; open=\u00bboff\u00bb][\/et_pb_accordion_item][et_pb_accordion_item title=\u00bb5+ Personas\u00bb _builder_version=\u00bb4.0.7&#8243; open=\u00bboff\u00bb][\/et_pb_accordion_item][\/et_pb_accordion][\/et_pb_column][et_pb_column type=\u00bb3_5&#8243; _builder_version=\u00bb4.0.7&#8243;][et_pb_text _builder_version=\u00bb4.0.7&#8243; text_font=\u00bb||||||||\u00bb custom_padding_tablet=\u00bb30px||||false|false\u00bb custom_padding_phone=\u00bb30px||||false|false\u00bb custom_padding_last_edited=\u00bbon|tablet\u00bb]<\/p>\n<p style=\"text-align: justify;\"><span style=\"color: #ff6600;\"><b>Incluido:<\/b><\/span><\/p>\n<ul class=\"ul1\" style=\"text-align: justify;\">\n<li class=\"li2\">\n<\/li>\n<\/ul>\n<p class=\"p2\" style=\"text-align: justify;\"><span style=\"color: #ff6600;\"><b>NO INCLUIDO:<\/b><\/span><\/p>\n<ul class=\"ul1\" style=\"text-align: justify;\">\n<li class=\"li2\">\n<\/li>\n<\/ul>\n<p class=\"p4\" style=\"text-align: justify;\"><span style=\"color: #ff6600;\"><b>\u00bfQUE ESENCIALES DEBO LLEVAR?<\/b><\/span><\/p>\n<p class=\"p2\" style=\"text-align: justify;\">Se recomienda llevar gafas de sol, protector solar con alto SPF, crema hidratante y sombrero, ropa c\u00f3moda para el d\u00eda, camisas de algod\u00f3n, desinfectante de manos y c\u00e1mara!<\/p>\n<p class=\"p2\" style=\"text-align: justify;\">Cuando vas m\u00e1s de 3500 metros siempre necesitas llevar una chaqueta de vell\u00f3n y una gruesa chaqueta de invierno por si acaso. \u00a1El viento es muy fresco a esa altitud!<\/p>\n<p>[\/et_pb_text][\/et_pb_column][\/et_pb_row][\/et_pb_section][et_pb_section fb_built=\u00bb1&#8243; _builder_version=\u00bb4.0.7&#8243; custom_padding=\u00bb0px|||||\u00bb][et_pb_row _builder_version=\u00bb4.0.7&#8243;][et_pb_column type=\u00bb4_4&#8243; _builder_version=\u00bb4.0.7&#8243;][et_pb_button button_url=\u00bb@ET-DC@eyJkeW5hbWljIjp0cnVlLCJjb250ZW50IjoicG9zdF9saW5rX3VybF9wYWdlIiwic2V0dGluZ3MiOnsicG9zdF9pZCI6IjE2NzUifX0=@\u00bb button_text=\u00bbReserve ahora\u00bb button_alignment=\u00bbcenter\u00bb _builder_version=\u00bb4.4.4&#8243; _dynamic_attributes=\u00bbbutton_url\u00bb custom_button=\u00bbon\u00bb button_text_size=\u00bb35px\u00bb button_text_color=\u00bb#ffffff\u00bb button_bg_use_color_gradient=\u00bbon\u00bb button_bg_color_gradient_start=\u00bb#419e1f\u00bb button_bg_color_gradient_end=\u00bb#1b8921&#8243; button_border_width=\u00bb0px\u00bb button_border_radius=\u00bb60px\u00bb button_font=\u00bbLato|700|||||||\u00bb button_icon=\u00bb%%20%%\u00bb][\/et_pb_button][\/et_pb_column][\/et_pb_row][\/et_pb_section]<\/p>\n","protected":false},"excerpt":{"rendered":"<p>[et_pb_section fb_built=\u00bb1&#8243; fullwidth=\u00bbon\u00bb _builder_version=\u00bb4.0.7&#8243; saved_tabs=\u00bball\u00bb][et_pb_fullwidth_slider use_bg_overlay=\u00bboff\u00bb _builder_version=\u00bb4.0.7&#8243; header_level=\u00bbh1&#8243; body_font=\u00bb|||on|||||\u00bb background_enable_color=\u00bboff\u00bb background_image=\u00bbhttps:\/\/culturavivaperu.com\/wp-content\/uploads\/2020\/04\/Chincheros-Cusco-Lake-Piuray.jpg\u00bb background_position=\u00bbcenter_left\u00bb content_width_last_edited=\u00bboff|phone\u00bb custom_margin=\u00bb||||false|false\u00bb custom_padding=\u00bb420px||30px||false|false\u00bb custom_padding_tablet=\u00bb440px||40px||false|false\u00bb custom_padding_phone=\u00bb350px||50px||false|false\u00bb custom_padding_last_edited=\u00bbon|phone\u00bb][et_pb_slide heading=\u00bbPiuray Outdoor Center\u00bb _builder_version=\u00bb4.0.7&#8243; header_level=\u00bbh1&#8243; header_font=\u00bbLato|900|||||||\u00bb header_text_align=\u00bbleft\u00bb header_text_color=\u00bb#ef5f3d\u00bb header_font_size=\u00bb40px\u00bb body_font=\u00bbDidact Gothic|700|||||||\u00bb body_text_align=\u00bbleft\u00bb body_font_size=\u00bb30px\u00bb body_letter_spacing=\u00bb3px\u00bb body_line_height=\u00bb1.3em\u00bb background_enable_color=\u00bboff\u00bb custom_button=\u00bbon\u00bb button_text_size=\u00bb18px\u00bb button_bg_use_color_gradient=\u00bbon\u00bb button_bg_color_gradient_start=\u00bb#348e3f\u00bb button_bg_color_gradient_end=\u00bb#3da546&#8243; button_border_color=\u00bb#348e3f\u00bb button_border_radius=\u00bb40px\u00bb button_letter_spacing=\u00bb2px\u00bb button_font=\u00bbLato|700|||||||\u00bb button_use_icon=\u00bbon\u00bb button_icon=\u00bb%%20%%\u00bb button_alignment=\u00bbleft\u00bb custom_padding=\u00bb|0px||0px|false|true\u00bb header_font_size_tablet=\u00bb36px\u00bb header_font_size_phone=\u00bb24px\u00bb header_font_size_last_edited=\u00bbon|phone\u00bb body_font_size_tablet=\u00bb26px\u00bb body_font_size_phone=\u00bb15px\u00bb body_font_size_last_edited=\u00bbon|phone\u00bb body_line_height_tablet=\u00bb\u00bb body_line_height_phone=\u00bb\u00bb [&hellip;]<\/p>\n","protected":false},"author":1,"featured_media":0,"parent":0,"menu_order":0,"comment_status":"closed","ping_status":"closed","template":"","meta":{"_et_pb_use_builder":"on","_et_pb_old_content":"","_et_gb_content_width":"","_monsterinsights_skip_tracking":false,"_monsterinsights_sitenote_active":false,"_monsterinsights_sitenote_note":"","_monsterinsights_sitenote_category":0,"footnotes":""},"class_list":["post-4684","page","type-page","status-publish","hentry"],"yoast_head":"<!-- This site is optimized with the Yoast SEO plugin v26.9 - https:\/\/yoast.com\/product\/yoast-seo-wordpress\/ -->\n<title>Piuray Outdoor Center - Cultura Viva Peru Travel<\/title>\n<meta name=\"robots\" content=\"index, follow, max-snippet:-1, max-image-preview:large, max-video-preview:-1\" \/>\n<link rel=\"canonical\" href=\"https:\/\/culturavivaperu.com\/es\/piuray-outdoor-center\/\" \/>\n<meta property=\"og:locale\" content=\"es_ES\" \/>\n<meta property=\"og:type\" content=\"article\" \/>\n<meta property=\"og:title\" content=\"Piuray Outdoor Center - Cultura Viva Peru Travel\" \/>\n<meta property=\"og:description\" content=\"[et_pb_section fb_built=\u00bb1&#8243; fullwidth=\u00bbon\u00bb _builder_version=\u00bb4.0.7&#8243; saved_tabs=\u00bball\u00bb][et_pb_fullwidth_slider use_bg_overlay=\u00bboff\u00bb _builder_version=\u00bb4.0.7&#8243; header_level=\u00bbh1&#8243; body_font=\u00bb|||on|||||\u00bb background_enable_color=\u00bboff\u00bb background_image=\u00bbhttps:\/\/culturavivaperu.com\/wp-content\/uploads\/2020\/04\/Chincheros-Cusco-Lake-Piuray.jpg\u00bb background_position=\u00bbcenter_left\u00bb content_width_last_edited=\u00bboff|phone\u00bb custom_margin=\u00bb||||false|false\u00bb custom_padding=\u00bb420px||30px||false|false\u00bb custom_padding_tablet=\u00bb440px||40px||false|false\u00bb custom_padding_phone=\u00bb350px||50px||false|false\u00bb custom_padding_last_edited=\u00bbon|phone\u00bb][et_pb_slide heading=\u00bbPiuray Outdoor Center\u00bb _builder_version=\u00bb4.0.7&#8243; header_level=\u00bbh1&#8243; header_font=\u00bbLato|900|||||||\u00bb header_text_align=\u00bbleft\u00bb header_text_color=\u00bb#ef5f3d\u00bb header_font_size=\u00bb40px\u00bb body_font=\u00bbDidact Gothic|700|||||||\u00bb body_text_align=\u00bbleft\u00bb body_font_size=\u00bb30px\u00bb body_letter_spacing=\u00bb3px\u00bb body_line_height=\u00bb1.3em\u00bb background_enable_color=\u00bboff\u00bb custom_button=\u00bbon\u00bb button_text_size=\u00bb18px\u00bb button_bg_use_color_gradient=\u00bbon\u00bb button_bg_color_gradient_start=\u00bb#348e3f\u00bb button_bg_color_gradient_end=\u00bb#3da546&#8243; button_border_color=\u00bb#348e3f\u00bb button_border_radius=\u00bb40px\u00bb button_letter_spacing=\u00bb2px\u00bb button_font=\u00bbLato|700|||||||\u00bb button_use_icon=\u00bbon\u00bb button_icon=\u00bb\u00bb button_alignment=\u00bbleft\u00bb custom_padding=\u00bb|0px||0px|false|true\u00bb header_font_size_tablet=\u00bb36px\u00bb header_font_size_phone=\u00bb24px\u00bb header_font_size_last_edited=\u00bbon|phone\u00bb body_font_size_tablet=\u00bb26px\u00bb body_font_size_phone=\u00bb15px\u00bb body_font_size_last_edited=\u00bbon|phone\u00bb body_line_height_tablet=\u00bb\u00bb body_line_height_phone=\u00bb\u00bb [&hellip;]\" \/>\n<meta property=\"og:url\" content=\"https:\/\/culturavivaperu.com\/es\/piuray-outdoor-center\/\" \/>\n<meta property=\"og:site_name\" content=\"Cultura Viva Peru Travel\" \/>\n<meta property=\"article:modified_time\" content=\"2020-05-02T21:38:39+00:00\" \/>\n<meta property=\"og:image\" content=\"https:\/\/culturavivaperu.com\/wp-content\/uploads\/2020\/03\/Cusco-Travel.jpg\" \/>\n<meta name=\"twitter:card\" content=\"summary_large_image\" \/>\n<meta name=\"twitter:image\" content=\"https:\/\/culturavivaperu.com\/wp-content\/uploads\/2020\/03\/Cusco-Travel.jpg\" \/>\n<meta name=\"twitter:label1\" content=\"Tiempo de lectura\" \/>\n\t<meta name=\"twitter:data1\" content=\"7 minutos\" \/>\n<script type=\"application\/ld+json\" class=\"yoast-schema-graph\">{\"@context\":\"https:\/\/schema.org\",\"@graph\":[{\"@type\":\"WebPage\",\"@id\":\"https:\/\/culturavivaperu.com\/es\/piuray-outdoor-center\/\",\"url\":\"https:\/\/culturavivaperu.com\/es\/piuray-outdoor-center\/\",\"name\":\"Piuray Outdoor Center - Cultura Viva Peru Travel\",\"isPartOf\":{\"@id\":\"https:\/\/culturavivaperu.com\/es\/#website\"},\"datePublished\":\"2020-05-02T21:38:00+00:00\",\"dateModified\":\"2020-05-02T21:38:39+00:00\",\"breadcrumb\":{\"@id\":\"https:\/\/culturavivaperu.com\/es\/piuray-outdoor-center\/#breadcrumb\"},\"inLanguage\":\"es\",\"potentialAction\":[{\"@type\":\"ReadAction\",\"target\":[\"https:\/\/culturavivaperu.com\/es\/piuray-outdoor-center\/\"]}]},{\"@type\":\"BreadcrumbList\",\"@id\":\"https:\/\/culturavivaperu.com\/es\/piuray-outdoor-center\/#breadcrumb\",\"itemListElement\":[{\"@type\":\"ListItem\",\"position\":1,\"name\":\"Home\",\"item\":\"https:\/\/culturavivaperu.com\/es\/peru-travel-cultura-viva-peru-tours-educativos-con-alma-y-proposito\/\"},{\"@type\":\"ListItem\",\"position\":2,\"name\":\"Piuray Outdoor Center\"}]},{\"@type\":\"WebSite\",\"@id\":\"https:\/\/culturavivaperu.com\/es\/#website\",\"url\":\"https:\/\/culturavivaperu.com\/es\/\",\"name\":\"Cultura Viva Peru Travel\",\"description\":\"Sustainable Travel Experiences in Peru\",\"potentialAction\":[{\"@type\":\"SearchAction\",\"target\":{\"@type\":\"EntryPoint\",\"urlTemplate\":\"https:\/\/culturavivaperu.com\/es\/?s={search_term_string}\"},\"query-input\":{\"@type\":\"PropertyValueSpecification\",\"valueRequired\":true,\"valueName\":\"search_term_string\"}}],\"inLanguage\":\"es\"}]}<\/script>\n<!-- \/ Yoast SEO plugin. -->","yoast_head_json":{"title":"Piuray Outdoor Center - Cultura Viva Peru Travel","robots":{"index":"index","follow":"follow","max-snippet":"max-snippet:-1","max-image-preview":"max-image-preview:large","max-video-preview":"max-video-preview:-1"},"canonical":"https:\/\/culturavivaperu.com\/es\/piuray-outdoor-center\/","og_locale":"es_ES","og_type":"article","og_title":"Piuray Outdoor Center - Cultura Viva Peru Travel","og_description":"[et_pb_section fb_built=\u00bb1&#8243; fullwidth=\u00bbon\u00bb _builder_version=\u00bb4.0.7&#8243; saved_tabs=\u00bball\u00bb][et_pb_fullwidth_slider use_bg_overlay=\u00bboff\u00bb _builder_version=\u00bb4.0.7&#8243; header_level=\u00bbh1&#8243; body_font=\u00bb|||on|||||\u00bb background_enable_color=\u00bboff\u00bb background_image=\u00bbhttps:\/\/culturavivaperu.com\/wp-content\/uploads\/2020\/04\/Chincheros-Cusco-Lake-Piuray.jpg\u00bb background_position=\u00bbcenter_left\u00bb content_width_last_edited=\u00bboff|phone\u00bb custom_margin=\u00bb||||false|false\u00bb custom_padding=\u00bb420px||30px||false|false\u00bb custom_padding_tablet=\u00bb440px||40px||false|false\u00bb custom_padding_phone=\u00bb350px||50px||false|false\u00bb custom_padding_last_edited=\u00bbon|phone\u00bb][et_pb_slide heading=\u00bbPiuray Outdoor Center\u00bb _builder_version=\u00bb4.0.7&#8243; header_level=\u00bbh1&#8243; header_font=\u00bbLato|900|||||||\u00bb header_text_align=\u00bbleft\u00bb header_text_color=\u00bb#ef5f3d\u00bb header_font_size=\u00bb40px\u00bb body_font=\u00bbDidact Gothic|700|||||||\u00bb body_text_align=\u00bbleft\u00bb body_font_size=\u00bb30px\u00bb body_letter_spacing=\u00bb3px\u00bb body_line_height=\u00bb1.3em\u00bb background_enable_color=\u00bboff\u00bb custom_button=\u00bbon\u00bb button_text_size=\u00bb18px\u00bb button_bg_use_color_gradient=\u00bbon\u00bb button_bg_color_gradient_start=\u00bb#348e3f\u00bb button_bg_color_gradient_end=\u00bb#3da546&#8243; button_border_color=\u00bb#348e3f\u00bb button_border_radius=\u00bb40px\u00bb button_letter_spacing=\u00bb2px\u00bb button_font=\u00bbLato|700|||||||\u00bb button_use_icon=\u00bbon\u00bb button_icon=\u00bb\u00bb button_alignment=\u00bbleft\u00bb custom_padding=\u00bb|0px||0px|false|true\u00bb header_font_size_tablet=\u00bb36px\u00bb header_font_size_phone=\u00bb24px\u00bb header_font_size_last_edited=\u00bbon|phone\u00bb body_font_size_tablet=\u00bb26px\u00bb body_font_size_phone=\u00bb15px\u00bb body_font_size_last_edited=\u00bbon|phone\u00bb body_line_height_tablet=\u00bb\u00bb body_line_height_phone=\u00bb\u00bb [&hellip;]","og_url":"https:\/\/culturavivaperu.com\/es\/piuray-outdoor-center\/","og_site_name":"Cultura Viva Peru Travel","article_modified_time":"2020-05-02T21:38:39+00:00","og_image":[{"url":"https:\/\/culturavivaperu.com\/wp-content\/uploads\/2020\/03\/Cusco-Travel.jpg","type":"","width":"","height":""}],"twitter_card":"summary_large_image","twitter_image":"https:\/\/culturavivaperu.com\/wp-content\/uploads\/2020\/03\/Cusco-Travel.jpg","twitter_misc":{"Tiempo de lectura":"7 minutos"},"schema":{"@context":"https:\/\/schema.org","@graph":[{"@type":"WebPage","@id":"https:\/\/culturavivaperu.com\/es\/piuray-outdoor-center\/","url":"https:\/\/culturavivaperu.com\/es\/piuray-outdoor-center\/","name":"Piuray Outdoor Center - Cultura Viva Peru Travel","isPartOf":{"@id":"https:\/\/culturavivaperu.com\/es\/#website"},"datePublished":"2020-05-02T21:38:00+00:00","dateModified":"2020-05-02T21:38:39+00:00","breadcrumb":{"@id":"https:\/\/culturavivaperu.com\/es\/piuray-outdoor-center\/#breadcrumb"},"inLanguage":"es","potentialAction":[{"@type":"ReadAction","target":["https:\/\/culturavivaperu.com\/es\/piuray-outdoor-center\/"]}]},{"@type":"BreadcrumbList","@id":"https:\/\/culturavivaperu.com\/es\/piuray-outdoor-center\/#breadcrumb","itemListElement":[{"@type":"ListItem","position":1,"name":"Home","item":"https:\/\/culturavivaperu.com\/es\/peru-travel-cultura-viva-peru-tours-educativos-con-alma-y-proposito\/"},{"@type":"ListItem","position":2,"name":"Piuray Outdoor Center"}]},{"@type":"WebSite","@id":"https:\/\/culturavivaperu.com\/es\/#website","url":"https:\/\/culturavivaperu.com\/es\/","name":"Cultura Viva Peru Travel","description":"Sustainable Travel Experiences in Peru","potentialAction":[{"@type":"SearchAction","target":{"@type":"EntryPoint","urlTemplate":"https:\/\/culturavivaperu.com\/es\/?s={search_term_string}"},"query-input":{"@type":"PropertyValueSpecification","valueRequired":true,"valueName":"search_term_string"}}],"inLanguage":"es"}]}},"jetpack_sharing_enabled":true,"_links":{"self":[{"href":"https:\/\/culturavivaperu.com\/es\/wp-json\/wp\/v2\/pages\/4684","targetHints":{"allow":["GET"]}}],"collection":[{"href":"https:\/\/culturavivaperu.com\/es\/wp-json\/wp\/v2\/pages"}],"about":[{"href":"https:\/\/culturavivaperu.com\/es\/wp-json\/wp\/v2\/types\/page"}],"author":[{"embeddable":true,"href":"https:\/\/culturavivaperu.com\/es\/wp-json\/wp\/v2\/users\/1"}],"replies":[{"embeddable":true,"href":"https:\/\/culturavivaperu.com\/es\/wp-json\/wp\/v2\/comments?post=4684"}],"version-history":[{"count":5,"href":"https:\/\/culturavivaperu.com\/es\/wp-json\/wp\/v2\/pages\/4684\/revisions"}],"predecessor-version":[{"id":4691,"href":"https:\/\/culturavivaperu.com\/es\/wp-json\/wp\/v2\/pages\/4684\/revisions\/4691"}],"wp:attachment":[{"href":"https:\/\/culturavivaperu.com\/es\/wp-json\/wp\/v2\/media?parent=4684"}],"curies":[{"name":"wp","href":"https:\/\/api.w.org\/{rel}","templated":true}]}}