{"id":4668,"date":"2020-05-02T22:32:05","date_gmt":"2020-05-02T21:32:05","guid":{"rendered":"https:\/\/culturavivaperu.com\/urban-food-garden-and-investigation-project-cusco\/"},"modified":"2020-05-02T22:32:07","modified_gmt":"2020-05-02T21:32:07","slug":"urban-food-garden-and-investigation-project-cusco","status":"publish","type":"page","link":"https:\/\/culturavivaperu.com\/es\/urban-food-garden-and-investigation-project-cusco\/","title":{"rendered":"Urban Food Garden and Investigation Project &#8211; Cusco"},"content":{"rendered":"<p>[et_pb_section fb_built=\u00bb1&#8243; fullwidth=\u00bbon\u00bb _builder_version=\u00bb4.0.7&#8243; saved_tabs=\u00bball\u00bb][et_pb_fullwidth_slider use_bg_overlay=\u00bboff\u00bb _builder_version=\u00bb4.0.7&#8243; header_level=\u00bbh1&#8243; body_font=\u00bb|||on|||||\u00bb body_text_color=\u00bb#0c0c0c\u00bb background_enable_color=\u00bboff\u00bb background_image=\u00bbhttps:\/\/culturavivaperu.com\/wp-content\/uploads\/2020\/04\/Tours-that-matter-Cusco-Peru-Travel-1.jpg\u00bb content_width_last_edited=\u00bboff|phone\u00bb custom_margin=\u00bb||||false|false\u00bb custom_padding=\u00bb460px||30px||false|false\u00bb custom_padding_tablet=\u00bb440px||40px||false|false\u00bb custom_padding_phone=\u00bb350px||50px||false|false\u00bb custom_padding_last_edited=\u00bbon|phone\u00bb][et_pb_slide heading=\u00bbProyecto Alimentario Urbano Cusco\u00bb _builder_version=\u00bb4.0.7&#8243; header_level=\u00bbh1&#8243; header_font=\u00bbLato|900|||||||\u00bb header_text_align=\u00bbleft\u00bb header_text_color=\u00bb#ef5f3d\u00bb header_font_size=\u00bb40px\u00bb body_font=\u00bbDidact Gothic|700|||||||\u00bb body_text_align=\u00bbleft\u00bb body_text_color=\u00bb#ffffff\u00bb body_font_size=\u00bb28px\u00bb body_letter_spacing=\u00bb3px\u00bb body_line_height=\u00bb1.3em\u00bb background_enable_color=\u00bboff\u00bb custom_button=\u00bbon\u00bb button_text_size=\u00bb18px\u00bb button_bg_use_color_gradient=\u00bbon\u00bb button_bg_color_gradient_start=\u00bb#348e3f\u00bb button_bg_color_gradient_end=\u00bb#3da546&#8243; button_border_color=\u00bb#348e3f\u00bb button_border_radius=\u00bb40px\u00bb button_letter_spacing=\u00bb2px\u00bb button_font=\u00bbLato|700|||||||\u00bb button_use_icon=\u00bbon\u00bb button_icon=\u00bb%%20%%\u00bb button_alignment=\u00bbleft\u00bb custom_padding=\u00bb|0px||0px|false|true\u00bb header_font_size_tablet=\u00bb30px\u00bb header_font_size_phone=\u00bb24px\u00bb header_font_size_last_edited=\u00bbon|tablet\u00bb body_font_size_tablet=\u00bb26px\u00bb body_font_size_phone=\u00bb15px\u00bb body_font_size_last_edited=\u00bbon|phone\u00bb body_line_height_tablet=\u00bb\u00bb body_line_height_phone=\u00bb\u00bb body_line_height_last_edited=\u00bbon|desktop\u00bb button_text_size_tablet=\u00bb18px\u00bb button_text_size_phone=\u00bb14px\u00bb button_text_size_last_edited=\u00bbon|desktop\u00bb]<\/p>\n<p><strong>\u00a1Aprende sobre el activismo alimentario y la preservaci\u00f3n de alimentos antiguos!<\/strong><\/p>\n<p>[\/et_pb_slide][\/et_pb_fullwidth_slider][\/et_pb_section][et_pb_section fb_built=\u00bb1&#8243; _builder_version=\u00bb4.0.7&#8243; custom_padding=\u00bb||0px|||\u00bb][et_pb_row column_structure=\u00bb1_2,1_2&#8243; _builder_version=\u00bb4.0.7&#8243;][et_pb_column type=\u00bb1_2&#8243; _builder_version=\u00bb4.0.7&#8243;][et_pb_text _builder_version=\u00bb4.4.4&#8243; custom_padding_tablet=\u00bb\u00bb custom_padding_phone=\u00bb||0px||false|false\u00bb custom_padding_last_edited=\u00bbon|phone\u00bb hover_enabled=\u00bb0&#8243;]<\/p>\n<p style=\"text-align: justify;\"><span style=\"font-weight: 400;\">Roberto es historiador, caricaturista y activista, ha publicado varios art\u00edculos y libros sobre historia, cultura andina y movimientos sociales. Claudia es educadora comunitaria, cocinera y activista. Ambos han estado involucrados en movimientos ambientales, culturales, de g\u00e9nero y de soberan\u00eda alimentaria durante a\u00f1os. <\/span><\/p>\n<p style=\"text-align: justify;\"><span style=\"font-weight: 400;\">Juntos Roberto y Claudia han creado la iniciativa Mihuna Kachun Solidarity Food Basket y forman parte de la red Muhu Ayllu Free Seeds. Co-organizan eventos acad\u00e9micos y culturales y est\u00e1n desarrollando investigaciones sobre la recuperaci\u00f3n de las pr\u00e1cticas alimentarias tradicionales andinas. <\/span><\/p>\n<p style=\"text-align: justify;\">Reserve <a href=\"http:\/\/culturavivaperu.com\/book-tour-here\/\">aqu\u00ed<\/a> o lea m\u00e1s sobre la experiencia de aprendizaje a continuaci\u00f3n.<\/p>\n<p class=\"p1\">\n[\/et_pb_text][\/et_pb_column][et_pb_column type=\u00bb1_2&#8243; _builder_version=\u00bb4.0.7&#8243;][et_pb_image src=\u00bbhttps:\/\/culturavivaperu.com\/wp-content\/uploads\/2020\/03\/Claudia-And-Roberto-Organic-Farming-Cusco-1.jpg\u00bb _builder_version=\u00bb4.0.7&#8243;][\/et_pb_image][\/et_pb_column][\/et_pb_row][\/et_pb_section][et_pb_section fb_built=\u00bb1&#8243; _builder_version=\u00bb4.0.7&#8243; custom_padding=\u00bb0px||0px|||\u00bb][et_pb_row custom_padding_last_edited=\u00bbon|phone\u00bb _builder_version=\u00bb4.0.7&#8243; custom_padding_tablet=\u00bb\u00bb custom_padding_phone=\u00bb0px||||false|false\u00bb][et_pb_column type=\u00bb4_4&#8243; _builder_version=\u00bb4.0.7&#8243;][et_pb_text _builder_version=\u00bb4.4.4&#8243; custom_padding_tablet=\u00bb\u00bb custom_padding_phone=\u00bb0px||||false|false\u00bb custom_padding_last_edited=\u00bbon|phone\u00bb hover_enabled=\u00bb0&#8243;]<\/p>\n<h2 style=\"text-align: justify;\"><span style=\"font-weight: 400;\">Cestas de alimentos solidarios Mihuna Kachun<\/span><\/h2>\n<p style=\"text-align: justify;\"><span style=\"font-weight: 400;\">Claudia y Roberto son una pareja visionaria que comparten una inmensa pasi\u00f3n por recuperar el conocimiento de nuestra antigua cultura andina. Han creado Canastas Solidarias como una iniciativa que lucha por la soberan\u00eda alimentaria y la autonom\u00eda. Su idea es recuperar las pr\u00e1cticas alimentarias de nuestros antepasados. <\/span><\/p>\n<p style=\"text-align: justify;\"><span style=\"font-weight: 400;\">Realmente practican los principios y valores que ense\u00f1an y disfrutan compartiendo generosamente su experiencia en permacultura y formas tradicionales de preservar y combinar alimentos. Tambi\u00e9n est\u00e1n trabajando en la recuperaci\u00f3n del conocimiento perdido sobre las plantas comestibles silvestres de los Andes, as\u00ed como en la protecci\u00f3n de la biodiversidad de las plantas comestibles. <\/span><\/p>\n<p style=\"text-align: justify;\"><span style=\"font-weight: 400;\">Claudia y Roberto consideran importante compartir sus conocimientos e inspirar a otros a ser m\u00e1s autosostenibles y aut\u00f3nomos. <\/span><span style=\"font-weight: 400;\"> <\/span><\/p>\n<p>[\/et_pb_text][\/et_pb_column][\/et_pb_row][\/et_pb_section][et_pb_section fb_built=\u00bb1&#8243; disabled_on=\u00bbon|on|off\u00bb _builder_version=\u00bb4.4.4&#8243; custom_padding=\u00bb0px||0px||true|false\u00bb][et_pb_row use_custom_gutter=\u00bbon\u00bb gutter_width=\u00bb1&#8243; make_equal=\u00bbon\u00bb _builder_version=\u00bb4.4.4&#8243; width=\u00bb100%\u00bb max_width=\u00bb2488px\u00bb][et_pb_column type=\u00bb4_4&#8243; _builder_version=\u00bb4.4.4&#8243;][et_pb_gallery gallery_ids=\u00bb2651,2652,2653,2654,2655,2656,2657,2658&#8243; posts_number=\u00bb8&#8243; orientation=\u00bbportrait\u00bb show_title_and_caption=\u00bboff\u00bb show_pagination=\u00bboff\u00bb zoom_icon_color=\u00bbrgba(0,0,0,0)\u00bb hover_overlay_color=\u00bbrgba(255,255,255,0.4)\u00bb hover_icon=\u00bb%%51%%\u00bb module_id=\u00bb.pa-image-gallery-1-1&#8243; _builder_version=\u00bb4.4.4&#8243; custom_css_gallery_item=\u00bbpadding: 2px;\u00bb][\/et_pb_gallery][\/et_pb_column][\/et_pb_row][\/et_pb_section][et_pb_section fb_built=\u00bb1&#8243; _builder_version=\u00bb4.0.7&#8243; custom_padding=\u00bb0px||0px||true|\u00bb][et_pb_row _builder_version=\u00bb4.0.7&#8243; custom_padding=\u00bb0px||||false|false\u00bb][et_pb_column type=\u00bb4_4&#8243; _builder_version=\u00bb4.0.7&#8243;][et_pb_gallery gallery_ids=\u00bb2655,2649,2651,2652,2653,2654,2656,2657,2658,2661&#8243; fullwidth=\u00bbon\u00bb disabled_on=\u00bboff|on|on\u00bb _builder_version=\u00bb4.4.4&#8243;][\/et_pb_gallery][\/et_pb_column][\/et_pb_row][\/et_pb_section][et_pb_section fb_built=\u00bb1&#8243; _builder_version=\u00bb4.0.7&#8243; custom_padding=\u00bb0px||0px|||\u00bb][et_pb_row custom_padding_last_edited=\u00bbon|phone\u00bb _builder_version=\u00bb4.0.7&#8243; custom_padding_tablet=\u00bb\u00bb custom_padding_phone=\u00bb0px||||false|false\u00bb][et_pb_column type=\u00bb4_4&#8243; _builder_version=\u00bb4.0.7&#8243;][et_pb_text _builder_version=\u00bb4.0.7&#8243; custom_padding_tablet=\u00bb\u00bb custom_padding_phone=\u00bb0px||||false|false\u00bb custom_padding_last_edited=\u00bbon|phone\u00bb]<\/p>\n<p style=\"text-align: justify;\"><span>Una visita al proyecto de agricultura urbana de Claudia y Roberto es una magn\u00edfica educaci\u00f3n en alimentaci\u00f3n consciente, jardiner\u00eda, preservaci\u00f3n de alimentos y activismo alimentario. Apoya este hermoso proyecto visitando a Claudia y Roberto que ofrecen su hogar y jard\u00edn como espacio de taller. Todos son bienvenidos, incluyendo familias, ni\u00f1os, j\u00f3venes y mayores. <\/span><\/p>\n<h2><span><\/span><\/h2>\n<h2><span><\/span><\/h2>\n<h2><span>Actividades y productos ofrecidos:<\/span><span style=\"font-weight: 400;\"><\/span><\/h2>\n<ul>\n<li style=\"font-weight: 400;\"><span style=\"font-weight: 400;\">Talleres sobre alimentos conscientes, conservaci\u00f3n de alimentos, fermentaci\u00f3n, combinaci\u00f3n y mejora de alimentos de acuerdo con pr\u00e1cticas ancestrales, plantas comestibles silvestres y cocina.<\/span><\/li>\n<li style=\"font-weight: 400;\"><span style=\"font-weight: 400;\">Producen y venden condimentos naturales, sopas instant\u00e1neas, fermentadores, cremas dulces, harinas y alimentos deshidratados.<\/span><\/li>\n<li style=\"font-weight: 400;\"><span style=\"font-weight: 400;\">Sus publicaciones para audiencias de diferentes edades tambi\u00e9n est\u00e1n a la venta (libros e historias con informaci\u00f3n educativa sobre ecosistemas y biodiversidad, alimentos, t\u00e9cnicas de conservaci\u00f3n de alimentos).<\/span><\/li>\n<\/ul>\n<p>[\/et_pb_text][\/et_pb_column][\/et_pb_row][\/et_pb_section][et_pb_section fb_built=\u00bb1&#8243; _builder_version=\u00bb4.0.7&#8243; custom_padding=\u00bb0px|||||\u00bb][et_pb_row column_structure=\u00bb2_5,3_5&#8243; use_custom_gutter=\u00bbon\u00bb gutter_width=\u00bb1&#8243; _builder_version=\u00bb4.0.7&#8243; width=\u00bb100%\u00bb max_width=\u00bb80%\u00bb][et_pb_column type=\u00bb2_5&#8243; _builder_version=\u00bb4.0.7&#8243;][et_pb_text _builder_version=\u00bb4.0.7&#8243; header_3_font=\u00bbDidact Gothic|700|||||||\u00bb header_3_text_align=\u00bbcenter\u00bb header_3_text_color=\u00bb#ef5f3d\u00bb header_3_font_size=\u00bb26px\u00bb custom_padding=\u00bb||||true|true\u00bb header_3_font_size_tablet=\u00bb\u00bb header_3_font_size_phone=\u00bb\u00bb header_3_font_size_last_edited=\u00bbon|phone\u00bb]<\/p>\n<h3>Precios <\/h3>\n<p>[\/et_pb_text][et_pb_accordion icon_color=\u00bb#ef5f3d\u00bb _builder_version=\u00bb4.0.7&#8243; toggle_font=\u00bbLato|700|||||||\u00bb max_width=\u00bb50%\u00bb max_width_tablet=\u00bb60%\u00bb max_width_phone=\u00bb75%\u00bb max_width_last_edited=\u00bbon|desktop\u00bb module_alignment=\u00bbcenter\u00bb][et_pb_accordion_item title=\u00bb1-5 Personas\u00bb open=\u00bbon\u00bb _builder_version=\u00bb4.0.7&#8243;][\/et_pb_accordion_item][et_pb_accordion_item title=\u00bb6+ Personas\u00bb _builder_version=\u00bb4.0.7&#8243; open=\u00bboff\u00bb][\/et_pb_accordion_item][\/et_pb_accordion][\/et_pb_column][et_pb_column type=\u00bb3_5&#8243; _builder_version=\u00bb4.0.7&#8243;][et_pb_text _builder_version=\u00bb4.0.7&#8243; text_font=\u00bb||||||||\u00bb custom_padding_tablet=\u00bb30px||||false|false\u00bb custom_padding_phone=\u00bb30px||||false|false\u00bb custom_padding_last_edited=\u00bbon|tablet\u00bb]<\/p>\n<p style=\"text-align: justify;\"><span style=\"color: #ff6600;\"><b>Incluido:<\/b><\/span><\/p>\n<ul class=\"ul1\" style=\"text-align: justify;\">\n<li class=\"li2\">\n<\/li>\n<\/ul>\n<p class=\"p2\" style=\"text-align: justify;\"><span style=\"color: #ff6600;\"><b>NO INCLUIDO:<\/b><\/span><\/p>\n<ul class=\"ul1\" style=\"text-align: justify;\">\n<li class=\"li2\">\n<\/li>\n<\/ul>\n<p>[\/et_pb_text][\/et_pb_column][\/et_pb_row][\/et_pb_section][et_pb_section fb_built=\u00bb1&#8243; _builder_version=\u00bb4.0.7&#8243; custom_padding=\u00bb0px|||||\u00bb][et_pb_row _builder_version=\u00bb4.0.7&#8243;][et_pb_column type=\u00bb4_4&#8243; _builder_version=\u00bb4.0.7&#8243;][et_pb_button button_url=\u00bb@ET-DC@eyJkeW5hbWljIjp0cnVlLCJjb250ZW50IjoicG9zdF9saW5rX3VybF9wYWdlIiwic2V0dGluZ3MiOnsicG9zdF9pZCI6IjE2NzUifX0=@\u00bb button_text=\u00bbReserve ahora\u00bb button_alignment=\u00bbcenter\u00bb _builder_version=\u00bb4.4.4&#8243; _dynamic_attributes=\u00bbbutton_url\u00bb custom_button=\u00bbon\u00bb button_text_size=\u00bb35px\u00bb button_text_color=\u00bb#ffffff\u00bb button_bg_use_color_gradient=\u00bbon\u00bb button_bg_color_gradient_start=\u00bb#419e1f\u00bb button_bg_color_gradient_end=\u00bb#1b8921&#8243; button_border_width=\u00bb0px\u00bb button_border_radius=\u00bb60px\u00bb button_font=\u00bbLato|700|||||||\u00bb button_icon=\u00bb%%20%%\u00bb][\/et_pb_button][\/et_pb_column][\/et_pb_row][\/et_pb_section]<\/p>\n","protected":false},"excerpt":{"rendered":"<p>[et_pb_section fb_built=\u00bb1&#8243; fullwidth=\u00bbon\u00bb _builder_version=\u00bb4.0.7&#8243; saved_tabs=\u00bball\u00bb][et_pb_fullwidth_slider use_bg_overlay=\u00bboff\u00bb _builder_version=\u00bb4.0.7&#8243; header_level=\u00bbh1&#8243; body_font=\u00bb|||on|||||\u00bb body_text_color=\u00bb#0c0c0c\u00bb background_enable_color=\u00bboff\u00bb background_image=\u00bbhttps:\/\/culturavivaperu.com\/wp-content\/uploads\/2020\/04\/Tours-that-matter-Cusco-Peru-Travel-1.jpg\u00bb content_width_last_edited=\u00bboff|phone\u00bb custom_margin=\u00bb||||false|false\u00bb custom_padding=\u00bb460px||30px||false|false\u00bb custom_padding_tablet=\u00bb440px||40px||false|false\u00bb custom_padding_phone=\u00bb350px||50px||false|false\u00bb custom_padding_last_edited=\u00bbon|phone\u00bb][et_pb_slide heading=\u00bbProyecto Alimentario Urbano Cusco\u00bb _builder_version=\u00bb4.0.7&#8243; header_level=\u00bbh1&#8243; header_font=\u00bbLato|900|||||||\u00bb header_text_align=\u00bbleft\u00bb header_text_color=\u00bb#ef5f3d\u00bb header_font_size=\u00bb40px\u00bb body_font=\u00bbDidact Gothic|700|||||||\u00bb body_text_align=\u00bbleft\u00bb body_text_color=\u00bb#ffffff\u00bb body_font_size=\u00bb28px\u00bb body_letter_spacing=\u00bb3px\u00bb body_line_height=\u00bb1.3em\u00bb background_enable_color=\u00bboff\u00bb custom_button=\u00bbon\u00bb button_text_size=\u00bb18px\u00bb button_bg_use_color_gradient=\u00bbon\u00bb button_bg_color_gradient_start=\u00bb#348e3f\u00bb button_bg_color_gradient_end=\u00bb#3da546&#8243; button_border_color=\u00bb#348e3f\u00bb button_border_radius=\u00bb40px\u00bb button_letter_spacing=\u00bb2px\u00bb button_font=\u00bbLato|700|||||||\u00bb button_use_icon=\u00bbon\u00bb button_icon=\u00bb%%20%%\u00bb button_alignment=\u00bbleft\u00bb custom_padding=\u00bb|0px||0px|false|true\u00bb header_font_size_tablet=\u00bb30px\u00bb header_font_size_phone=\u00bb24px\u00bb header_font_size_last_edited=\u00bbon|tablet\u00bb body_font_size_tablet=\u00bb26px\u00bb body_font_size_phone=\u00bb15px\u00bb body_font_size_last_edited=\u00bbon|phone\u00bb [&hellip;]<\/p>\n","protected":false},"author":1,"featured_media":0,"parent":0,"menu_order":0,"comment_status":"closed","ping_status":"closed","template":"","meta":{"_et_pb_use_builder":"on","_et_pb_old_content":"","_et_gb_content_width":"","_monsterinsights_skip_tracking":false,"_monsterinsights_sitenote_active":false,"_monsterinsights_sitenote_note":"","_monsterinsights_sitenote_category":0,"footnotes":""},"class_list":["post-4668","page","type-page","status-publish","hentry"],"yoast_head":"<!-- This site is optimized with the Yoast SEO plugin v26.9 - https:\/\/yoast.com\/product\/yoast-seo-wordpress\/ -->\n<title>Cultura Viva Per\u00fa Viajes Proyecto Granja Urbana Cusco<\/title>\n<meta name=\"description\" content=\"El proyecto de Claudia &amp; Roberto se centra en investigar especies silvestres comestibles y las formas en que los alimentos se conservaron en los Andes hist\u00f3ricamente.\" \/>\n<meta name=\"robots\" content=\"index, follow, max-snippet:-1, max-image-preview:large, max-video-preview:-1\" \/>\n<link rel=\"canonical\" href=\"https:\/\/culturavivaperu.com\/es\/urban-food-garden-and-investigation-project-cusco\/\" \/>\n<meta property=\"og:locale\" content=\"es_ES\" \/>\n<meta property=\"og:type\" content=\"article\" \/>\n<meta property=\"og:title\" content=\"Cultura Viva Per\u00fa Viajes Proyecto Granja Urbana Cusco\" \/>\n<meta property=\"og:description\" content=\"El proyecto de Claudia &amp; Roberto se centra en investigar especies silvestres comestibles y las formas en que los alimentos se conservaron en los Andes hist\u00f3ricamente.\" \/>\n<meta property=\"og:url\" content=\"https:\/\/culturavivaperu.com\/es\/urban-food-garden-and-investigation-project-cusco\/\" \/>\n<meta property=\"og:site_name\" content=\"Cultura Viva Peru Travel\" \/>\n<meta property=\"article:modified_time\" content=\"2020-05-02T21:32:07+00:00\" \/>\n<meta property=\"og:image\" content=\"https:\/\/culturavivaperu.com\/wp-content\/uploads\/2020\/04\/Unique-Travel-Peru.jpg\" \/>\n<meta name=\"twitter:card\" content=\"summary_large_image\" \/>\n<meta name=\"twitter:image\" content=\"https:\/\/culturavivaperu.com\/wp-content\/uploads\/2020\/04\/Unique-Travel-Peru.jpg\" \/>\n<meta name=\"twitter:label1\" content=\"Tiempo de lectura\" \/>\n\t<meta name=\"twitter:data1\" content=\"7 minutos\" \/>\n<script type=\"application\/ld+json\" class=\"yoast-schema-graph\">{\"@context\":\"https:\/\/schema.org\",\"@graph\":[{\"@type\":\"WebPage\",\"@id\":\"https:\/\/culturavivaperu.com\/es\/urban-food-garden-and-investigation-project-cusco\/\",\"url\":\"https:\/\/culturavivaperu.com\/es\/urban-food-garden-and-investigation-project-cusco\/\",\"name\":\"Cultura Viva Per\u00fa Viajes Proyecto Granja Urbana Cusco\",\"isPartOf\":{\"@id\":\"https:\/\/culturavivaperu.com\/es\/#website\"},\"datePublished\":\"2020-05-02T21:32:05+00:00\",\"dateModified\":\"2020-05-02T21:32:07+00:00\",\"description\":\"El proyecto de Claudia & Roberto se centra en investigar especies silvestres comestibles y las formas en que los alimentos se conservaron en los Andes hist\u00f3ricamente.\",\"breadcrumb\":{\"@id\":\"https:\/\/culturavivaperu.com\/es\/urban-food-garden-and-investigation-project-cusco\/#breadcrumb\"},\"inLanguage\":\"es\",\"potentialAction\":[{\"@type\":\"ReadAction\",\"target\":[\"https:\/\/culturavivaperu.com\/es\/urban-food-garden-and-investigation-project-cusco\/\"]}]},{\"@type\":\"BreadcrumbList\",\"@id\":\"https:\/\/culturavivaperu.com\/es\/urban-food-garden-and-investigation-project-cusco\/#breadcrumb\",\"itemListElement\":[{\"@type\":\"ListItem\",\"position\":1,\"name\":\"Home\",\"item\":\"https:\/\/culturavivaperu.com\/es\/peru-travel-cultura-viva-peru-tours-educativos-con-alma-y-proposito\/\"},{\"@type\":\"ListItem\",\"position\":2,\"name\":\"Urban Food Garden and Investigation Project &#8211; Cusco\"}]},{\"@type\":\"WebSite\",\"@id\":\"https:\/\/culturavivaperu.com\/es\/#website\",\"url\":\"https:\/\/culturavivaperu.com\/es\/\",\"name\":\"Cultura Viva Peru Travel\",\"description\":\"Sustainable Travel Experiences in Peru\",\"potentialAction\":[{\"@type\":\"SearchAction\",\"target\":{\"@type\":\"EntryPoint\",\"urlTemplate\":\"https:\/\/culturavivaperu.com\/es\/?s={search_term_string}\"},\"query-input\":{\"@type\":\"PropertyValueSpecification\",\"valueRequired\":true,\"valueName\":\"search_term_string\"}}],\"inLanguage\":\"es\"}]}<\/script>\n<!-- \/ Yoast SEO plugin. -->","yoast_head_json":{"title":"Cultura Viva Per\u00fa Viajes Proyecto Granja Urbana Cusco","description":"El proyecto de Claudia & Roberto se centra en investigar especies silvestres comestibles y las formas en que los alimentos se conservaron en los Andes hist\u00f3ricamente.","robots":{"index":"index","follow":"follow","max-snippet":"max-snippet:-1","max-image-preview":"max-image-preview:large","max-video-preview":"max-video-preview:-1"},"canonical":"https:\/\/culturavivaperu.com\/es\/urban-food-garden-and-investigation-project-cusco\/","og_locale":"es_ES","og_type":"article","og_title":"Cultura Viva Per\u00fa Viajes Proyecto Granja Urbana Cusco","og_description":"El proyecto de Claudia & Roberto se centra en investigar especies silvestres comestibles y las formas en que los alimentos se conservaron en los Andes hist\u00f3ricamente.","og_url":"https:\/\/culturavivaperu.com\/es\/urban-food-garden-and-investigation-project-cusco\/","og_site_name":"Cultura Viva Peru Travel","article_modified_time":"2020-05-02T21:32:07+00:00","og_image":[{"url":"https:\/\/culturavivaperu.com\/wp-content\/uploads\/2020\/04\/Unique-Travel-Peru.jpg","type":"","width":"","height":""}],"twitter_card":"summary_large_image","twitter_image":"https:\/\/culturavivaperu.com\/wp-content\/uploads\/2020\/04\/Unique-Travel-Peru.jpg","twitter_misc":{"Tiempo de lectura":"7 minutos"},"schema":{"@context":"https:\/\/schema.org","@graph":[{"@type":"WebPage","@id":"https:\/\/culturavivaperu.com\/es\/urban-food-garden-and-investigation-project-cusco\/","url":"https:\/\/culturavivaperu.com\/es\/urban-food-garden-and-investigation-project-cusco\/","name":"Cultura Viva Per\u00fa Viajes Proyecto Granja Urbana Cusco","isPartOf":{"@id":"https:\/\/culturavivaperu.com\/es\/#website"},"datePublished":"2020-05-02T21:32:05+00:00","dateModified":"2020-05-02T21:32:07+00:00","description":"El proyecto de Claudia & Roberto se centra en investigar especies silvestres comestibles y las formas en que los alimentos se conservaron en los Andes hist\u00f3ricamente.","breadcrumb":{"@id":"https:\/\/culturavivaperu.com\/es\/urban-food-garden-and-investigation-project-cusco\/#breadcrumb"},"inLanguage":"es","potentialAction":[{"@type":"ReadAction","target":["https:\/\/culturavivaperu.com\/es\/urban-food-garden-and-investigation-project-cusco\/"]}]},{"@type":"BreadcrumbList","@id":"https:\/\/culturavivaperu.com\/es\/urban-food-garden-and-investigation-project-cusco\/#breadcrumb","itemListElement":[{"@type":"ListItem","position":1,"name":"Home","item":"https:\/\/culturavivaperu.com\/es\/peru-travel-cultura-viva-peru-tours-educativos-con-alma-y-proposito\/"},{"@type":"ListItem","position":2,"name":"Urban Food Garden and Investigation Project &#8211; Cusco"}]},{"@type":"WebSite","@id":"https:\/\/culturavivaperu.com\/es\/#website","url":"https:\/\/culturavivaperu.com\/es\/","name":"Cultura Viva Peru Travel","description":"Sustainable Travel Experiences in Peru","potentialAction":[{"@type":"SearchAction","target":{"@type":"EntryPoint","urlTemplate":"https:\/\/culturavivaperu.com\/es\/?s={search_term_string}"},"query-input":{"@type":"PropertyValueSpecification","valueRequired":true,"valueName":"search_term_string"}}],"inLanguage":"es"}]}},"jetpack_sharing_enabled":true,"_links":{"self":[{"href":"https:\/\/culturavivaperu.com\/es\/wp-json\/wp\/v2\/pages\/4668","targetHints":{"allow":["GET"]}}],"collection":[{"href":"https:\/\/culturavivaperu.com\/es\/wp-json\/wp\/v2\/pages"}],"about":[{"href":"https:\/\/culturavivaperu.com\/es\/wp-json\/wp\/v2\/types\/page"}],"author":[{"embeddable":true,"href":"https:\/\/culturavivaperu.com\/es\/wp-json\/wp\/v2\/users\/1"}],"replies":[{"embeddable":true,"href":"https:\/\/culturavivaperu.com\/es\/wp-json\/wp\/v2\/comments?post=4668"}],"version-history":[{"count":5,"href":"https:\/\/culturavivaperu.com\/es\/wp-json\/wp\/v2\/pages\/4668\/revisions"}],"predecessor-version":[{"id":4675,"href":"https:\/\/culturavivaperu.com\/es\/wp-json\/wp\/v2\/pages\/4668\/revisions\/4675"}],"wp:attachment":[{"href":"https:\/\/culturavivaperu.com\/es\/wp-json\/wp\/v2\/media?parent=4668"}],"curies":[{"name":"wp","href":"https:\/\/api.w.org\/{rel}","templated":true}]}}