{"id":4661,"date":"2020-05-02T22:31:21","date_gmt":"2020-05-02T21:31:21","guid":{"rendered":"https:\/\/culturavivaperu.com\/clase-de-cocina-peruana-vegana-vegetariana\/"},"modified":"2022-08-30T03:23:15","modified_gmt":"2022-08-30T02:23:15","slug":"clase-de-cocina-peruana-vegana-vegetariana","status":"publish","type":"page","link":"https:\/\/culturavivaperu.com\/es\/clase-de-cocina-peruana-vegana-vegetariana\/","title":{"rendered":"Clase de Cocina Peruana Vegana\/Vegetariana"},"content":{"rendered":"<p>[et_pb_section fb_built=\u00bb1&#8243; fullwidth=\u00bbon\u00bb _builder_version=\u00bb4.0.7&#8243; saved_tabs=\u00bball\u00bb][et_pb_fullwidth_slider use_bg_overlay=\u00bboff\u00bb _builder_version=\u00bb4.4.4&#8243; header_level=\u00bbh1&#8243; body_font=\u00bb|||on|||||\u00bb background_enable_color=\u00bboff\u00bb background_image=\u00bbhttps:\/\/culturavivaperu.com\/wp-content\/uploads\/2020\/04\/Peruvian-Cooking-Class-Ollantaytambo.jpg\u00bb custom_margin=\u00bb||||false|false\u00bb custom_padding=\u00bb450px||30px||false|false\u00bb custom_padding_tablet=\u00bb440px||40px||false|false\u00bb custom_padding_phone=\u00bb350px||50px||false|false\u00bb custom_padding_last_edited=\u00bbon|phone\u00bb][et_pb_slide heading=\u00bbClase de Cocina Peruana Vegetariana.\u00bb _builder_version=\u00bb4.4.4&#8243; header_level=\u00bbh1&#8243; header_font=\u00bbLato|900|||||||\u00bb header_text_align=\u00bbleft\u00bb header_text_color=\u00bb#ef5f3d\u00bb header_font_size=\u00bb40px\u00bb body_font=\u00bbDidact Gothic|700|||||||\u00bb body_text_align=\u00bbleft\u00bb body_font_size=\u00bb28px\u00bb body_letter_spacing=\u00bb3px\u00bb body_line_height=\u00bb1.3em\u00bb background_enable_color=\u00bboff\u00bb custom_button=\u00bbon\u00bb button_text_size=\u00bb18px\u00bb button_bg_use_color_gradient=\u00bbon\u00bb button_bg_color_gradient_start=\u00bb#348e3f\u00bb button_bg_color_gradient_end=\u00bb#3da546&#8243; button_border_color=\u00bb#348e3f\u00bb button_border_radius=\u00bb40px\u00bb button_letter_spacing=\u00bb2px\u00bb button_font=\u00bbLato|700|||||||\u00bb button_use_icon=\u00bbon\u00bb button_icon=\u00bb%%20%%\u00bb button_alignment=\u00bbleft\u00bb custom_padding=\u00bb|0px||0px|false|true\u00bb header_font_size_tablet=\u00bb30px\u00bb header_font_size_phone=\u00bb22px\u00bb header_font_size_last_edited=\u00bbon|phone\u00bb body_font_size_tablet=\u00bb18px\u00bb body_font_size_phone=\u00bb16px\u00bb body_font_size_last_edited=\u00bbon|desktop\u00bb body_line_height_tablet=\u00bb\u00bb body_line_height_phone=\u00bb\u00bb body_line_height_last_edited=\u00bbon|desktop\u00bb button_text_size_tablet=\u00bb18px\u00bb button_text_size_phone=\u00bb14px\u00bb button_text_size_last_edited=\u00bbon|desktop\u00bb]<\/p>\n<p><span>\u00a1Clases de cocina peruana saludable con Nancy en Ollantaytambo!<\/span><\/p>\n<p>[\/et_pb_slide][\/et_pb_fullwidth_slider][\/et_pb_section][et_pb_section fb_built=\u00bb1&#8243; _builder_version=\u00bb4.0.7&#8243; custom_padding=\u00bb||0px|||\u00bb][et_pb_row column_structure=\u00bb1_2,1_2&#8243; _builder_version=\u00bb4.0.7&#8243;][et_pb_column type=\u00bb1_2&#8243; _builder_version=\u00bb4.0.7&#8243;][et_pb_text _builder_version=\u00bb4.4.4&#8243; custom_padding_tablet=\u00bb\u00bb custom_padding_phone=\u00bb||0px||false|false\u00bb custom_padding_last_edited=\u00bbon|phone\u00bb]<\/p>\n<p class=\"p1\" style=\"text-align: justify\">Unirse a Nancy para una clase de cocina peruana saludable cuando pase a trav\u00e9s de Ollantaytambo. Nancy siempre ha tenido una profunda pasi\u00f3n por la cocina. Ha abierto varios negocios exitosos en el \u00e1rea del Valle Sagrado, pero siempre so\u00f1\u00f3 con crear su propio restaurante y enfocar su energ\u00eda y pasi\u00f3n en la cocina. A lo largo de los a\u00f1os, la especialidad de Nancy se ha convertido en variaciones org\u00e1nicas a base de plantas de la cocina tradicional peruana.<\/p>\n<p class=\"p1\" style=\"text-align: justify\">Finalmente abri\u00f3 su restaurante \u00abCuchara Llena\u00bb en Ollantaytambo. El restaurante cuenta con impresionantes vistas de las ruinas populares de Ollantaytambo y un delicioso men\u00fa de cocina peruana cl\u00e1sica con un toque saludable! Nancy crea versiones vegetarianas y veganas de los famosos platos peruanos, \u00a1y son m\u00e1s deliciosos que los originales! Si usted est\u00e1 buscando para ampliar su repertorio de platos saludables y al mismo tiempo probar los platos locales cl\u00e1sicos, entonces esta clase de cocina peruana es una parada perfecta para usted!<\/p>\n<p class=\"p1\" style=\"text-align: justify\"><span>Reserve <\/span> <a href=\"http:\/\/culturavivaperu.com\/book-tour-here\/\">aqu\u00ed<\/a> o lea m\u00e1s sobre la experiencia de aprendizaje<span> a continuaci\u00f3n.<\/span><\/p>\n<p class=\"p1\" style=\"text-align: justify\">[\/et_pb_text][\/et_pb_column][et_pb_column type=\u00bb1_2&#8243; _builder_version=\u00bb4.0.7&#8243;][et_pb_image src=\u00bbhttps:\/\/culturavivaperu.com\/wp-content\/uploads\/2020\/03\/Peruvian-Cooking-Class-Sacred-Valley.jpg\u00bb _builder_version=\u00bb4.0.7&#8243;][\/et_pb_image][\/et_pb_column][\/et_pb_row][\/et_pb_section][et_pb_section fb_built=\u00bb1&#8243; _builder_version=\u00bb4.0.7&#8243; custom_padding=\u00bb0px||0px|||\u00bb][et_pb_row custom_padding_last_edited=\u00bbon|phone\u00bb _builder_version=\u00bb4.0.7&#8243; custom_padding_tablet=\u00bb\u00bb custom_padding_phone=\u00bb0px||||false|false\u00bb][et_pb_column type=\u00bb4_4&#8243; _builder_version=\u00bb4.0.7&#8243;][et_pb_text _builder_version=\u00bb4.0.7&#8243; header_2_font=\u00bbLato||||||||\u00bb custom_padding_tablet=\u00bb\u00bb custom_padding_phone=\u00bb0px||||false|false\u00bb custom_padding_last_edited=\u00bbon|phone\u00bb header_2_font_size_tablet=\u00bb\u00bb header_2_font_size_phone=\u00bb18px\u00bb header_2_font_size_last_edited=\u00bbon|phone\u00bb]<\/p>\n<p style=\"text-align: justify\">Pr\u00e1cticamente todo el mundo en su camino a Machu Picchu pasa a trav\u00e9s de Ollantaytambo. As\u00ed que por qu\u00e9 no hacer lo mejor de la escala y participar en una clase de cocina peruana con Nancy en su hermoso restaurante. <\/p>\n<p style=\"text-align: justify\">En este taller de cocina peruana aprender\u00e1s cuatro platos que podr\u00e1s elegir entre el siguiente Men\u00fa:<\/p>\n<div class=\"page\" title=\"P\u00e1gina 1\">\n<div class=\"section\">\n<div class=\"layoutArea\">\n<div class=\"column\">\n<ul>\n<li><span>Spaghetti Pesto<\/span><\/li>\n<li><span>Hongmey y aguacate Causa<\/span><\/li>\n<li><span>Papa vegano a la huanca\u00edna<\/span><\/li>\n<li><span>Ceviche (opciones de trucha vegana o local)<\/span><\/li>\n<li><span>Setas locales en \u00absalsa pachamanca\u00bb<\/span><\/li>\n<li><span>Mushroom Aji (versi\u00f3n vegana de \u00abAji de Gallina\u00bb)<\/span><\/li>\n<li><span>Cau Cau<\/span><\/li>\n<li><span>Lomo Saltado Vegano<\/span><\/li>\n<li>Otros (Solicitudes especiales con anticipaci\u00f3n)<\/li>\n<\/ul>\n<\/div>\n<\/div>\n<\/div>\n<\/div>\n<p>[\/et_pb_text][\/et_pb_column][\/et_pb_row][\/et_pb_section][et_pb_section fb_built=\u00bb1&#8243; disabled_on=\u00bbon|on|off\u00bb _builder_version=\u00bb4.4.4&#8243; custom_padding=\u00bb0px||0px||true|false\u00bb][et_pb_row use_custom_gutter=\u00bbon\u00bb gutter_width=\u00bb1&#8243; make_equal=\u00bbon\u00bb _builder_version=\u00bb4.4.4&#8243; width=\u00bb100%\u00bb max_width=\u00bb2488px\u00bb][et_pb_column type=\u00bb4_4&#8243; _builder_version=\u00bb4.4.4&#8243;][et_pb_gallery gallery_ids=\u00bb4761,2607,2608,2609,2611,2612,2613,2615&#8243; posts_number=\u00bb8&#8243; orientation=\u00bbportrait\u00bb show_title_and_caption=\u00bboff\u00bb show_pagination=\u00bboff\u00bb zoom_icon_color=\u00bbrgba(0,0,0,0)\u00bb hover_overlay_color=\u00bbrgba(255,255,255,0.4)\u00bb hover_icon=\u00bb%%51%%\u00bb module_id=\u00bb.pa-image-gallery-1-1&#8243; _builder_version=\u00bb4.4.4&#8243; custom_css_gallery_item=\u00bbpadding: 2px;\u00bb][\/et_pb_gallery][\/et_pb_column][\/et_pb_row][\/et_pb_section][et_pb_section fb_built=\u00bb1&#8243; _builder_version=\u00bb4.0.7&#8243; custom_padding=\u00bb0px||0px||true|\u00bb][et_pb_row _builder_version=\u00bb4.0.7&#8243; custom_padding=\u00bb0px||||false|false\u00bb][et_pb_column type=\u00bb4_4&#8243; _builder_version=\u00bb4.0.7&#8243;][et_pb_gallery gallery_ids=\u00bb4761,2607,2608,2609,2610,2611,2612,2613,2614,2615&#8243; fullwidth=\u00bbon\u00bb disabled_on=\u00bboff|on|on\u00bb _builder_version=\u00bb4.4.4&#8243;][\/et_pb_gallery][\/et_pb_column][\/et_pb_row][\/et_pb_section][et_pb_section fb_built=\u00bb1&#8243; _builder_version=\u00bb4.0.7&#8243; custom_padding=\u00bb0px|||||\u00bb][et_pb_row column_structure=\u00bb2_5,3_5&#8243; use_custom_gutter=\u00bbon\u00bb gutter_width=\u00bb1&#8243; _builder_version=\u00bb4.0.7&#8243; width=\u00bb100%\u00bb max_width=\u00bb80%\u00bb][et_pb_column type=\u00bb2_5&#8243; _builder_version=\u00bb4.0.7&#8243;][et_pb_text _builder_version=\u00bb4.0.7&#8243; header_3_font=\u00bbDidact Gothic|700|||||||\u00bb header_3_text_align=\u00bbcenter\u00bb header_3_text_color=\u00bb#ef5f3d\u00bb header_3_font_size=\u00bb26px\u00bb custom_padding=\u00bb||||true|true\u00bb header_3_font_size_tablet=\u00bb\u00bb header_3_font_size_phone=\u00bb\u00bb header_3_font_size_last_edited=\u00bbon|phone\u00bb]<\/p>\n<h3>Precios <\/h3>\n<p>[\/et_pb_text][et_pb_accordion icon_color=\u00bb#ef5f3d\u00bb _builder_version=\u00bb4.0.7&#8243; toggle_font=\u00bbLato|700|||||||\u00bb max_width=\u00bb50%\u00bb max_width_tablet=\u00bb60%\u00bb max_width_phone=\u00bb75%\u00bb max_width_last_edited=\u00bbon|desktop\u00bb module_alignment=\u00bbcenter\u00bb][et_pb_accordion_item title=\u00bb1 &#8211; 5 Personas\u00bb _builder_version=\u00bb4.0.7&#8243; open=\u00bboff\u00bb]<\/p>\n<p>45 USD \/por persona.<\/p>\n<p>Con tour por el mercado local:<\/p>\n<p>5 USD \/por persona<\/p>\n<p>[\/et_pb_accordion_item][et_pb_accordion_item title=\u00bb6 + Personas\u00bb open=\u00bbon\u00bb _builder_version=\u00bb4.0.7&#8243;]<\/p>\n<p>40 USD \/por persona<\/p>\n<p>Con tour por el mercado local:<\/p>\n<p>5 USD \/por persona<\/p>\n<p>[\/et_pb_accordion_item][\/et_pb_accordion][\/et_pb_column][et_pb_column type=\u00bb3_5&#8243; _builder_version=\u00bb4.0.7&#8243;][et_pb_text _builder_version=\u00bb4.0.7&#8243; text_font=\u00bb||||||||\u00bb custom_padding_tablet=\u00bb30px||||false|false\u00bb custom_padding_phone=\u00bb30px||||false|false\u00bb custom_padding_last_edited=\u00bbon|tablet\u00bb]<\/p>\n<p style=\"text-align: justify\"><span style=\"color: #ff6600\"><b>Incluido:<\/b><\/span><\/p>\n<ul class=\"ul1\" style=\"text-align: justify\">\n<li class=\"li2\">Ingredientes<\/li>\n<li class=\"li2\">Clase de cocina privada<\/li>\n<li class=\"li2\">Comida<\/li>\n<\/ul>\n<p class=\"p2\" style=\"text-align: justify\"><span style=\"color: #ff6600\"><b>NO INCLUIDO:<\/b><\/span><\/p>\n<ul class=\"ul1\" style=\"text-align: justify\">\n<li class=\"li2\">Transporte de ida y salida al restaurante<\/li>\n<\/ul>\n<p class=\"p4\" style=\"text-align: justify\"><span style=\"color: #ff6600\"><b>\u00bfQUE ESENCIALES DEBO LLEVAR?<\/b><\/span><\/p>\n<p class=\"p2\" style=\"text-align: justify\">\u00a1Trae tu apetito!<\/p>\n<p>[\/et_pb_text][\/et_pb_column][\/et_pb_row][\/et_pb_section][et_pb_section fb_built=\u00bb1&#8243; _builder_version=\u00bb4.0.7&#8243; custom_padding=\u00bb0px|||||\u00bb][et_pb_row _builder_version=\u00bb4.0.7&#8243;][et_pb_column type=\u00bb4_4&#8243; _builder_version=\u00bb4.0.7&#8243;][et_pb_button button_url=\u00bb@ET-DC@eyJkeW5hbWljIjp0cnVlLCJjb250ZW50IjoicG9zdF9saW5rX3VybF9wYWdlIiwic2V0dGluZ3MiOnsicG9zdF9pZCI6IjE2NzUifX0=@\u00bb button_text=\u00bbReserve ahora\u00bb button_alignment=\u00bbcenter\u00bb _builder_version=\u00bb4.4.4&#8243; _dynamic_attributes=\u00bbbutton_url\u00bb custom_button=\u00bbon\u00bb button_text_size=\u00bb35px\u00bb button_text_color=\u00bb#ffffff\u00bb button_bg_use_color_gradient=\u00bbon\u00bb button_bg_color_gradient_start=\u00bb#419e1f\u00bb button_bg_color_gradient_end=\u00bb#1b8921&#8243; button_border_width=\u00bb0px\u00bb button_border_radius=\u00bb60px\u00bb button_font=\u00bbLato|700|||||||\u00bb button_icon=\u00bb%%20%%\u00bb][\/et_pb_button][\/et_pb_column][\/et_pb_row][\/et_pb_section]<\/p>\n","protected":false},"excerpt":{"rendered":"<p>[et_pb_section fb_built=\u00bb1&#8243; fullwidth=\u00bbon\u00bb _builder_version=\u00bb4.0.7&#8243; saved_tabs=\u00bball\u00bb][et_pb_fullwidth_slider use_bg_overlay=\u00bboff\u00bb _builder_version=\u00bb4.4.4&#8243; header_level=\u00bbh1&#8243; body_font=\u00bb|||on|||||\u00bb background_enable_color=\u00bboff\u00bb background_image=\u00bbhttps:\/\/culturavivaperu.com\/wp-content\/uploads\/2020\/04\/Peruvian-Cooking-Class-Ollantaytambo.jpg\u00bb custom_margin=\u00bb||||false|false\u00bb custom_padding=\u00bb450px||30px||false|false\u00bb custom_padding_tablet=\u00bb440px||40px||false|false\u00bb custom_padding_phone=\u00bb350px||50px||false|false\u00bb custom_padding_last_edited=\u00bbon|phone\u00bb][et_pb_slide heading=\u00bbClase de Cocina Peruana Vegetariana.\u00bb _builder_version=\u00bb4.4.4&#8243; header_level=\u00bbh1&#8243; header_font=\u00bbLato|900|||||||\u00bb header_text_align=\u00bbleft\u00bb header_text_color=\u00bb#ef5f3d\u00bb header_font_size=\u00bb40px\u00bb body_font=\u00bbDidact Gothic|700|||||||\u00bb body_text_align=\u00bbleft\u00bb body_font_size=\u00bb28px\u00bb body_letter_spacing=\u00bb3px\u00bb body_line_height=\u00bb1.3em\u00bb background_enable_color=\u00bboff\u00bb custom_button=\u00bbon\u00bb button_text_size=\u00bb18px\u00bb button_bg_use_color_gradient=\u00bbon\u00bb button_bg_color_gradient_start=\u00bb#348e3f\u00bb button_bg_color_gradient_end=\u00bb#3da546&#8243; button_border_color=\u00bb#348e3f\u00bb button_border_radius=\u00bb40px\u00bb button_letter_spacing=\u00bb2px\u00bb button_font=\u00bbLato|700|||||||\u00bb button_use_icon=\u00bbon\u00bb button_icon=\u00bb%%20%%\u00bb button_alignment=\u00bbleft\u00bb custom_padding=\u00bb|0px||0px|false|true\u00bb header_font_size_tablet=\u00bb30px\u00bb header_font_size_phone=\u00bb22px\u00bb header_font_size_last_edited=\u00bbon|phone\u00bb body_font_size_tablet=\u00bb18px\u00bb body_font_size_phone=\u00bb16px\u00bb body_font_size_last_edited=\u00bbon|desktop\u00bb body_line_height_tablet=\u00bb\u00bb body_line_height_phone=\u00bb\u00bb [&hellip;]<\/p>\n","protected":false},"author":1,"featured_media":4663,"parent":0,"menu_order":0,"comment_status":"closed","ping_status":"closed","template":"","meta":{"_et_pb_use_builder":"on","_et_pb_old_content":"","_et_gb_content_width":"","_monsterinsights_skip_tracking":false,"_monsterinsights_sitenote_active":false,"_monsterinsights_sitenote_note":"","_monsterinsights_sitenote_category":0,"footnotes":""},"class_list":["post-4661","page","type-page","status-publish","has-post-thumbnail","hentry"],"yoast_head":"<!-- This site is optimized with the Yoast SEO plugin v26.9 - https:\/\/yoast.com\/product\/yoast-seo-wordpress\/ -->\n<title>Cultura Viva Per\u00fa Viajes Clase de Cocina Peruana Vegana\/Vegetariana<\/title>\n<meta name=\"description\" content=\"Participa en una clase de cocina peruana con Nancy en Ollantaytambo. La especialidad de Nancy son las variaciones vegetales de la cocina peruana.\" \/>\n<meta name=\"robots\" content=\"index, follow, max-snippet:-1, max-image-preview:large, max-video-preview:-1\" \/>\n<link rel=\"canonical\" href=\"https:\/\/culturavivaperu.com\/es\/clase-de-cocina-peruana-vegana-vegetariana\/\" \/>\n<meta property=\"og:locale\" content=\"es_ES\" \/>\n<meta property=\"og:type\" content=\"article\" \/>\n<meta property=\"og:title\" content=\"Cultura Viva Per\u00fa Viajes Clase de Cocina Peruana Vegana\/Vegetariana\" \/>\n<meta property=\"og:description\" content=\"Participa en una clase de cocina peruana con Nancy en Ollantaytambo. La especialidad de Nancy son las variaciones vegetales de la cocina peruana.\" \/>\n<meta property=\"og:url\" content=\"https:\/\/culturavivaperu.com\/es\/clase-de-cocina-peruana-vegana-vegetariana\/\" \/>\n<meta property=\"og:site_name\" content=\"Cultura Viva Peru Travel\" \/>\n<meta property=\"article:modified_time\" content=\"2022-08-30T02:23:15+00:00\" \/>\n<meta property=\"og:image\" content=\"https:\/\/culturavivaperu.com\/wp-content\/uploads\/2020\/03\/Cuchara-Llena-Ollantaytambo.jpg\" \/>\n<meta name=\"twitter:card\" content=\"summary_large_image\" \/>\n<meta name=\"twitter:image\" content=\"https:\/\/culturavivaperu.com\/wp-content\/uploads\/2020\/03\/Cuchara-Llena-Ollantaytambo.jpg\" \/>\n<meta name=\"twitter:label1\" content=\"Tiempo de lectura\" \/>\n\t<meta name=\"twitter:data1\" content=\"6 minutos\" \/>\n<script type=\"application\/ld+json\" class=\"yoast-schema-graph\">{\"@context\":\"https:\/\/schema.org\",\"@graph\":[{\"@type\":\"WebPage\",\"@id\":\"https:\/\/culturavivaperu.com\/es\/clase-de-cocina-peruana-vegana-vegetariana\/\",\"url\":\"https:\/\/culturavivaperu.com\/es\/clase-de-cocina-peruana-vegana-vegetariana\/\",\"name\":\"Cultura Viva Per\u00fa Viajes Clase de Cocina Peruana Vegana\/Vegetariana\",\"isPartOf\":{\"@id\":\"https:\/\/culturavivaperu.com\/es\/#website\"},\"primaryImageOfPage\":{\"@id\":\"https:\/\/culturavivaperu.com\/es\/clase-de-cocina-peruana-vegana-vegetariana\/#primaryimage\"},\"image\":{\"@id\":\"https:\/\/culturavivaperu.com\/es\/clase-de-cocina-peruana-vegana-vegetariana\/#primaryimage\"},\"thumbnailUrl\":\"https:\/\/culturavivaperu.com\/wp-content\/uploads\/2020\/03\/Peruvian-Cooking-Class-Sacred-Valley.jpg\",\"datePublished\":\"2020-05-02T21:31:21+00:00\",\"dateModified\":\"2022-08-30T02:23:15+00:00\",\"description\":\"Participa en una clase de cocina peruana con Nancy en Ollantaytambo. La especialidad de Nancy son las variaciones vegetales de la cocina peruana.\",\"breadcrumb\":{\"@id\":\"https:\/\/culturavivaperu.com\/es\/clase-de-cocina-peruana-vegana-vegetariana\/#breadcrumb\"},\"inLanguage\":\"es\",\"potentialAction\":[{\"@type\":\"ReadAction\",\"target\":[\"https:\/\/culturavivaperu.com\/es\/clase-de-cocina-peruana-vegana-vegetariana\/\"]}]},{\"@type\":\"ImageObject\",\"inLanguage\":\"es\",\"@id\":\"https:\/\/culturavivaperu.com\/es\/clase-de-cocina-peruana-vegana-vegetariana\/#primaryimage\",\"url\":\"https:\/\/culturavivaperu.com\/wp-content\/uploads\/2020\/03\/Peruvian-Cooking-Class-Sacred-Valley.jpg\",\"contentUrl\":\"https:\/\/culturavivaperu.com\/wp-content\/uploads\/2020\/03\/Peruvian-Cooking-Class-Sacred-Valley.jpg\",\"width\":1000,\"height\":1000,\"caption\":\"Peruano-Cocina-Clase-Valle Sagrado-Valle\"},{\"@type\":\"BreadcrumbList\",\"@id\":\"https:\/\/culturavivaperu.com\/es\/clase-de-cocina-peruana-vegana-vegetariana\/#breadcrumb\",\"itemListElement\":[{\"@type\":\"ListItem\",\"position\":1,\"name\":\"Home\",\"item\":\"https:\/\/culturavivaperu.com\/es\/peru-travel-cultura-viva-peru-tours-educativos-con-alma-y-proposito\/\"},{\"@type\":\"ListItem\",\"position\":2,\"name\":\"Clase de Cocina Peruana Vegana\/Vegetariana\"}]},{\"@type\":\"WebSite\",\"@id\":\"https:\/\/culturavivaperu.com\/es\/#website\",\"url\":\"https:\/\/culturavivaperu.com\/es\/\",\"name\":\"Cultura Viva Peru Travel\",\"description\":\"Sustainable Travel Experiences in Peru\",\"potentialAction\":[{\"@type\":\"SearchAction\",\"target\":{\"@type\":\"EntryPoint\",\"urlTemplate\":\"https:\/\/culturavivaperu.com\/es\/?s={search_term_string}\"},\"query-input\":{\"@type\":\"PropertyValueSpecification\",\"valueRequired\":true,\"valueName\":\"search_term_string\"}}],\"inLanguage\":\"es\"}]}<\/script>\n<!-- \/ Yoast SEO plugin. -->","yoast_head_json":{"title":"Cultura Viva Per\u00fa Viajes Clase de Cocina Peruana Vegana\/Vegetariana","description":"Participa en una clase de cocina peruana con Nancy en Ollantaytambo. La especialidad de Nancy son las variaciones vegetales de la cocina peruana.","robots":{"index":"index","follow":"follow","max-snippet":"max-snippet:-1","max-image-preview":"max-image-preview:large","max-video-preview":"max-video-preview:-1"},"canonical":"https:\/\/culturavivaperu.com\/es\/clase-de-cocina-peruana-vegana-vegetariana\/","og_locale":"es_ES","og_type":"article","og_title":"Cultura Viva Per\u00fa Viajes Clase de Cocina Peruana Vegana\/Vegetariana","og_description":"Participa en una clase de cocina peruana con Nancy en Ollantaytambo. La especialidad de Nancy son las variaciones vegetales de la cocina peruana.","og_url":"https:\/\/culturavivaperu.com\/es\/clase-de-cocina-peruana-vegana-vegetariana\/","og_site_name":"Cultura Viva Peru Travel","article_modified_time":"2022-08-30T02:23:15+00:00","og_image":[{"url":"https:\/\/culturavivaperu.com\/wp-content\/uploads\/2020\/03\/Cuchara-Llena-Ollantaytambo.jpg","type":"","width":"","height":""}],"twitter_card":"summary_large_image","twitter_image":"https:\/\/culturavivaperu.com\/wp-content\/uploads\/2020\/03\/Cuchara-Llena-Ollantaytambo.jpg","twitter_misc":{"Tiempo de lectura":"6 minutos"},"schema":{"@context":"https:\/\/schema.org","@graph":[{"@type":"WebPage","@id":"https:\/\/culturavivaperu.com\/es\/clase-de-cocina-peruana-vegana-vegetariana\/","url":"https:\/\/culturavivaperu.com\/es\/clase-de-cocina-peruana-vegana-vegetariana\/","name":"Cultura Viva Per\u00fa Viajes Clase de Cocina Peruana Vegana\/Vegetariana","isPartOf":{"@id":"https:\/\/culturavivaperu.com\/es\/#website"},"primaryImageOfPage":{"@id":"https:\/\/culturavivaperu.com\/es\/clase-de-cocina-peruana-vegana-vegetariana\/#primaryimage"},"image":{"@id":"https:\/\/culturavivaperu.com\/es\/clase-de-cocina-peruana-vegana-vegetariana\/#primaryimage"},"thumbnailUrl":"https:\/\/culturavivaperu.com\/wp-content\/uploads\/2020\/03\/Peruvian-Cooking-Class-Sacred-Valley.jpg","datePublished":"2020-05-02T21:31:21+00:00","dateModified":"2022-08-30T02:23:15+00:00","description":"Participa en una clase de cocina peruana con Nancy en Ollantaytambo. La especialidad de Nancy son las variaciones vegetales de la cocina peruana.","breadcrumb":{"@id":"https:\/\/culturavivaperu.com\/es\/clase-de-cocina-peruana-vegana-vegetariana\/#breadcrumb"},"inLanguage":"es","potentialAction":[{"@type":"ReadAction","target":["https:\/\/culturavivaperu.com\/es\/clase-de-cocina-peruana-vegana-vegetariana\/"]}]},{"@type":"ImageObject","inLanguage":"es","@id":"https:\/\/culturavivaperu.com\/es\/clase-de-cocina-peruana-vegana-vegetariana\/#primaryimage","url":"https:\/\/culturavivaperu.com\/wp-content\/uploads\/2020\/03\/Peruvian-Cooking-Class-Sacred-Valley.jpg","contentUrl":"https:\/\/culturavivaperu.com\/wp-content\/uploads\/2020\/03\/Peruvian-Cooking-Class-Sacred-Valley.jpg","width":1000,"height":1000,"caption":"Peruano-Cocina-Clase-Valle Sagrado-Valle"},{"@type":"BreadcrumbList","@id":"https:\/\/culturavivaperu.com\/es\/clase-de-cocina-peruana-vegana-vegetariana\/#breadcrumb","itemListElement":[{"@type":"ListItem","position":1,"name":"Home","item":"https:\/\/culturavivaperu.com\/es\/peru-travel-cultura-viva-peru-tours-educativos-con-alma-y-proposito\/"},{"@type":"ListItem","position":2,"name":"Clase de Cocina Peruana Vegana\/Vegetariana"}]},{"@type":"WebSite","@id":"https:\/\/culturavivaperu.com\/es\/#website","url":"https:\/\/culturavivaperu.com\/es\/","name":"Cultura Viva Peru Travel","description":"Sustainable Travel Experiences in Peru","potentialAction":[{"@type":"SearchAction","target":{"@type":"EntryPoint","urlTemplate":"https:\/\/culturavivaperu.com\/es\/?s={search_term_string}"},"query-input":{"@type":"PropertyValueSpecification","valueRequired":true,"valueName":"search_term_string"}}],"inLanguage":"es"}]}},"jetpack_sharing_enabled":true,"_links":{"self":[{"href":"https:\/\/culturavivaperu.com\/es\/wp-json\/wp\/v2\/pages\/4661","targetHints":{"allow":["GET"]}}],"collection":[{"href":"https:\/\/culturavivaperu.com\/es\/wp-json\/wp\/v2\/pages"}],"about":[{"href":"https:\/\/culturavivaperu.com\/es\/wp-json\/wp\/v2\/types\/page"}],"author":[{"embeddable":true,"href":"https:\/\/culturavivaperu.com\/es\/wp-json\/wp\/v2\/users\/1"}],"replies":[{"embeddable":true,"href":"https:\/\/culturavivaperu.com\/es\/wp-json\/wp\/v2\/comments?post=4661"}],"version-history":[{"count":7,"href":"https:\/\/culturavivaperu.com\/es\/wp-json\/wp\/v2\/pages\/4661\/revisions"}],"predecessor-version":[{"id":5009,"href":"https:\/\/culturavivaperu.com\/es\/wp-json\/wp\/v2\/pages\/4661\/revisions\/5009"}],"wp:featuredmedia":[{"embeddable":true,"href":"https:\/\/culturavivaperu.com\/es\/wp-json\/wp\/v2\/media\/4663"}],"wp:attachment":[{"href":"https:\/\/culturavivaperu.com\/es\/wp-json\/wp\/v2\/media?parent=4661"}],"curies":[{"name":"wp","href":"https:\/\/api.w.org\/{rel}","templated":true}]}}