{"id":4646,"date":"2020-05-02T22:28:59","date_gmt":"2020-05-02T21:28:59","guid":{"rendered":"https:\/\/culturavivaperu.com\/taller-de-arte-y-ceramica-peruana-valle-sagrado-cusco\/"},"modified":"2020-05-02T22:29:00","modified_gmt":"2020-05-02T21:29:00","slug":"taller-de-arte-y-ceramica-peruana-valle-sagrado-cusco","status":"publish","type":"page","link":"https:\/\/culturavivaperu.com\/es\/taller-de-arte-y-ceramica-peruana-valle-sagrado-cusco\/","title":{"rendered":"Taller de Arte y Cer\u00e1mica Peruana &#8211; Valle Sagrado, Cusco"},"content":{"rendered":"<p>[et_pb_section fb_built=\u00bb1&#8243; fullwidth=\u00bbon\u00bb _builder_version=\u00bb4.0.7&#8243; saved_tabs=\u00bball\u00bb][et_pb_fullwidth_slider use_bg_overlay=\u00bboff\u00bb _builder_version=\u00bb4.4.4&#8243; header_level=\u00bbh1&#8243; body_font=\u00bb|||on|||||\u00bb background_enable_color=\u00bboff\u00bb background_image=\u00bbhttps:\/\/culturavivaperu.com\/wp-content\/uploads\/2020\/04\/Ceramics-Cusco-Peru.jpg\u00bb background_position=\u00bbbottom_center\u00bb content_width_last_edited=\u00bboff|phone\u00bb height_tablet=\u00bb\u00bb height_phone=\u00bb\u00bb height_last_edited=\u00bbon|phone\u00bb custom_margin=\u00bb||||false|false\u00bb custom_padding=\u00bb390px||30px||false|false\u00bb custom_padding_tablet=\u00bb440px||40px||false|false\u00bb custom_padding_phone=\u00bb300px||50px||false|false\u00bb custom_padding_last_edited=\u00bbon|phone\u00bb hover_enabled=\u00bb0&#8243; header_font_size_tablet=\u00bb\u00bb header_font_size_phone=\u00bb\u00bb header_font_size_last_edited=\u00bbon|tablet\u00bb][et_pb_slide heading=\u00bbEstudio de Arte y Cer\u00e1mica\u00bb _builder_version=\u00bb4.4.4&#8243; header_level=\u00bbh1&#8243; header_font=\u00bbLato|900|||||||\u00bb header_text_align=\u00bbleft\u00bb header_text_color=\u00bb#ef5f3d\u00bb header_font_size=\u00bb40px\u00bb body_font=\u00bbDidact Gothic|700|||||||\u00bb body_text_align=\u00bbleft\u00bb body_font_size=\u00bb30px\u00bb body_letter_spacing=\u00bb3px\u00bb body_line_height=\u00bb1.3em\u00bb background_enable_color=\u00bboff\u00bb custom_button=\u00bbon\u00bb button_text_size=\u00bb18px\u00bb button_bg_use_color_gradient=\u00bbon\u00bb button_bg_color_gradient_start=\u00bb#348e3f\u00bb button_bg_color_gradient_end=\u00bb#3da546&#8243; button_border_color=\u00bb#348e3f\u00bb button_border_radius=\u00bb40px\u00bb button_letter_spacing=\u00bb2px\u00bb button_font=\u00bbLato|700|||||||\u00bb button_use_icon=\u00bbon\u00bb button_icon=\u00bb%%20%%\u00bb button_alignment=\u00bbleft\u00bb custom_padding=\u00bb|0px||0px|false|true\u00bb hover_enabled=\u00bb0&#8243; header_font_size_tablet=\u00bb36px\u00bb header_font_size_phone=\u00bb24px\u00bb header_font_size_last_edited=\u00bbon|phone\u00bb body_font_size_tablet=\u00bb26px\u00bb body_font_size_phone=\u00bb15px\u00bb body_font_size_last_edited=\u00bbon|phone\u00bb body_line_height_tablet=\u00bb\u00bb body_line_height_phone=\u00bb\u00bb body_line_height_last_edited=\u00bbon|desktop\u00bb button_text_size_tablet=\u00bb18px\u00bb button_text_size_phone=\u00bb14px\u00bb button_text_size_last_edited=\u00bbon|desktop\u00bb]<\/p>\n<p><strong>\u00a1Visita el estudio de Alberto \u00abCasitas de Las Mamitas\u00bb y explora tu creatividad con varios medios!<\/strong><\/p>\n<p><span><\/span><\/p>\n<p>[\/et_pb_slide][\/et_pb_fullwidth_slider][\/et_pb_section][et_pb_section fb_built=\u00bb1&#8243; _builder_version=\u00bb4.0.7&#8243; custom_padding=\u00bb||0px|||\u00bb][et_pb_row column_structure=\u00bb1_2,1_2&#8243; _builder_version=\u00bb4.0.7&#8243;][et_pb_column type=\u00bb1_2&#8243; _builder_version=\u00bb4.0.7&#8243;][et_pb_text _builder_version=\u00bb4.4.4&#8243; custom_padding_tablet=\u00bb\u00bb custom_padding_phone=\u00bb||0px||false|false\u00bb custom_padding_last_edited=\u00bbon|phone\u00bb hover_enabled=\u00bb0&#8243;]<\/p>\n<p style=\"text-align: justify\">Alberto es un artista multidisciplinar peruano, con estudios en la PUCP y la Escuela Nacional de Bellas Artes. Ha mostrado su trabajo en docenas de exposiciones individuales y colectivas en Per\u00fa, as\u00ed como en Am\u00e9rica Latina y Europa.<\/p>\n<p style=\"text-align: justify\">Pintura, grabado, muralismo, ilustraci\u00f3n, escultura y cer\u00e1mica son s\u00f3lo algunas de sus exploraciones. Sus temas son siempre juguetones y vibrantes. Sus obras de arte siempre est\u00e1n llenas de historias imaginativas mientras siguen atadas iron\u00eda y cr\u00edtica.<\/p>\n<p style=\"text-align: justify\">Reserve <a href=\"http:\/\/culturavivaperu.com\/book-tour-here\/\">aqu\u00ed<\/a> o lea m\u00e1s sobre la experiencia de aprendizaje a continuaci\u00f3n.<\/p>\n<p class=\"p1\">\n<p>[\/et_pb_text][\/et_pb_column][et_pb_column type=\u00bb1_2&#8243; _builder_version=\u00bb4.0.7&#8243;][et_pb_image src=\u00bbhttp:\/\/culturavivaperu.com\/wp-content\/uploads\/2020\/03\/Alberto-Lama-Peruvian-Pottery-Cusco.jpg\u00bb _builder_version=\u00bb4.0.7&#8243;][\/et_pb_image][\/et_pb_column][\/et_pb_row][\/et_pb_section][et_pb_section fb_built=\u00bb1&#8243; _builder_version=\u00bb4.0.7&#8243; custom_padding=\u00bb0px||0px|||\u00bb][et_pb_row custom_padding_last_edited=\u00bbon|phone\u00bb _builder_version=\u00bb4.0.7&#8243; custom_padding_tablet=\u00bb\u00bb custom_padding_phone=\u00bb0px||||false|false\u00bb][et_pb_column type=\u00bb4_4&#8243; _builder_version=\u00bb4.0.7&#8243;][et_pb_text _builder_version=\u00bb4.0.7&#8243; custom_padding_tablet=\u00bb\u00bb custom_padding_phone=\u00bb0px||||false|false\u00bb custom_padding_last_edited=\u00bbon|phone\u00bb]<\/p>\n<p style=\"text-align: justify\">La visi\u00f3n de Alberto sobre el arte tiene que ver con la inclusi\u00f3n y el refuerzo positivo. Dentro del estudio hay muchos medios para explorar incluyendo cer\u00e1mica, pinturas, instrumentos musicales, una pantalla de luz para hacer un video stop motion con sus caracter\u00edsticas \u00abfiguras de mamita\u00bb y mucho m\u00e1s.<\/p>\n<p style=\"text-align: justify\">Esta es una parada ineludible en el Valle Sagrado para ni\u00f1os y adultos por igual. El entusiasmo y la naturaleza alentadora de Alberto te har\u00e1n explorar tu propia creatividad con cualquier n\u00famero de m\u00e9diums que tenga listo para que lo descubras. Una visita al Jard\u00edn de las Mamitas de Alberto es una maravillosa oportunidad para inspirarse en crear y jugar con el arte!<\/p>\n<p style=\"text-align: justify\">El Jard\u00edn de las Mamitas se encuentra cerca de Urubamba en el camino a Ollantaytambo en el Valle Sagrado de Cusco. Una gran adici\u00f3n a su recorrido mientras explora el Valle Sagrado y Viaja A Per\u00fa.<\/p>\n<p>[\/et_pb_text][\/et_pb_column][\/et_pb_row][\/et_pb_section][et_pb_section fb_built=\u00bb1&#8243; disabled_on=\u00bbon|on|off\u00bb _builder_version=\u00bb4.4.4&#8243; custom_padding=\u00bb0px||0px||true|false\u00bb][et_pb_row use_custom_gutter=\u00bbon\u00bb gutter_width=\u00bb1&#8243; make_equal=\u00bbon\u00bb _builder_version=\u00bb4.4.4&#8243; width=\u00bb100%\u00bb max_width=\u00bb2488px\u00bb][et_pb_column type=\u00bb4_4&#8243; _builder_version=\u00bb4.4.4&#8243;][et_pb_gallery gallery_ids=\u00bb2457,2460,2462,2461,2466,2464,2465,2463&#8243; posts_number=\u00bb8&#8243; orientation=\u00bbportrait\u00bb show_title_and_caption=\u00bboff\u00bb show_pagination=\u00bboff\u00bb zoom_icon_color=\u00bbrgba(0,0,0,0)\u00bb hover_overlay_color=\u00bbrgba(255,255,255,0.4)\u00bb hover_icon=\u00bb%%51%%\u00bb module_id=\u00bb.pa-image-gallery-1-1&#8243; _builder_version=\u00bb4.4.4&#8243; custom_css_gallery_item=\u00bbpadding: 2px;\u00bb][\/et_pb_gallery][\/et_pb_column][\/et_pb_row][\/et_pb_section][et_pb_section fb_built=\u00bb1&#8243; _builder_version=\u00bb4.0.7&#8243; custom_padding=\u00bb0px||0px||true|\u00bb][et_pb_row _builder_version=\u00bb4.0.7&#8243; custom_padding=\u00bb0px||||false|false\u00bb][et_pb_column type=\u00bb4_4&#8243; _builder_version=\u00bb4.0.7&#8243;][et_pb_gallery gallery_ids=\u00bb2461,2457,2460,2462,2463,2464,2465,2466,2467,2468&#8243; fullwidth=\u00bbon\u00bb disabled_on=\u00bboff|on|on\u00bb _builder_version=\u00bb4.4.4&#8243;][\/et_pb_gallery][\/et_pb_column][\/et_pb_row][\/et_pb_section][et_pb_section fb_built=\u00bb1&#8243; _builder_version=\u00bb4.0.7&#8243; custom_padding=\u00bb0px|||||\u00bb][et_pb_row column_structure=\u00bb2_5,3_5&#8243; use_custom_gutter=\u00bbon\u00bb gutter_width=\u00bb1&#8243; _builder_version=\u00bb4.0.7&#8243; width=\u00bb100%\u00bb max_width=\u00bb80%\u00bb][et_pb_column type=\u00bb2_5&#8243; _builder_version=\u00bb4.0.7&#8243;][et_pb_text _builder_version=\u00bb4.0.7&#8243; header_3_font=\u00bbDidact Gothic|700|||||||\u00bb header_3_text_align=\u00bbcenter\u00bb header_3_text_color=\u00bb#ef5f3d\u00bb header_3_font_size=\u00bb26px\u00bb custom_padding=\u00bb||||true|true\u00bb header_3_font_size_tablet=\u00bb\u00bb header_3_font_size_phone=\u00bb\u00bb header_3_font_size_last_edited=\u00bbon|phone\u00bb]<\/p>\n<h3>Precios <\/h3>\n<p>[\/et_pb_text][et_pb_accordion icon_color=\u00bb#ef5f3d\u00bb _builder_version=\u00bb4.0.7&#8243; toggle_font=\u00bbLato|700|||||||\u00bb max_width=\u00bb50%\u00bb max_width_tablet=\u00bb60%\u00bb max_width_phone=\u00bb75%\u00bb max_width_last_edited=\u00bbon|desktop\u00bb module_alignment=\u00bbcenter\u00bb][et_pb_accordion_item title=\u00bb1-5 Personas\u00bb open=\u00bbon\u00bb _builder_version=\u00bb4.0.7&#8243;]<\/p>\n<p>30 USD \/por persona.<\/p>\n<p>[\/et_pb_accordion_item][et_pb_accordion_item title=\u00bb6+ Personas\u00bb _builder_version=\u00bb4.0.7&#8243; open=\u00bboff\u00bb]<\/p>\n<p>25 USD \/por persona<\/p>\n<p>[\/et_pb_accordion_item][\/et_pb_accordion][\/et_pb_column][et_pb_column type=\u00bb3_5&#8243; _builder_version=\u00bb4.0.7&#8243;][et_pb_text _builder_version=\u00bb4.0.7&#8243; text_font=\u00bb||||||||\u00bb custom_padding_tablet=\u00bb30px||||false|false\u00bb custom_padding_phone=\u00bb30px||||false|false\u00bb custom_padding_last_edited=\u00bbon|tablet\u00bb]<\/p>\n<p style=\"text-align: justify\"><span style=\"color: #ff6600\"><b>Incluido:<\/b><\/span><\/p>\n<ul class=\"ul1\" style=\"text-align: justify\">\n<li class=\"li2\">Todos los materiales de arte est\u00e1n incluidos.<\/li>\n<li class=\"li2\">Los visitantes llegan a casa una \u00abMamita\u00bb cer\u00e1mica que ellos mismos han pintado.<\/li>\n<li class=\"li2\">Uso de instrumentos musicales.<\/li>\n<li class=\"li2\">\u00a1El aliento de Alberto durante toda la visita!<\/li>\n<\/ul>\n<p class=\"p2\" style=\"text-align: justify\"><span style=\"color: #ff6600\"><b>NO INCLUIDO:<\/b><\/span><\/p>\n<ul class=\"ul1\" style=\"text-align: justify\">\n<li class=\"li2\">Arte y mercanc\u00eda a la venta en el estudio.<\/li>\n<\/ul>\n<p>[\/et_pb_text][\/et_pb_column][\/et_pb_row][\/et_pb_section][et_pb_section fb_built=\u00bb1&#8243; _builder_version=\u00bb4.0.7&#8243; custom_padding=\u00bb0px|||||\u00bb][et_pb_row _builder_version=\u00bb4.0.7&#8243;][et_pb_column type=\u00bb4_4&#8243; _builder_version=\u00bb4.0.7&#8243;][et_pb_button button_url=\u00bb@ET-DC@eyJkeW5hbWljIjp0cnVlLCJjb250ZW50IjoicG9zdF9saW5rX3VybF9wYWdlIiwic2V0dGluZ3MiOnsicG9zdF9pZCI6IjE2NzUifX0=@\u00bb button_text=\u00bbReserve ahora\u00bb button_alignment=\u00bbcenter\u00bb _builder_version=\u00bb4.4.4&#8243; _dynamic_attributes=\u00bbbutton_url\u00bb custom_button=\u00bbon\u00bb button_text_size=\u00bb35px\u00bb button_text_color=\u00bb#ffffff\u00bb button_bg_use_color_gradient=\u00bbon\u00bb button_bg_color_gradient_start=\u00bb#419e1f\u00bb button_bg_color_gradient_end=\u00bb#1b8921&#8243; button_border_width=\u00bb0px\u00bb button_border_radius=\u00bb60px\u00bb button_font=\u00bbLato|700|||||||\u00bb button_icon=\u00bb%%20%%\u00bb][\/et_pb_button][\/et_pb_column][\/et_pb_row][\/et_pb_section]<\/p>\n","protected":false},"excerpt":{"rendered":"<p>[et_pb_section fb_built=\u00bb1&#8243; fullwidth=\u00bbon\u00bb _builder_version=\u00bb4.0.7&#8243; saved_tabs=\u00bball\u00bb][et_pb_fullwidth_slider use_bg_overlay=\u00bboff\u00bb _builder_version=\u00bb4.4.4&#8243; header_level=\u00bbh1&#8243; body_font=\u00bb|||on|||||\u00bb background_enable_color=\u00bboff\u00bb background_image=\u00bbhttps:\/\/culturavivaperu.com\/wp-content\/uploads\/2020\/04\/Ceramics-Cusco-Peru.jpg\u00bb background_position=\u00bbbottom_center\u00bb content_width_last_edited=\u00bboff|phone\u00bb height_tablet=\u00bb\u00bb height_phone=\u00bb\u00bb height_last_edited=\u00bbon|phone\u00bb custom_margin=\u00bb||||false|false\u00bb custom_padding=\u00bb390px||30px||false|false\u00bb custom_padding_tablet=\u00bb440px||40px||false|false\u00bb custom_padding_phone=\u00bb300px||50px||false|false\u00bb custom_padding_last_edited=\u00bbon|phone\u00bb hover_enabled=\u00bb0&#8243; header_font_size_tablet=\u00bb\u00bb header_font_size_phone=\u00bb\u00bb header_font_size_last_edited=\u00bbon|tablet\u00bb][et_pb_slide heading=\u00bbEstudio de Arte y Cer\u00e1mica\u00bb _builder_version=\u00bb4.4.4&#8243; header_level=\u00bbh1&#8243; header_font=\u00bbLato|900|||||||\u00bb header_text_align=\u00bbleft\u00bb header_text_color=\u00bb#ef5f3d\u00bb header_font_size=\u00bb40px\u00bb body_font=\u00bbDidact Gothic|700|||||||\u00bb body_text_align=\u00bbleft\u00bb body_font_size=\u00bb30px\u00bb body_letter_spacing=\u00bb3px\u00bb body_line_height=\u00bb1.3em\u00bb background_enable_color=\u00bboff\u00bb custom_button=\u00bbon\u00bb button_text_size=\u00bb18px\u00bb button_bg_use_color_gradient=\u00bbon\u00bb button_bg_color_gradient_start=\u00bb#348e3f\u00bb button_bg_color_gradient_end=\u00bb#3da546&#8243; button_border_color=\u00bb#348e3f\u00bb button_border_radius=\u00bb40px\u00bb button_letter_spacing=\u00bb2px\u00bb button_font=\u00bbLato|700|||||||\u00bb button_use_icon=\u00bbon\u00bb button_icon=\u00bb%%20%%\u00bb button_alignment=\u00bbleft\u00bb [&hellip;]<\/p>\n","protected":false},"author":1,"featured_media":0,"parent":0,"menu_order":0,"comment_status":"closed","ping_status":"closed","template":"","meta":{"_et_pb_use_builder":"on","_et_pb_old_content":"","_et_gb_content_width":"","_monsterinsights_skip_tracking":false,"_monsterinsights_sitenote_active":false,"_monsterinsights_sitenote_note":"","_monsterinsights_sitenote_category":0,"footnotes":""},"class_list":["post-4646","page","type-page","status-publish","hentry"],"yoast_head":"<!-- This site is optimized with the Yoast SEO plugin v26.9 - https:\/\/yoast.com\/product\/yoast-seo-wordpress\/ -->\n<title>Cultura Viva Per\u00fa taller de arte y cer\u00e1mica peruana Valle Sagrado Cusco<\/title>\n<meta name=\"description\" content=\"Una visita al estudio creativo de Alberto &quot;El Jard\u00edn de las Mamitas&quot; es una parada ineludible en el Valle Sagrado. \u00a1Descubre tu creatividad e insp\u00edrate!\" \/>\n<meta name=\"robots\" content=\"index, follow, max-snippet:-1, max-image-preview:large, max-video-preview:-1\" \/>\n<link rel=\"canonical\" href=\"https:\/\/culturavivaperu.com\/es\/taller-de-arte-y-ceramica-peruana-valle-sagrado-cusco\/\" \/>\n<meta property=\"og:locale\" content=\"es_ES\" \/>\n<meta property=\"og:type\" content=\"article\" \/>\n<meta property=\"og:title\" content=\"Cultura Viva Per\u00fa taller de arte y cer\u00e1mica peruana Valle Sagrado Cusco\" \/>\n<meta property=\"og:description\" content=\"Una visita al estudio creativo de Alberto &quot;El Jard\u00edn de las Mamitas&quot; es una parada ineludible en el Valle Sagrado. \u00a1Descubre tu creatividad e insp\u00edrate!\" \/>\n<meta property=\"og:url\" content=\"https:\/\/culturavivaperu.com\/es\/taller-de-arte-y-ceramica-peruana-valle-sagrado-cusco\/\" \/>\n<meta property=\"og:site_name\" content=\"Cultura Viva Peru Travel\" \/>\n<meta property=\"article:modified_time\" content=\"2020-05-02T21:29:00+00:00\" \/>\n<meta name=\"twitter:card\" content=\"summary_large_image\" \/>\n<meta name=\"twitter:label1\" content=\"Tiempo de lectura\" \/>\n\t<meta name=\"twitter:data1\" content=\"6 minutos\" \/>\n<script type=\"application\/ld+json\" class=\"yoast-schema-graph\">{\"@context\":\"https:\/\/schema.org\",\"@graph\":[{\"@type\":\"WebPage\",\"@id\":\"https:\/\/culturavivaperu.com\/es\/taller-de-arte-y-ceramica-peruana-valle-sagrado-cusco\/\",\"url\":\"https:\/\/culturavivaperu.com\/es\/taller-de-arte-y-ceramica-peruana-valle-sagrado-cusco\/\",\"name\":\"Cultura Viva Per\u00fa taller de arte y cer\u00e1mica peruana Valle Sagrado Cusco\",\"isPartOf\":{\"@id\":\"https:\/\/culturavivaperu.com\/es\/#website\"},\"datePublished\":\"2020-05-02T21:28:59+00:00\",\"dateModified\":\"2020-05-02T21:29:00+00:00\",\"description\":\"Una visita al estudio creativo de Alberto \\\"El Jard\u00edn de las Mamitas\\\" es una parada ineludible en el Valle Sagrado. \u00a1Descubre tu creatividad e insp\u00edrate!\",\"breadcrumb\":{\"@id\":\"https:\/\/culturavivaperu.com\/es\/taller-de-arte-y-ceramica-peruana-valle-sagrado-cusco\/#breadcrumb\"},\"inLanguage\":\"es\",\"potentialAction\":[{\"@type\":\"ReadAction\",\"target\":[\"https:\/\/culturavivaperu.com\/es\/taller-de-arte-y-ceramica-peruana-valle-sagrado-cusco\/\"]}]},{\"@type\":\"BreadcrumbList\",\"@id\":\"https:\/\/culturavivaperu.com\/es\/taller-de-arte-y-ceramica-peruana-valle-sagrado-cusco\/#breadcrumb\",\"itemListElement\":[{\"@type\":\"ListItem\",\"position\":1,\"name\":\"Home\",\"item\":\"https:\/\/culturavivaperu.com\/es\/peru-travel-cultura-viva-peru-tours-educativos-con-alma-y-proposito\/\"},{\"@type\":\"ListItem\",\"position\":2,\"name\":\"Taller de Arte y Cer\u00e1mica Peruana &#8211; Valle Sagrado, Cusco\"}]},{\"@type\":\"WebSite\",\"@id\":\"https:\/\/culturavivaperu.com\/es\/#website\",\"url\":\"https:\/\/culturavivaperu.com\/es\/\",\"name\":\"Cultura Viva Peru Travel\",\"description\":\"Sustainable Travel Experiences in Peru\",\"potentialAction\":[{\"@type\":\"SearchAction\",\"target\":{\"@type\":\"EntryPoint\",\"urlTemplate\":\"https:\/\/culturavivaperu.com\/es\/?s={search_term_string}\"},\"query-input\":{\"@type\":\"PropertyValueSpecification\",\"valueRequired\":true,\"valueName\":\"search_term_string\"}}],\"inLanguage\":\"es\"}]}<\/script>\n<!-- \/ Yoast SEO plugin. -->","yoast_head_json":{"title":"Cultura Viva Per\u00fa taller de arte y cer\u00e1mica peruana Valle Sagrado Cusco","description":"Una visita al estudio creativo de Alberto \"El Jard\u00edn de las Mamitas\" es una parada ineludible en el Valle Sagrado. \u00a1Descubre tu creatividad e insp\u00edrate!","robots":{"index":"index","follow":"follow","max-snippet":"max-snippet:-1","max-image-preview":"max-image-preview:large","max-video-preview":"max-video-preview:-1"},"canonical":"https:\/\/culturavivaperu.com\/es\/taller-de-arte-y-ceramica-peruana-valle-sagrado-cusco\/","og_locale":"es_ES","og_type":"article","og_title":"Cultura Viva Per\u00fa taller de arte y cer\u00e1mica peruana Valle Sagrado Cusco","og_description":"Una visita al estudio creativo de Alberto \"El Jard\u00edn de las Mamitas\" es una parada ineludible en el Valle Sagrado. \u00a1Descubre tu creatividad e insp\u00edrate!","og_url":"https:\/\/culturavivaperu.com\/es\/taller-de-arte-y-ceramica-peruana-valle-sagrado-cusco\/","og_site_name":"Cultura Viva Peru Travel","article_modified_time":"2020-05-02T21:29:00+00:00","twitter_card":"summary_large_image","twitter_misc":{"Tiempo de lectura":"6 minutos"},"schema":{"@context":"https:\/\/schema.org","@graph":[{"@type":"WebPage","@id":"https:\/\/culturavivaperu.com\/es\/taller-de-arte-y-ceramica-peruana-valle-sagrado-cusco\/","url":"https:\/\/culturavivaperu.com\/es\/taller-de-arte-y-ceramica-peruana-valle-sagrado-cusco\/","name":"Cultura Viva Per\u00fa taller de arte y cer\u00e1mica peruana Valle Sagrado Cusco","isPartOf":{"@id":"https:\/\/culturavivaperu.com\/es\/#website"},"datePublished":"2020-05-02T21:28:59+00:00","dateModified":"2020-05-02T21:29:00+00:00","description":"Una visita al estudio creativo de Alberto \"El Jard\u00edn de las Mamitas\" es una parada ineludible en el Valle Sagrado. \u00a1Descubre tu creatividad e insp\u00edrate!","breadcrumb":{"@id":"https:\/\/culturavivaperu.com\/es\/taller-de-arte-y-ceramica-peruana-valle-sagrado-cusco\/#breadcrumb"},"inLanguage":"es","potentialAction":[{"@type":"ReadAction","target":["https:\/\/culturavivaperu.com\/es\/taller-de-arte-y-ceramica-peruana-valle-sagrado-cusco\/"]}]},{"@type":"BreadcrumbList","@id":"https:\/\/culturavivaperu.com\/es\/taller-de-arte-y-ceramica-peruana-valle-sagrado-cusco\/#breadcrumb","itemListElement":[{"@type":"ListItem","position":1,"name":"Home","item":"https:\/\/culturavivaperu.com\/es\/peru-travel-cultura-viva-peru-tours-educativos-con-alma-y-proposito\/"},{"@type":"ListItem","position":2,"name":"Taller de Arte y Cer\u00e1mica Peruana &#8211; Valle Sagrado, Cusco"}]},{"@type":"WebSite","@id":"https:\/\/culturavivaperu.com\/es\/#website","url":"https:\/\/culturavivaperu.com\/es\/","name":"Cultura Viva Peru Travel","description":"Sustainable Travel Experiences in Peru","potentialAction":[{"@type":"SearchAction","target":{"@type":"EntryPoint","urlTemplate":"https:\/\/culturavivaperu.com\/es\/?s={search_term_string}"},"query-input":{"@type":"PropertyValueSpecification","valueRequired":true,"valueName":"search_term_string"}}],"inLanguage":"es"}]}},"jetpack_sharing_enabled":true,"_links":{"self":[{"href":"https:\/\/culturavivaperu.com\/es\/wp-json\/wp\/v2\/pages\/4646","targetHints":{"allow":["GET"]}}],"collection":[{"href":"https:\/\/culturavivaperu.com\/es\/wp-json\/wp\/v2\/pages"}],"about":[{"href":"https:\/\/culturavivaperu.com\/es\/wp-json\/wp\/v2\/types\/page"}],"author":[{"embeddable":true,"href":"https:\/\/culturavivaperu.com\/es\/wp-json\/wp\/v2\/users\/1"}],"replies":[{"embeddable":true,"href":"https:\/\/culturavivaperu.com\/es\/wp-json\/wp\/v2\/comments?post=4646"}],"version-history":[{"count":2,"href":"https:\/\/culturavivaperu.com\/es\/wp-json\/wp\/v2\/pages\/4646\/revisions"}],"predecessor-version":[{"id":4650,"href":"https:\/\/culturavivaperu.com\/es\/wp-json\/wp\/v2\/pages\/4646\/revisions\/4650"}],"wp:attachment":[{"href":"https:\/\/culturavivaperu.com\/es\/wp-json\/wp\/v2\/media?parent=4646"}],"curies":[{"name":"wp","href":"https:\/\/api.w.org\/{rel}","templated":true}]}}