{"id":4633,"date":"2020-05-02T22:27:22","date_gmt":"2020-05-02T21:27:22","guid":{"rendered":"https:\/\/culturavivaperu.com\/chincheros-cusco-cooperativa-weaver\/"},"modified":"2020-05-02T22:27:23","modified_gmt":"2020-05-02T21:27:23","slug":"chincheros-cusco-cooperativa-weaver","status":"publish","type":"page","link":"https:\/\/culturavivaperu.com\/es\/chincheros-cusco-cooperativa-weaver\/","title":{"rendered":"Chincheros Cusco &#8211; Cooperativa Weaver"},"content":{"rendered":"<p>[et_pb_section fb_built=\u00bb1&#8243; fullwidth=\u00bbon\u00bb _builder_version=\u00bb4.0.7&#8243; saved_tabs=\u00bball\u00bb][et_pb_fullwidth_slider use_bg_overlay=\u00bboff\u00bb _builder_version=\u00bb4.0.7&#8243; header_level=\u00bbh1&#8243; body_font=\u00bb|||on|||||\u00bb background_enable_color=\u00bboff\u00bb background_image=\u00bbhttps:\/\/culturavivaperu.com\/wp-content\/uploads\/2020\/04\/Peru-Travel-Cusco-Tours-Expeditions.jpg\u00bb content_width_last_edited=\u00bboff|phone\u00bb custom_margin=\u00bb||||false|false\u00bb custom_padding=\u00bb420px||30px|0px|false|false\u00bb custom_padding_tablet=\u00bb440px||40px|0px|false|false\u00bb custom_padding_phone=\u00bb350px||50px|0px|false|false\u00bb custom_padding_last_edited=\u00bbon|desktop\u00bb][et_pb_slide heading=\u00bbChincheros Cusco, Weaver Coop. \u00bb _builder_version=\u00bb4.0.7&#8243; header_level=\u00bbh1&#8243; header_font=\u00bbLato|900|||||||\u00bb header_text_align=\u00bbleft\u00bb header_text_color=\u00bb#ef5f3d\u00bb header_font_size=\u00bb40px\u00bb body_font=\u00bbDidact Gothic|700|||||||\u00bb body_text_align=\u00bbleft\u00bb body_font_size=\u00bb30px\u00bb body_letter_spacing=\u00bb3px\u00bb body_line_height=\u00bb1.3em\u00bb background_enable_color=\u00bboff\u00bb custom_button=\u00bbon\u00bb button_text_size=\u00bb18px\u00bb button_bg_use_color_gradient=\u00bbon\u00bb button_bg_color_gradient_start=\u00bb#348e3f\u00bb button_bg_color_gradient_end=\u00bb#3da546&#8243; button_border_color=\u00bb#348e3f\u00bb button_border_radius=\u00bb40px\u00bb button_letter_spacing=\u00bb2px\u00bb button_font=\u00bbLato|700|||||||\u00bb button_use_icon=\u00bbon\u00bb button_icon=\u00bb%%20%%\u00bb button_alignment=\u00bbleft\u00bb custom_padding=\u00bb|0px||0px|false|true\u00bb header_font_size_tablet=\u00bb36px\u00bb header_font_size_phone=\u00bb24px\u00bb header_font_size_last_edited=\u00bbon|phone\u00bb body_font_size_tablet=\u00bb26px\u00bb body_font_size_phone=\u00bb15px\u00bb body_font_size_last_edited=\u00bbon|phone\u00bb body_line_height_tablet=\u00bb\u00bb body_line_height_phone=\u00bb\u00bb body_line_height_last_edited=\u00bbon|desktop\u00bb button_text_size_tablet=\u00bb18px\u00bb button_text_size_phone=\u00bb14px\u00bb button_text_size_last_edited=\u00bbon|desktop\u00bb]<\/p>\n<p><span>Conozca a Braulia y su cooperativa de tejido de mujeres junto al Lago Piuray &#8211; Chincheros, Cusco!<\/span><\/p>\n<p>[\/et_pb_slide][\/et_pb_fullwidth_slider][\/et_pb_section][et_pb_section fb_built=\u00bb1&#8243; _builder_version=\u00bb4.0.7&#8243; custom_padding=\u00bb||0px|||\u00bb][et_pb_row column_structure=\u00bb1_2,1_2&#8243; _builder_version=\u00bb4.0.7&#8243;][et_pb_column type=\u00bb1_2&#8243; _builder_version=\u00bb4.0.7&#8243;][et_pb_text _builder_version=\u00bb4.0.7&#8243; custom_padding_tablet=\u00bb\u00bb custom_padding_phone=\u00bb||0px||false|false\u00bb custom_padding_last_edited=\u00bbon|phone\u00bb]<\/p>\n<p style=\"text-align: justify;\"><span style=\"font-weight: 400;\">Conoce a Braulia, un feroz personaje del lago Piuray, cerca de Chincheros Cusco. Este hermoso lago est\u00e1 bastante cerca de Cusco, pero sus bancos est\u00e1n salpicados de aut\u00e9nticas comunidades quechuas que todav\u00eda practican las viejas formas de vida. Braulia creci\u00f3 viendo a los hombres de su comunidad alejarse en busca de trabajo, mientras que las mujeres normalmente se quedaban en casa. <\/span><\/p>\n<p style=\"text-align: justify;\"><span style=\"font-weight: 400;\">Desde una edad temprana, Braulia no aceptaba que las mujeres no pudieran estar en el mundo, innovando y apoyando al hogar. Trabaj\u00f3 durante a\u00f1os en algunos de los muchos talleres tur\u00edsticos de tejido en las cercan\u00edas de Chincheros, aunque pronto se cans\u00f3 del mal trato y los bajos salarios. La mayor\u00eda de estos talleres pagan mal a los tejedores y mantienen la mayor parte del beneficio. <\/span><\/p>\n<p class=\"p1\" style=\"text-align: justify;\">Reserve <a href=\"http:\/\/culturavivaperu.com\/book-tour-here\/\">aqu\u00ed<\/a> o lea m\u00e1s sobre la experiencia de aprendizaje a continuaci\u00f3n.<\/p>\n<p>[\/et_pb_text][\/et_pb_column][et_pb_column type=\u00bb1_2&#8243; _builder_version=\u00bb4.0.7&#8243;][et_pb_image src=\u00bbhttp:\/\/culturavivaperu.com\/wp-content\/uploads\/2020\/03\/Peruvian-Weavings-Chincheros-Peru.jpg\u00bb _builder_version=\u00bb4.0.7&#8243;][\/et_pb_image][\/et_pb_column][\/et_pb_row][\/et_pb_section][et_pb_section fb_built=\u00bb1&#8243; _builder_version=\u00bb4.0.7&#8243; custom_padding=\u00bb0px||0px|||\u00bb][et_pb_row custom_padding_last_edited=\u00bbon|phone\u00bb _builder_version=\u00bb4.0.7&#8243; custom_padding_tablet=\u00bb\u00bb custom_padding_phone=\u00bb0px||||false|false\u00bb][et_pb_column type=\u00bb4_4&#8243; _builder_version=\u00bb4.0.7&#8243;][et_pb_text _builder_version=\u00bb4.0.7&#8243; custom_padding_tablet=\u00bb\u00bb custom_padding_phone=\u00bb0px||||false|false\u00bb custom_padding_last_edited=\u00bbon|phone\u00bb]<\/p>\n<p style=\"text-align: justify;\"><span style=\"font-weight: 400;\">As\u00ed que decidi\u00f3 crear su propia cooperativa llamada Pumaqwasi. Se encuentra a orillas del lago Piuray en su pueblo llamado Pucamarca. Hay 12 mujeres en la cooperativa y todos los beneficios se repartir\u00e1n por igual. Braulia est\u00e1 decidida a ser una fuerza positiva y una buena l\u00edder para sus hermanas de la comunidad. Una visita aqu\u00ed con Braulia es una experiencia cultural inolvidable.<\/span><\/p>\n<p style=\"text-align: justify;\"><span style=\"font-weight: 400;\">Desde Cusco el tour comienza a las 8 am. Llegamos a la comunidad de Braulia, cerca de Chincheros Cusco, aproximadamente de 8.30 &#8211; 8.45 am. Usted tiene la opci\u00f3n de participar en un taller de medio d\u00eda o en un taller m\u00e1s completo de d\u00eda completo o de varios d\u00edas. T<\/span><span style=\"font-weight: 400;\">el taller de medio d\u00eda comienza con una explicaci\u00f3n general de las t\u00e9cnicas naturales de muerte y el proceso de tejido. Entonces Braulia le llevar\u00e1 hasta el borde del lago para empaparse de las hermosas vistas y le ense\u00f1ar\u00e1 c\u00f3mo girar el hilo. <\/span><\/p>\n<p style=\"text-align: justify;\"><span style=\"font-weight: 400;\">Braulia tambi\u00e9n dar\u00e1 una explicaci\u00f3n de la agricultura local. Si llegas cuando se est\u00e1 plantando o cosechando, \u00a1incluso puedes llegar a participar y aprender c\u00f3mo se cultivan especies andinas como la quinua! <span>Un hermoso almuerzo de productos frescos locales se sirve a la 1 pm. Todas las dietas pueden ser atendidas, por favor inf\u00f3rmenos con antelaci\u00f3n si usted tiene restricciones diet\u00e9ticas.<\/span><\/span><\/p>\n<p>[\/et_pb_text][\/et_pb_column][\/et_pb_row][\/et_pb_section][et_pb_section fb_built=\u00bb1&#8243; disabled_on=\u00bbon|on|off\u00bb _builder_version=\u00bb4.4.4&#8243; custom_padding=\u00bb0px||0px||true|false\u00bb][et_pb_row use_custom_gutter=\u00bbon\u00bb gutter_width=\u00bb1&#8243; make_equal=\u00bbon\u00bb _builder_version=\u00bb4.4.4&#8243; width=\u00bb100%\u00bb max_width=\u00bb2488px\u00bb][et_pb_column type=\u00bb4_4&#8243; _builder_version=\u00bb4.4.4&#8243;][et_pb_gallery gallery_ids=\u00bb2342,2345,2346,2347,2348,2350,4635,2352,2353,2354&#8243; posts_number=\u00bb8&#8243; orientation=\u00bbportrait\u00bb show_title_and_caption=\u00bboff\u00bb show_pagination=\u00bboff\u00bb zoom_icon_color=\u00bbrgba(0,0,0,0)\u00bb hover_overlay_color=\u00bbrgba(255,255,255,0.4)\u00bb hover_icon=\u00bb%%51%%\u00bb module_id=\u00bb.pa-image-gallery-1-1&#8243; _builder_version=\u00bb4.4.4&#8243; custom_css_gallery_item=\u00bbpadding: 2px;\u00bb][\/et_pb_gallery][\/et_pb_column][\/et_pb_row][\/et_pb_section][et_pb_section fb_built=\u00bb1&#8243; _builder_version=\u00bb4.0.7&#8243; custom_padding=\u00bb0px||0px||true|\u00bb][et_pb_row _builder_version=\u00bb4.0.7&#8243; custom_padding=\u00bb0px||||false|false\u00bb][et_pb_column type=\u00bb4_4&#8243; _builder_version=\u00bb4.0.7&#8243;][et_pb_gallery gallery_ids=\u00bb2348,2345,2346,2347,2349,2350,4635,2352,2353,2354&#8243; fullwidth=\u00bbon\u00bb disabled_on=\u00bboff|on|on\u00bb _builder_version=\u00bb4.4.4&#8243;][\/et_pb_gallery][\/et_pb_column][\/et_pb_row][\/et_pb_section][et_pb_section fb_built=\u00bb1&#8243; _builder_version=\u00bb4.0.7&#8243; custom_padding=\u00bb0px||0px||false|false\u00bb][et_pb_row _builder_version=\u00bb4.0.7&#8243; custom_padding=\u00bb0px||||false|false\u00bb][et_pb_column type=\u00bb4_4&#8243; _builder_version=\u00bb4.0.7&#8243;][et_pb_text _builder_version=\u00bb4.4.4&#8243; text_font=\u00bb||||||||\u00bb custom_padding=\u00bb0px||||false|false\u00bb hover_enabled=\u00bb0&#8243;]<\/p>\n<p style=\"text-align: justify;\"><span style=\"font-weight: 400;\">El tour de medio d\u00eda termina despu\u00e9s del almuerzo y los participantes toman el transporte hacia su pr\u00f3ximo destino. La experiencia de medio d\u00eda se puede combinar con muchas otras actividades como morenas\/maras o incluso una clase de cocina en el Valle Sagrado en ruta a Machu Picchu. Si lo prefiere, tambi\u00e9n puede hacer la experiencia de medio d\u00eda por la tarde. <\/span><\/p>\n<p style=\"text-align: justify;\"><span style=\"font-weight: 400;\">Aquellos que tienen tiempo y que desean aprender m\u00e1s sobre la nave de tejer pueden hacerlo en un curso de d\u00eda completo o en el transcurso de varios d\u00edas. Por favor, especifique en su formulario de registro si desea visitar la cooperativa de Braulia para una estancia m\u00e1s larga. <\/span><\/p>\n<p>[\/et_pb_text][\/et_pb_column][\/et_pb_row][\/et_pb_section][et_pb_section fb_built=\u00bb1&#8243; _builder_version=\u00bb4.0.7&#8243; custom_padding=\u00bb0px|||||\u00bb][et_pb_row column_structure=\u00bb2_5,3_5&#8243; use_custom_gutter=\u00bbon\u00bb gutter_width=\u00bb1&#8243; _builder_version=\u00bb4.0.7&#8243; width=\u00bb100%\u00bb max_width=\u00bb80%\u00bb][et_pb_column type=\u00bb2_5&#8243; _builder_version=\u00bb4.0.7&#8243;][et_pb_text _builder_version=\u00bb4.0.7&#8243; header_3_font=\u00bbDidact Gothic|700|||||||\u00bb header_3_text_align=\u00bbcenter\u00bb header_3_text_color=\u00bb#ef5f3d\u00bb header_3_font_size=\u00bb26px\u00bb custom_padding=\u00bb||||true|true\u00bb header_3_font_size_tablet=\u00bb\u00bb header_3_font_size_phone=\u00bb\u00bb header_3_font_size_last_edited=\u00bbon|phone\u00bb]<\/p>\n<h3>Precios <\/h3>\n<p>[\/et_pb_text][et_pb_accordion icon_color=\u00bb#ef5f3d\u00bb _builder_version=\u00bb4.0.7&#8243; toggle_font=\u00bbLato|700|||||||\u00bb max_width=\u00bb50%\u00bb max_width_tablet=\u00bb60%\u00bb max_width_phone=\u00bb75%\u00bb max_width_last_edited=\u00bbon|desktop\u00bb module_alignment=\u00bbcenter\u00bb][et_pb_accordion_item title=\u00bb2 Personas\u00bb open=\u00bbon\u00bb _builder_version=\u00bb4.0.7&#8243;]<\/p>\n<p>&#8211; USD \/por persona.<\/p>\n<p>[\/et_pb_accordion_item][et_pb_accordion_item title=\u00bb3 Personas\u00bb _builder_version=\u00bb4.0.7&#8243; open=\u00bboff\u00bb]<\/p>\n<p>&#8211; \/por persona<\/p>\n<p>[\/et_pb_accordion_item][et_pb_accordion_item title=\u00bb4 Personas\u00bb _builder_version=\u00bb4.0.7&#8243; open=\u00bboff\u00bb]<\/p>\n<p>&#8211; USD \/por persona<\/p>\n<p>[\/et_pb_accordion_item][et_pb_accordion_item title=\u00bb5 Personas\u00bb _builder_version=\u00bb4.0.7&#8243; open=\u00bboff\u00bb]<\/p>\n<p>&#8211; USD \/por persona<\/p>\n<p>[\/et_pb_accordion_item][et_pb_accordion_item title=\u00bb6 Personas\u00bb _builder_version=\u00bb4.0.7&#8243; open=\u00bboff\u00bb]<\/p>\n<p>&#8211; USD \/por persona<\/p>\n<p>[\/et_pb_accordion_item][et_pb_accordion_item title=\u00bb7 Personas\u00bb _builder_version=\u00bb4.0.7&#8243; open=\u00bboff\u00bb]<\/p>\n<p>&#8211; USD \/por persona<\/p>\n<p>[\/et_pb_accordion_item][et_pb_accordion_item title=\u00bb8+ Personas\u00bb _builder_version=\u00bb4.0.7&#8243; open=\u00bboff\u00bb]<\/p>\n<p>&#8211; USD \/por persona<\/p>\n<p>[\/et_pb_accordion_item][\/et_pb_accordion][\/et_pb_column][et_pb_column type=\u00bb3_5&#8243; _builder_version=\u00bb4.0.7&#8243;][et_pb_text _builder_version=\u00bb4.0.7&#8243; text_font=\u00bb||||||||\u00bb custom_padding_tablet=\u00bb30px||||false|false\u00bb custom_padding_phone=\u00bb30px||||false|false\u00bb custom_padding_last_edited=\u00bbon|tablet\u00bb]<\/p>\n<p style=\"text-align: justify;\"><span style=\"color: #ff6600;\"><b>Incluido:<\/b><\/span><\/p>\n<ul class=\"ul1\" style=\"text-align: justify;\">\n<li class=\"li2\">\n<\/li>\n<\/ul>\n<p class=\"p2\" style=\"text-align: justify;\"><span style=\"color: #ff6600;\"><b>NO INCLUIDO:<\/b><\/span><\/p>\n<ul class=\"ul1\" style=\"text-align: justify;\">\n<li class=\"li2\">\n<\/li>\n<\/ul>\n<p class=\"p4\" style=\"text-align: justify;\"><span style=\"color: #ff6600;\"><b>\u00bfQUE ESENCIALES DEBO LLEVAR?<\/b><\/span><\/p>\n<p class=\"p2\" style=\"text-align: justify;\">Se recomienda llevar gafas de sol, protector solar con alto SPF, crema hidratante y sombrero, ropa c\u00f3moda para el d\u00eda, camisas de algod\u00f3n, desinfectante de manos y c\u00e1mara!<\/p>\n<p class=\"p2\" style=\"text-align: justify;\">Cuando vas m\u00e1s de 3500 metros siempre necesitas llevar una chaqueta de vell\u00f3n y una gruesa chaqueta de invierno por si acaso. \u00a1El viento es muy fresco a esa altitud!<\/p>\n<p>[\/et_pb_text][\/et_pb_column][\/et_pb_row][\/et_pb_section][et_pb_section fb_built=\u00bb1&#8243; _builder_version=\u00bb4.0.7&#8243; custom_padding=\u00bb0px|||||\u00bb][et_pb_row _builder_version=\u00bb4.0.7&#8243;][et_pb_column type=\u00bb4_4&#8243; _builder_version=\u00bb4.0.7&#8243;][et_pb_button button_url=\u00bb@ET-DC@eyJkeW5hbWljIjp0cnVlLCJjb250ZW50IjoicG9zdF9saW5rX3VybF9wYWdlIiwic2V0dGluZ3MiOnsicG9zdF9pZCI6IjE2NzUifX0=@\u00bb button_text=\u00bbReserve ahora\u00bb button_alignment=\u00bbcenter\u00bb _builder_version=\u00bb4.4.4&#8243; _dynamic_attributes=\u00bbbutton_url\u00bb custom_button=\u00bbon\u00bb button_text_size=\u00bb35px\u00bb button_text_color=\u00bb#ffffff\u00bb button_bg_use_color_gradient=\u00bbon\u00bb button_bg_color_gradient_start=\u00bb#419e1f\u00bb button_bg_color_gradient_end=\u00bb#1b8921&#8243; button_border_width=\u00bb0px\u00bb button_border_radius=\u00bb60px\u00bb button_font=\u00bbLato|700|||||||\u00bb button_icon=\u00bb%%20%%\u00bb][\/et_pb_button][\/et_pb_column][\/et_pb_row][\/et_pb_section]<\/p>\n","protected":false},"excerpt":{"rendered":"<p>[et_pb_section fb_built=\u00bb1&#8243; fullwidth=\u00bbon\u00bb _builder_version=\u00bb4.0.7&#8243; saved_tabs=\u00bball\u00bb][et_pb_fullwidth_slider use_bg_overlay=\u00bboff\u00bb _builder_version=\u00bb4.0.7&#8243; header_level=\u00bbh1&#8243; body_font=\u00bb|||on|||||\u00bb background_enable_color=\u00bboff\u00bb background_image=\u00bbhttps:\/\/culturavivaperu.com\/wp-content\/uploads\/2020\/04\/Peru-Travel-Cusco-Tours-Expeditions.jpg\u00bb content_width_last_edited=\u00bboff|phone\u00bb custom_margin=\u00bb||||false|false\u00bb custom_padding=\u00bb420px||30px|0px|false|false\u00bb custom_padding_tablet=\u00bb440px||40px|0px|false|false\u00bb custom_padding_phone=\u00bb350px||50px|0px|false|false\u00bb custom_padding_last_edited=\u00bbon|desktop\u00bb][et_pb_slide heading=\u00bbChincheros Cusco, Weaver Coop. \u00bb _builder_version=\u00bb4.0.7&#8243; header_level=\u00bbh1&#8243; header_font=\u00bbLato|900|||||||\u00bb header_text_align=\u00bbleft\u00bb header_text_color=\u00bb#ef5f3d\u00bb header_font_size=\u00bb40px\u00bb body_font=\u00bbDidact Gothic|700|||||||\u00bb body_text_align=\u00bbleft\u00bb body_font_size=\u00bb30px\u00bb body_letter_spacing=\u00bb3px\u00bb body_line_height=\u00bb1.3em\u00bb background_enable_color=\u00bboff\u00bb custom_button=\u00bbon\u00bb button_text_size=\u00bb18px\u00bb button_bg_use_color_gradient=\u00bbon\u00bb button_bg_color_gradient_start=\u00bb#348e3f\u00bb button_bg_color_gradient_end=\u00bb#3da546&#8243; button_border_color=\u00bb#348e3f\u00bb button_border_radius=\u00bb40px\u00bb button_letter_spacing=\u00bb2px\u00bb button_font=\u00bbLato|700|||||||\u00bb button_use_icon=\u00bbon\u00bb button_icon=\u00bb%%20%%\u00bb button_alignment=\u00bbleft\u00bb custom_padding=\u00bb|0px||0px|false|true\u00bb header_font_size_tablet=\u00bb36px\u00bb header_font_size_phone=\u00bb24px\u00bb header_font_size_last_edited=\u00bbon|phone\u00bb body_font_size_tablet=\u00bb26px\u00bb body_font_size_phone=\u00bb15px\u00bb body_font_size_last_edited=\u00bbon|phone\u00bb body_line_height_tablet=\u00bb\u00bb [&hellip;]<\/p>\n","protected":false},"author":1,"featured_media":0,"parent":0,"menu_order":0,"comment_status":"closed","ping_status":"closed","template":"","meta":{"_et_pb_use_builder":"on","_et_pb_old_content":"","_et_gb_content_width":"","_monsterinsights_skip_tracking":false,"_monsterinsights_sitenote_active":false,"_monsterinsights_sitenote_note":"","_monsterinsights_sitenote_category":0,"footnotes":""},"class_list":["post-4633","page","type-page","status-publish","hentry"],"yoast_head":"<!-- This site is optimized with the Yoast SEO plugin v26.9 - https:\/\/yoast.com\/product\/yoast-seo-wordpress\/ -->\n<title>Chincheros Cusco - Cooperativa Weaver - Cultura Viva Peru Travel<\/title>\n<meta name=\"description\" content=\"Conoce a Braulia, un feroz personaje del lago Piuray, cerca de Chincheros Cusco. Desde una edad temprana, Braulia no aceptaba que las mujeres no pudieran estar innovando tambi\u00e9n.\" \/>\n<meta name=\"robots\" content=\"index, follow, max-snippet:-1, max-image-preview:large, max-video-preview:-1\" \/>\n<link rel=\"canonical\" href=\"https:\/\/culturavivaperu.com\/es\/chincheros-cusco-cooperativa-weaver\/\" \/>\n<meta property=\"og:locale\" content=\"es_ES\" \/>\n<meta property=\"og:type\" content=\"article\" \/>\n<meta property=\"og:title\" content=\"Chincheros Cusco - Cooperativa Weaver - Cultura Viva Peru Travel\" \/>\n<meta property=\"og:description\" content=\"Conoce a Braulia, un feroz personaje del lago Piuray, cerca de Chincheros Cusco. Desde una edad temprana, Braulia no aceptaba que las mujeres no pudieran estar innovando tambi\u00e9n.\" \/>\n<meta property=\"og:url\" content=\"https:\/\/culturavivaperu.com\/es\/chincheros-cusco-cooperativa-weaver\/\" \/>\n<meta property=\"og:site_name\" content=\"Cultura Viva Peru Travel\" \/>\n<meta property=\"article:modified_time\" content=\"2020-05-02T21:27:23+00:00\" \/>\n<meta property=\"og:image\" content=\"https:\/\/culturavivaperu.com\/wp-content\/uploads\/2020\/03\/Travel-Peru-Weaving-Community.jpg\" \/>\n<meta name=\"twitter:card\" content=\"summary_large_image\" \/>\n<meta name=\"twitter:image\" content=\"https:\/\/culturavivaperu.com\/wp-content\/uploads\/2020\/03\/Travel-Peru-Weaving-Community.jpg\" \/>\n<meta name=\"twitter:label1\" content=\"Tiempo de lectura\" \/>\n\t<meta name=\"twitter:data1\" content=\"8 minutos\" \/>\n<script type=\"application\/ld+json\" class=\"yoast-schema-graph\">{\"@context\":\"https:\/\/schema.org\",\"@graph\":[{\"@type\":\"WebPage\",\"@id\":\"https:\/\/culturavivaperu.com\/es\/chincheros-cusco-cooperativa-weaver\/\",\"url\":\"https:\/\/culturavivaperu.com\/es\/chincheros-cusco-cooperativa-weaver\/\",\"name\":\"Chincheros Cusco - Cooperativa Weaver - Cultura Viva Peru Travel\",\"isPartOf\":{\"@id\":\"https:\/\/culturavivaperu.com\/es\/#website\"},\"datePublished\":\"2020-05-02T21:27:22+00:00\",\"dateModified\":\"2020-05-02T21:27:23+00:00\",\"description\":\"Conoce a Braulia, un feroz personaje del lago Piuray, cerca de Chincheros Cusco. Desde una edad temprana, Braulia no aceptaba que las mujeres no pudieran estar innovando tambi\u00e9n.\",\"breadcrumb\":{\"@id\":\"https:\/\/culturavivaperu.com\/es\/chincheros-cusco-cooperativa-weaver\/#breadcrumb\"},\"inLanguage\":\"es\",\"potentialAction\":[{\"@type\":\"ReadAction\",\"target\":[\"https:\/\/culturavivaperu.com\/es\/chincheros-cusco-cooperativa-weaver\/\"]}]},{\"@type\":\"BreadcrumbList\",\"@id\":\"https:\/\/culturavivaperu.com\/es\/chincheros-cusco-cooperativa-weaver\/#breadcrumb\",\"itemListElement\":[{\"@type\":\"ListItem\",\"position\":1,\"name\":\"Home\",\"item\":\"https:\/\/culturavivaperu.com\/es\/peru-travel-cultura-viva-peru-tours-educativos-con-alma-y-proposito\/\"},{\"@type\":\"ListItem\",\"position\":2,\"name\":\"Chincheros Cusco &#8211; Cooperativa Weaver\"}]},{\"@type\":\"WebSite\",\"@id\":\"https:\/\/culturavivaperu.com\/es\/#website\",\"url\":\"https:\/\/culturavivaperu.com\/es\/\",\"name\":\"Cultura Viva Peru Travel\",\"description\":\"Sustainable Travel Experiences in Peru\",\"potentialAction\":[{\"@type\":\"SearchAction\",\"target\":{\"@type\":\"EntryPoint\",\"urlTemplate\":\"https:\/\/culturavivaperu.com\/es\/?s={search_term_string}\"},\"query-input\":{\"@type\":\"PropertyValueSpecification\",\"valueRequired\":true,\"valueName\":\"search_term_string\"}}],\"inLanguage\":\"es\"}]}<\/script>\n<!-- \/ Yoast SEO plugin. -->","yoast_head_json":{"title":"Chincheros Cusco - Cooperativa Weaver - Cultura Viva Peru Travel","description":"Conoce a Braulia, un feroz personaje del lago Piuray, cerca de Chincheros Cusco. Desde una edad temprana, Braulia no aceptaba que las mujeres no pudieran estar innovando tambi\u00e9n.","robots":{"index":"index","follow":"follow","max-snippet":"max-snippet:-1","max-image-preview":"max-image-preview:large","max-video-preview":"max-video-preview:-1"},"canonical":"https:\/\/culturavivaperu.com\/es\/chincheros-cusco-cooperativa-weaver\/","og_locale":"es_ES","og_type":"article","og_title":"Chincheros Cusco - Cooperativa Weaver - Cultura Viva Peru Travel","og_description":"Conoce a Braulia, un feroz personaje del lago Piuray, cerca de Chincheros Cusco. Desde una edad temprana, Braulia no aceptaba que las mujeres no pudieran estar innovando tambi\u00e9n.","og_url":"https:\/\/culturavivaperu.com\/es\/chincheros-cusco-cooperativa-weaver\/","og_site_name":"Cultura Viva Peru Travel","article_modified_time":"2020-05-02T21:27:23+00:00","og_image":[{"url":"https:\/\/culturavivaperu.com\/wp-content\/uploads\/2020\/03\/Travel-Peru-Weaving-Community.jpg","type":"","width":"","height":""}],"twitter_card":"summary_large_image","twitter_image":"https:\/\/culturavivaperu.com\/wp-content\/uploads\/2020\/03\/Travel-Peru-Weaving-Community.jpg","twitter_misc":{"Tiempo de lectura":"8 minutos"},"schema":{"@context":"https:\/\/schema.org","@graph":[{"@type":"WebPage","@id":"https:\/\/culturavivaperu.com\/es\/chincheros-cusco-cooperativa-weaver\/","url":"https:\/\/culturavivaperu.com\/es\/chincheros-cusco-cooperativa-weaver\/","name":"Chincheros Cusco - Cooperativa Weaver - Cultura Viva Peru Travel","isPartOf":{"@id":"https:\/\/culturavivaperu.com\/es\/#website"},"datePublished":"2020-05-02T21:27:22+00:00","dateModified":"2020-05-02T21:27:23+00:00","description":"Conoce a Braulia, un feroz personaje del lago Piuray, cerca de Chincheros Cusco. Desde una edad temprana, Braulia no aceptaba que las mujeres no pudieran estar innovando tambi\u00e9n.","breadcrumb":{"@id":"https:\/\/culturavivaperu.com\/es\/chincheros-cusco-cooperativa-weaver\/#breadcrumb"},"inLanguage":"es","potentialAction":[{"@type":"ReadAction","target":["https:\/\/culturavivaperu.com\/es\/chincheros-cusco-cooperativa-weaver\/"]}]},{"@type":"BreadcrumbList","@id":"https:\/\/culturavivaperu.com\/es\/chincheros-cusco-cooperativa-weaver\/#breadcrumb","itemListElement":[{"@type":"ListItem","position":1,"name":"Home","item":"https:\/\/culturavivaperu.com\/es\/peru-travel-cultura-viva-peru-tours-educativos-con-alma-y-proposito\/"},{"@type":"ListItem","position":2,"name":"Chincheros Cusco &#8211; Cooperativa Weaver"}]},{"@type":"WebSite","@id":"https:\/\/culturavivaperu.com\/es\/#website","url":"https:\/\/culturavivaperu.com\/es\/","name":"Cultura Viva Peru Travel","description":"Sustainable Travel Experiences in Peru","potentialAction":[{"@type":"SearchAction","target":{"@type":"EntryPoint","urlTemplate":"https:\/\/culturavivaperu.com\/es\/?s={search_term_string}"},"query-input":{"@type":"PropertyValueSpecification","valueRequired":true,"valueName":"search_term_string"}}],"inLanguage":"es"}]}},"jetpack_sharing_enabled":true,"_links":{"self":[{"href":"https:\/\/culturavivaperu.com\/es\/wp-json\/wp\/v2\/pages\/4633","targetHints":{"allow":["GET"]}}],"collection":[{"href":"https:\/\/culturavivaperu.com\/es\/wp-json\/wp\/v2\/pages"}],"about":[{"href":"https:\/\/culturavivaperu.com\/es\/wp-json\/wp\/v2\/types\/page"}],"author":[{"embeddable":true,"href":"https:\/\/culturavivaperu.com\/es\/wp-json\/wp\/v2\/users\/1"}],"replies":[{"embeddable":true,"href":"https:\/\/culturavivaperu.com\/es\/wp-json\/wp\/v2\/comments?post=4633"}],"version-history":[{"count":5,"href":"https:\/\/culturavivaperu.com\/es\/wp-json\/wp\/v2\/pages\/4633\/revisions"}],"predecessor-version":[{"id":4640,"href":"https:\/\/culturavivaperu.com\/es\/wp-json\/wp\/v2\/pages\/4633\/revisions\/4640"}],"wp:attachment":[{"href":"https:\/\/culturavivaperu.com\/es\/wp-json\/wp\/v2\/media?parent=4633"}],"curies":[{"name":"wp","href":"https:\/\/api.w.org\/{rel}","templated":true}]}}