{"id":4626,"date":"2020-05-02T22:26:29","date_gmt":"2020-05-02T21:26:29","guid":{"rendered":"https:\/\/culturavivaperu.com\/tour-de-fotografia-en-cusco\/"},"modified":"2020-05-02T22:26:32","modified_gmt":"2020-05-02T21:26:32","slug":"tour-de-fotografia-en-cusco","status":"publish","type":"page","link":"https:\/\/culturavivaperu.com\/es\/tour-de-fotografia-en-cusco\/","title":{"rendered":"Tour de fotograf\u00eda en Cusco"},"content":{"rendered":"<p>[et_pb_section fb_built=\u00bb1&#8243; fullwidth=\u00bbon\u00bb _builder_version=\u00bb4.0.7&#8243; saved_tabs=\u00bball\u00bb][et_pb_fullwidth_slider use_bg_overlay=\u00bboff\u00bb _builder_version=\u00bb4.0.7&#8243; header_level=\u00bbh1&#8243; body_font=\u00bb|||on|||||\u00bb background_enable_color=\u00bboff\u00bb background_image=\u00bbhttps:\/\/culturavivaperu.com\/wp-content\/uploads\/2020\/04\/Photography-Tour-Cusco.jpg\u00bb content_width_last_edited=\u00bboff|phone\u00bb height_tablet=\u00bb\u00bb height_phone=\u00bb\u00bb height_last_edited=\u00bbon|phone\u00bb custom_margin=\u00bb||||false|false\u00bb custom_padding=\u00bb390px||30px||false|false\u00bb custom_padding_tablet=\u00bb440px||40px||false|false\u00bb custom_padding_phone=\u00bb300px||50px||false|false\u00bb custom_padding_last_edited=\u00bbon|phone\u00bb][et_pb_slide heading=\u00bbTours de fotograf\u00eda cusco.\u00bb _builder_version=\u00bb4.0.7&#8243; header_level=\u00bbh1&#8243; header_font=\u00bbLato|900|||||||\u00bb header_text_align=\u00bbleft\u00bb header_text_color=\u00bb#ef5f3d\u00bb header_font_size=\u00bb40px\u00bb body_font=\u00bbDidact Gothic|700|||||||\u00bb body_text_align=\u00bbleft\u00bb body_font_size=\u00bb30px\u00bb body_letter_spacing=\u00bb3px\u00bb body_line_height=\u00bb1.3em\u00bb background_enable_color=\u00bboff\u00bb custom_button=\u00bbon\u00bb button_text_size=\u00bb18px\u00bb button_bg_use_color_gradient=\u00bbon\u00bb button_bg_color_gradient_start=\u00bb#348e3f\u00bb button_bg_color_gradient_end=\u00bb#3da546&#8243; button_border_color=\u00bb#348e3f\u00bb button_border_radius=\u00bb40px\u00bb button_letter_spacing=\u00bb2px\u00bb button_font=\u00bbLato|700|||||||\u00bb button_use_icon=\u00bbon\u00bb button_icon=\u00bb%%20%%\u00bb button_alignment=\u00bbleft\u00bb custom_padding=\u00bb|0px||0px|false|true\u00bb header_font_size_tablet=\u00bb32px\u00bb header_font_size_phone=\u00bb24px\u00bb header_font_size_last_edited=\u00bbon|phone\u00bb body_font_size_tablet=\u00bb26px\u00bb body_font_size_phone=\u00bb15px\u00bb body_font_size_last_edited=\u00bbon|phone\u00bb body_line_height_tablet=\u00bb\u00bb body_line_height_phone=\u00bb\u00bb body_line_height_last_edited=\u00bbon|desktop\u00bb button_text_size_tablet=\u00bb18px\u00bb button_text_size_phone=\u00bb14px\u00bb button_text_size_last_edited=\u00bbon|desktop\u00bb]<\/p>\n<p><span>Ir en un recorrido fotogr\u00e1fico en Cusco con el fot\u00f3grafo local Miguel palomino!<\/span><\/p>\n<p><span><\/span><\/p>\n<p>[\/et_pb_slide][\/et_pb_fullwidth_slider][\/et_pb_section][et_pb_section fb_built=\u00bb1&#8243; _builder_version=\u00bb4.0.7&#8243; custom_padding=\u00bb||0px|||\u00bb][et_pb_row column_structure=\u00bb1_2,1_2&#8243; _builder_version=\u00bb4.0.7&#8243;][et_pb_column type=\u00bb1_2&#8243; _builder_version=\u00bb4.0.7&#8243;][et_pb_text _builder_version=\u00bb4.4.4&#8243; custom_padding_tablet=\u00bb\u00bb custom_padding_phone=\u00bb||0px||false|false\u00bb custom_padding_last_edited=\u00bbon|phone\u00bb hover_enabled=\u00bb0&#8243;]<\/p>\n<p class=\"p1\">Miguel estudi\u00f3 en el Institut d&#8217;estudis Fotogr\u00e1fics de Catalunya de Barcelona. Le encanta la fotograf\u00eda porque le da la oportunidad de entrar en contacto con tantos tipos diferentes de personas. Adem\u00e1s de su trabajo comercial, realiza trabajos de reportaje fotogr\u00e1fico para apoyar la protecci\u00f3n del medio ambiente y la revalorizaci\u00f3n de las culturas ancestrales andinas y amaz\u00f3nicas. Miguel ha expuesto su obra en Per\u00fa, Bolivia, Espa\u00f1a, Italia, Francia e Israel. Actualmente es profesor de fotograf\u00eda en la ciudad de Cusco.<\/p>\n<p class=\"p1\">Miguel disfruta tomando fotos de Cusco en los barrios tradicionales, aprovechando la arquitectura, los colores, la luz y las sombras.<\/p>\n<p class=\"p1\">Podemos organizar una serie de diferentes opciones orientadas a la fotograf\u00eda con Miguel como talleres de fotograf\u00eda\/tours y sesiones de fotos privadas.<\/p>\n<p class=\"p1\">Reserve <a href=\"http:\/\/culturavivaperu.com\/book-tour-here\/\">aqu\u00ed<\/a> o lea m\u00e1s sobre la experiencia de aprendizaje a continuaci\u00f3n.<\/p>\n<p class=\"p1\">\n[\/et_pb_text][\/et_pb_column][et_pb_column type=\u00bb1_2&#8243; _builder_version=\u00bb4.0.7&#8243;][et_pb_image src=\u00bbhttps:\/\/culturavivaperu.com\/wp-content\/uploads\/2019\/12\/Miguel-Local-photographer.jpg\u00bb _builder_version=\u00bb4.0.7&#8243;][\/et_pb_image][\/et_pb_column][\/et_pb_row][\/et_pb_section][et_pb_section fb_built=\u00bb1&#8243; _builder_version=\u00bb4.0.7&#8243; custom_padding=\u00bb0px||0px|||\u00bb][et_pb_row custom_padding_last_edited=\u00bbon|phone\u00bb _builder_version=\u00bb4.0.7&#8243; custom_padding_tablet=\u00bb\u00bb custom_padding_phone=\u00bb0px||||false|false\u00bb][et_pb_column type=\u00bb4_4&#8243; _builder_version=\u00bb4.0.7&#8243;][et_pb_text _builder_version=\u00bb4.4.4&#8243; custom_padding_tablet=\u00bb\u00bb custom_padding_phone=\u00bb0px||||false|false\u00bb custom_padding_last_edited=\u00bbon|phone\u00bb hover_enabled=\u00bb0&#8243;]<\/p>\n<h2 class=\"p1\">Tour de fotograf\u00eda en Cusco<\/h2>\n<p class=\"p1\">Un taller de fotograf\u00eda con Miguel es una maravillosa manera de comenzar su viaje a Per\u00fa. Mejora tus habilidades con la c\u00e1mara y recoge algunos conceptos de fotograf\u00eda nuevos para aplicar durante el resto de tu viaje. Los talleres se centrar\u00e1n en la composici\u00f3n, el color, la luz natural, los retratos y mucho m\u00e1s.<\/p>\n<p class=\"p1\">Usted puede elegir explorar la ciudad de Cusco juntos, o puede salir a tomar fotos en la naturaleza. A s\u00f3lo 15 minutos de la Plaza de Armas se puede encontrar un paisaje impresionantemente hermoso. Si tienes m\u00e1s tiempo, tambi\u00e9n puedes ir al Valle Sagrado y descubrir algunos de los impresionantes pueblos y paisajes con Miguel.<\/p>\n<p>\u00bfLa fotograf\u00eda no es tu mermelada? Miguel tambi\u00e9n ofrece sesiones de fotograf\u00eda profesional para aquellos de ustedes que quieran capturar un momento especial a lo largo de sus viajes en Per\u00fa. Tambi\u00e9n puede llevar a Miguel de gira por el d\u00eda para ser su fot\u00f3grafo personal en uno de sus emocionantes tours en la regi\u00f3n de Cusco. Una maravillosa manera de grabar momentos especiales en una de nuestras experiencias de viaje inolvidables y \u00fanicas.<\/p>\n<p>[\/et_pb_text][\/et_pb_column][\/et_pb_row][\/et_pb_section][et_pb_section fb_built=\u00bb1&#8243; disabled_on=\u00bbon|on|off\u00bb _builder_version=\u00bb4.4.4&#8243; custom_padding=\u00bb0px||0px||true|false\u00bb][et_pb_row use_custom_gutter=\u00bbon\u00bb gutter_width=\u00bb1&#8243; make_equal=\u00bbon\u00bb _builder_version=\u00bb4.4.4&#8243; width=\u00bb100%\u00bb max_width=\u00bb2488px\u00bb][et_pb_column type=\u00bb4_4&#8243; _builder_version=\u00bb4.4.4&#8243;][et_pb_gallery gallery_ids=\u00bb2171,2173,2172,2170,2176,2175,2177,2179&#8243; posts_number=\u00bb8&#8243; orientation=\u00bbportrait\u00bb show_title_and_caption=\u00bboff\u00bb show_pagination=\u00bboff\u00bb zoom_icon_color=\u00bbrgba(0,0,0,0)\u00bb hover_overlay_color=\u00bbrgba(255,255,255,0.4)\u00bb hover_icon=\u00bb%%51%%\u00bb module_id=\u00bb.pa-image-gallery-1-1&#8243; _builder_version=\u00bb4.4.4&#8243; custom_css_gallery_item=\u00bbpadding: 2px;\u00bb][\/et_pb_gallery][\/et_pb_column][\/et_pb_row][\/et_pb_section][et_pb_section fb_built=\u00bb1&#8243; _builder_version=\u00bb4.0.7&#8243; custom_padding=\u00bb0px||0px||true|\u00bb][et_pb_row _builder_version=\u00bb4.0.7&#8243; custom_padding=\u00bb0px||||false|false\u00bb][et_pb_column type=\u00bb4_4&#8243; _builder_version=\u00bb4.0.7&#8243;][et_pb_gallery gallery_ids=\u00bb2175,2170,2171,2172,2173,2174,2176,2177,2178,2179&#8243; fullwidth=\u00bbon\u00bb disabled_on=\u00bboff|on|on\u00bb _builder_version=\u00bb4.4.4&#8243;][\/et_pb_gallery][\/et_pb_column][\/et_pb_row][\/et_pb_section][et_pb_section fb_built=\u00bb1&#8243; _builder_version=\u00bb4.0.7&#8243;][et_pb_row _builder_version=\u00bb4.0.7&#8243;][et_pb_column type=\u00bb4_4&#8243; _builder_version=\u00bb4.0.7&#8243;][et_pb_text _builder_version=\u00bb4.0.7&#8243; header_3_font=\u00bbLato||||||||\u00bb]<\/p>\n<h3>Esta p\u00e1gina se actualizar\u00e1 con los precios de todas las opciones de viaje muy pronto!<\/h3>\n<p>[\/et_pb_text][\/et_pb_column][\/et_pb_row][\/et_pb_section][et_pb_section fb_built=\u00bb1&#8243; _builder_version=\u00bb4.0.7&#8243; custom_padding=\u00bb0px|||||\u00bb][et_pb_row _builder_version=\u00bb4.0.7&#8243;][et_pb_column type=\u00bb4_4&#8243; _builder_version=\u00bb4.0.7&#8243;][et_pb_button button_url=\u00bb@ET-DC@eyJkeW5hbWljIjp0cnVlLCJjb250ZW50IjoicG9zdF9saW5rX3VybF9wYWdlIiwic2V0dGluZ3MiOnsicG9zdF9pZCI6IjE2NzUifX0=@\u00bb button_text=\u00bbReserve ahora\u00bb button_alignment=\u00bbcenter\u00bb _builder_version=\u00bb4.4.4&#8243; _dynamic_attributes=\u00bbbutton_url\u00bb custom_button=\u00bbon\u00bb button_text_size=\u00bb35px\u00bb button_text_color=\u00bb#ffffff\u00bb button_bg_use_color_gradient=\u00bbon\u00bb button_bg_color_gradient_start=\u00bb#419e1f\u00bb button_bg_color_gradient_end=\u00bb#1b8921&#8243; button_border_width=\u00bb0px\u00bb button_border_radius=\u00bb60px\u00bb button_font=\u00bbLato|700|||||||\u00bb button_icon=\u00bb%%20%%\u00bb][\/et_pb_button][\/et_pb_column][\/et_pb_row][\/et_pb_section]<\/p>\n","protected":false},"excerpt":{"rendered":"<p>[et_pb_section fb_built=\u00bb1&#8243; fullwidth=\u00bbon\u00bb _builder_version=\u00bb4.0.7&#8243; saved_tabs=\u00bball\u00bb][et_pb_fullwidth_slider use_bg_overlay=\u00bboff\u00bb _builder_version=\u00bb4.0.7&#8243; header_level=\u00bbh1&#8243; body_font=\u00bb|||on|||||\u00bb background_enable_color=\u00bboff\u00bb background_image=\u00bbhttps:\/\/culturavivaperu.com\/wp-content\/uploads\/2020\/04\/Photography-Tour-Cusco.jpg\u00bb content_width_last_edited=\u00bboff|phone\u00bb height_tablet=\u00bb\u00bb height_phone=\u00bb\u00bb height_last_edited=\u00bbon|phone\u00bb custom_margin=\u00bb||||false|false\u00bb custom_padding=\u00bb390px||30px||false|false\u00bb custom_padding_tablet=\u00bb440px||40px||false|false\u00bb custom_padding_phone=\u00bb300px||50px||false|false\u00bb custom_padding_last_edited=\u00bbon|phone\u00bb][et_pb_slide heading=\u00bbTours de fotograf\u00eda cusco.\u00bb _builder_version=\u00bb4.0.7&#8243; header_level=\u00bbh1&#8243; header_font=\u00bbLato|900|||||||\u00bb header_text_align=\u00bbleft\u00bb header_text_color=\u00bb#ef5f3d\u00bb header_font_size=\u00bb40px\u00bb body_font=\u00bbDidact Gothic|700|||||||\u00bb body_text_align=\u00bbleft\u00bb body_font_size=\u00bb30px\u00bb body_letter_spacing=\u00bb3px\u00bb body_line_height=\u00bb1.3em\u00bb background_enable_color=\u00bboff\u00bb custom_button=\u00bbon\u00bb button_text_size=\u00bb18px\u00bb button_bg_use_color_gradient=\u00bbon\u00bb button_bg_color_gradient_start=\u00bb#348e3f\u00bb button_bg_color_gradient_end=\u00bb#3da546&#8243; button_border_color=\u00bb#348e3f\u00bb button_border_radius=\u00bb40px\u00bb button_letter_spacing=\u00bb2px\u00bb button_font=\u00bbLato|700|||||||\u00bb button_use_icon=\u00bbon\u00bb button_icon=\u00bb%%20%%\u00bb button_alignment=\u00bbleft\u00bb custom_padding=\u00bb|0px||0px|false|true\u00bb header_font_size_tablet=\u00bb32px\u00bb header_font_size_phone=\u00bb24px\u00bb header_font_size_last_edited=\u00bbon|phone\u00bb body_font_size_tablet=\u00bb26px\u00bb body_font_size_phone=\u00bb15px\u00bb [&hellip;]<\/p>\n","protected":false},"author":1,"featured_media":0,"parent":0,"menu_order":0,"comment_status":"closed","ping_status":"closed","template":"","meta":{"_et_pb_use_builder":"on","_et_pb_old_content":"","_et_gb_content_width":"","_monsterinsights_skip_tracking":false,"_monsterinsights_sitenote_active":false,"_monsterinsights_sitenote_note":"","_monsterinsights_sitenote_category":0,"footnotes":""},"class_list":["post-4626","page","type-page","status-publish","hentry"],"yoast_head":"<!-- This site is optimized with the Yoast SEO plugin v26.9 - https:\/\/yoast.com\/product\/yoast-seo-wordpress\/ -->\n<title>Tour de fotograf\u00eda en Cusco - Cultura Viva Peru Travel<\/title>\n<meta name=\"description\" content=\"Conoce a Miguel, un fot\u00f3grafo peruano que vive y trabaja entre Lima y Cusco. Qu\u00e9 mejor manera de comenzar su viaje que con un tour de fotograf\u00eda en Cusco.\" \/>\n<meta name=\"robots\" content=\"index, follow, max-snippet:-1, max-image-preview:large, max-video-preview:-1\" \/>\n<link rel=\"canonical\" href=\"https:\/\/culturavivaperu.com\/es\/tour-de-fotografia-en-cusco\/\" \/>\n<meta property=\"og:locale\" content=\"es_ES\" \/>\n<meta property=\"og:type\" content=\"article\" \/>\n<meta property=\"og:title\" content=\"Tour de fotograf\u00eda en Cusco - Cultura Viva Peru Travel\" \/>\n<meta property=\"og:description\" content=\"Conoce a Miguel, un fot\u00f3grafo peruano que vive y trabaja entre Lima y Cusco. Qu\u00e9 mejor manera de comenzar su viaje que con un tour de fotograf\u00eda en Cusco.\" \/>\n<meta property=\"og:url\" content=\"https:\/\/culturavivaperu.com\/es\/tour-de-fotografia-en-cusco\/\" \/>\n<meta property=\"og:site_name\" content=\"Cultura Viva Peru Travel\" \/>\n<meta property=\"article:modified_time\" content=\"2020-05-02T21:26:32+00:00\" \/>\n<meta property=\"og:image\" content=\"https:\/\/culturavivaperu.com\/wp-content\/uploads\/2019\/12\/Miguel-Local-photographer.jpg\" \/>\n<meta name=\"twitter:card\" content=\"summary_large_image\" \/>\n<meta name=\"twitter:image\" content=\"https:\/\/culturavivaperu.com\/wp-content\/uploads\/2019\/12\/Miguel-Local-photographer.jpg\" \/>\n<meta name=\"twitter:label1\" content=\"Tiempo de lectura\" \/>\n\t<meta name=\"twitter:data1\" content=\"6 minutos\" \/>\n<script type=\"application\/ld+json\" class=\"yoast-schema-graph\">{\"@context\":\"https:\/\/schema.org\",\"@graph\":[{\"@type\":\"WebPage\",\"@id\":\"https:\/\/culturavivaperu.com\/es\/tour-de-fotografia-en-cusco\/\",\"url\":\"https:\/\/culturavivaperu.com\/es\/tour-de-fotografia-en-cusco\/\",\"name\":\"Tour de fotograf\u00eda en Cusco - Cultura Viva Peru Travel\",\"isPartOf\":{\"@id\":\"https:\/\/culturavivaperu.com\/es\/#website\"},\"datePublished\":\"2020-05-02T21:26:29+00:00\",\"dateModified\":\"2020-05-02T21:26:32+00:00\",\"description\":\"Conoce a Miguel, un fot\u00f3grafo peruano que vive y trabaja entre Lima y Cusco. Qu\u00e9 mejor manera de comenzar su viaje que con un tour de fotograf\u00eda en Cusco.\",\"breadcrumb\":{\"@id\":\"https:\/\/culturavivaperu.com\/es\/tour-de-fotografia-en-cusco\/#breadcrumb\"},\"inLanguage\":\"es\",\"potentialAction\":[{\"@type\":\"ReadAction\",\"target\":[\"https:\/\/culturavivaperu.com\/es\/tour-de-fotografia-en-cusco\/\"]}]},{\"@type\":\"BreadcrumbList\",\"@id\":\"https:\/\/culturavivaperu.com\/es\/tour-de-fotografia-en-cusco\/#breadcrumb\",\"itemListElement\":[{\"@type\":\"ListItem\",\"position\":1,\"name\":\"Home\",\"item\":\"https:\/\/culturavivaperu.com\/es\/peru-travel-cultura-viva-peru-tours-educativos-con-alma-y-proposito\/\"},{\"@type\":\"ListItem\",\"position\":2,\"name\":\"Tour de fotograf\u00eda en Cusco\"}]},{\"@type\":\"WebSite\",\"@id\":\"https:\/\/culturavivaperu.com\/es\/#website\",\"url\":\"https:\/\/culturavivaperu.com\/es\/\",\"name\":\"Cultura Viva Peru Travel\",\"description\":\"Sustainable Travel Experiences in Peru\",\"potentialAction\":[{\"@type\":\"SearchAction\",\"target\":{\"@type\":\"EntryPoint\",\"urlTemplate\":\"https:\/\/culturavivaperu.com\/es\/?s={search_term_string}\"},\"query-input\":{\"@type\":\"PropertyValueSpecification\",\"valueRequired\":true,\"valueName\":\"search_term_string\"}}],\"inLanguage\":\"es\"}]}<\/script>\n<!-- \/ Yoast SEO plugin. -->","yoast_head_json":{"title":"Tour de fotograf\u00eda en Cusco - Cultura Viva Peru Travel","description":"Conoce a Miguel, un fot\u00f3grafo peruano que vive y trabaja entre Lima y Cusco. Qu\u00e9 mejor manera de comenzar su viaje que con un tour de fotograf\u00eda en Cusco.","robots":{"index":"index","follow":"follow","max-snippet":"max-snippet:-1","max-image-preview":"max-image-preview:large","max-video-preview":"max-video-preview:-1"},"canonical":"https:\/\/culturavivaperu.com\/es\/tour-de-fotografia-en-cusco\/","og_locale":"es_ES","og_type":"article","og_title":"Tour de fotograf\u00eda en Cusco - Cultura Viva Peru Travel","og_description":"Conoce a Miguel, un fot\u00f3grafo peruano que vive y trabaja entre Lima y Cusco. Qu\u00e9 mejor manera de comenzar su viaje que con un tour de fotograf\u00eda en Cusco.","og_url":"https:\/\/culturavivaperu.com\/es\/tour-de-fotografia-en-cusco\/","og_site_name":"Cultura Viva Peru Travel","article_modified_time":"2020-05-02T21:26:32+00:00","og_image":[{"url":"https:\/\/culturavivaperu.com\/wp-content\/uploads\/2019\/12\/Miguel-Local-photographer.jpg","type":"","width":"","height":""}],"twitter_card":"summary_large_image","twitter_image":"https:\/\/culturavivaperu.com\/wp-content\/uploads\/2019\/12\/Miguel-Local-photographer.jpg","twitter_misc":{"Tiempo de lectura":"6 minutos"},"schema":{"@context":"https:\/\/schema.org","@graph":[{"@type":"WebPage","@id":"https:\/\/culturavivaperu.com\/es\/tour-de-fotografia-en-cusco\/","url":"https:\/\/culturavivaperu.com\/es\/tour-de-fotografia-en-cusco\/","name":"Tour de fotograf\u00eda en Cusco - Cultura Viva Peru Travel","isPartOf":{"@id":"https:\/\/culturavivaperu.com\/es\/#website"},"datePublished":"2020-05-02T21:26:29+00:00","dateModified":"2020-05-02T21:26:32+00:00","description":"Conoce a Miguel, un fot\u00f3grafo peruano que vive y trabaja entre Lima y Cusco. Qu\u00e9 mejor manera de comenzar su viaje que con un tour de fotograf\u00eda en Cusco.","breadcrumb":{"@id":"https:\/\/culturavivaperu.com\/es\/tour-de-fotografia-en-cusco\/#breadcrumb"},"inLanguage":"es","potentialAction":[{"@type":"ReadAction","target":["https:\/\/culturavivaperu.com\/es\/tour-de-fotografia-en-cusco\/"]}]},{"@type":"BreadcrumbList","@id":"https:\/\/culturavivaperu.com\/es\/tour-de-fotografia-en-cusco\/#breadcrumb","itemListElement":[{"@type":"ListItem","position":1,"name":"Home","item":"https:\/\/culturavivaperu.com\/es\/peru-travel-cultura-viva-peru-tours-educativos-con-alma-y-proposito\/"},{"@type":"ListItem","position":2,"name":"Tour de fotograf\u00eda en Cusco"}]},{"@type":"WebSite","@id":"https:\/\/culturavivaperu.com\/es\/#website","url":"https:\/\/culturavivaperu.com\/es\/","name":"Cultura Viva Peru Travel","description":"Sustainable Travel Experiences in Peru","potentialAction":[{"@type":"SearchAction","target":{"@type":"EntryPoint","urlTemplate":"https:\/\/culturavivaperu.com\/es\/?s={search_term_string}"},"query-input":{"@type":"PropertyValueSpecification","valueRequired":true,"valueName":"search_term_string"}}],"inLanguage":"es"}]}},"jetpack_sharing_enabled":true,"_links":{"self":[{"href":"https:\/\/culturavivaperu.com\/es\/wp-json\/wp\/v2\/pages\/4626","targetHints":{"allow":["GET"]}}],"collection":[{"href":"https:\/\/culturavivaperu.com\/es\/wp-json\/wp\/v2\/pages"}],"about":[{"href":"https:\/\/culturavivaperu.com\/es\/wp-json\/wp\/v2\/types\/page"}],"author":[{"embeddable":true,"href":"https:\/\/culturavivaperu.com\/es\/wp-json\/wp\/v2\/users\/1"}],"replies":[{"embeddable":true,"href":"https:\/\/culturavivaperu.com\/es\/wp-json\/wp\/v2\/comments?post=4626"}],"version-history":[{"count":4,"href":"https:\/\/culturavivaperu.com\/es\/wp-json\/wp\/v2\/pages\/4626\/revisions"}],"predecessor-version":[{"id":4632,"href":"https:\/\/culturavivaperu.com\/es\/wp-json\/wp\/v2\/pages\/4626\/revisions\/4632"}],"wp:attachment":[{"href":"https:\/\/culturavivaperu.com\/es\/wp-json\/wp\/v2\/media?parent=4626"}],"curies":[{"name":"wp","href":"https:\/\/api.w.org\/{rel}","templated":true}]}}