{"id":4619,"date":"2020-05-02T22:24:36","date_gmt":"2020-05-02T21:24:36","guid":{"rendered":"https:\/\/culturavivaperu.com\/artistas-locales\/"},"modified":"2020-05-06T00:55:35","modified_gmt":"2020-05-05T23:55:35","slug":"artistas-locales","status":"publish","type":"page","link":"https:\/\/culturavivaperu.com\/es\/artistas-locales\/","title":{"rendered":"Artistas locales"},"content":{"rendered":"<p>[et_pb_section fb_built=\u00bb1&#8243; fullwidth=\u00bbon\u00bb _builder_version=\u00bb4.0.7&#8243; saved_tabs=\u00bball\u00bb][et_pb_fullwidth_slider use_bg_overlay=\u00bboff\u00bb _builder_version=\u00bb4.0.7&#8243; header_level=\u00bbh1&#8243; body_font=\u00bb|||on|||||\u00bb background_enable_color=\u00bboff\u00bb background_image=\u00bbhttp:\/\/culturavivaperu.com\/wp-content\/uploads\/2020\/04\/Peru-Tours-with-Local-Artists.jpg\u00bb content_width_last_edited=\u00bboff|phone\u00bb custom_margin=\u00bb||||false|false\u00bb custom_padding=\u00bb420px||30px||false|false\u00bb custom_padding_tablet=\u00bb440px||40px||false|false\u00bb custom_padding_phone=\u00bb350px||50px||false|false\u00bb custom_padding_last_edited=\u00bbon|phone\u00bb][et_pb_slide heading=\u00bbArtistas locales.\u00bb _builder_version=\u00bb4.0.7&#8243; header_level=\u00bbh1&#8243; header_font=\u00bbLato|900|||||||\u00bb header_text_align=\u00bbleft\u00bb header_text_color=\u00bb#ef5f3d\u00bb header_font_size=\u00bb40px\u00bb body_font=\u00bbDidact Gothic|700|||||||\u00bb body_text_align=\u00bbleft\u00bb body_font_size=\u00bb30px\u00bb body_letter_spacing=\u00bb3px\u00bb body_line_height=\u00bb1.3em\u00bb background_enable_color=\u00bboff\u00bb custom_button=\u00bbon\u00bb button_text_size=\u00bb18px\u00bb button_bg_use_color_gradient=\u00bbon\u00bb button_bg_color_gradient_start=\u00bb#348e3f\u00bb button_bg_color_gradient_end=\u00bb#3da546&#8243; button_border_color=\u00bb#348e3f\u00bb button_border_radius=\u00bb40px\u00bb button_letter_spacing=\u00bb2px\u00bb button_font=\u00bbLato|700|||||||\u00bb button_use_icon=\u00bbon\u00bb button_icon=\u00bb%%20%%\u00bb button_alignment=\u00bbleft\u00bb custom_padding=\u00bb|0px||0px|false|true\u00bb header_font_size_tablet=\u00bb36px\u00bb header_font_size_phone=\u00bb26px\u00bb header_font_size_last_edited=\u00bbon|phone\u00bb body_font_size_tablet=\u00bb26px\u00bb body_font_size_phone=\u00bb15px\u00bb body_font_size_last_edited=\u00bbon|phone\u00bb body_line_height_tablet=\u00bb\u00bb body_line_height_phone=\u00bb\u00bb body_line_height_last_edited=\u00bbon|desktop\u00bb button_text_size_tablet=\u00bb18px\u00bb button_text_size_phone=\u00bb14px\u00bb button_text_size_last_edited=\u00bbon|desktop\u00bb]<\/p>\n<p><span>Con\u00e9ctese con artistas locales y aprenda sobre nuestra cultura viviente. <\/span><\/p>\n<p>[\/et_pb_slide][\/et_pb_fullwidth_slider][\/et_pb_section][et_pb_section fb_built=\u00bb1&#8243; custom_padding_last_edited=\u00bbon|phone\u00bb _builder_version=\u00bb4.0.7&#8243; custom_padding=\u00bb30px|||||\u00bb custom_padding_tablet=\u00bb30px||||false|false\u00bb custom_padding_phone=\u00bb50px||||false|false\u00bb][et_pb_row column_structure=\u00bb1_2,1_2&#8243; module_id=\u00bbjuan\u00bb _builder_version=\u00bb4.0.7&#8243;][et_pb_column type=\u00bb1_2&#8243; _builder_version=\u00bb4.0.7&#8243;][et_pb_text _builder_version=\u00bb4.4.4&#8243; text_font=\u00bbLato||||||||\u00bb text_text_color=\u00bb#ffffff\u00bb text_font_size=\u00bb18px\u00bb text_letter_spacing=\u00bb1px\u00bb header_3_font=\u00bbPlayfair Display|700|||||||\u00bb header_4_font=\u00bbDidact Gothic|700|||||||\u00bb header_4_text_color=\u00bb#ffffff\u00bb header_4_font_size=\u00bb37px\u00bb use_background_color_gradient=\u00bbon\u00bb background_color_gradient_start=\u00bbrgba(216,216,216,0)\u00bb background_color_gradient_end=\u00bbrgba(17,8,0,0.76)\u00bb background_color_gradient_start_position=\u00bb80%\u00bb background_color_gradient_end_position=\u00bb80%\u00bb background_color_gradient_overlays_image=\u00bbon\u00bb background_image=\u00bbhttps:\/\/culturavivaperu.com\/wp-content\/uploads\/2019\/12\/Miguel-Local-photographer.jpg\u00bb background_position=\u00bbtop_center\u00bb width=\u00bb80%\u00bb width_tablet=\u00bb\u00bb width_phone=\u00bb\u00bb width_last_edited=\u00bbon|phone\u00bb max_height=\u00bb430px\u00bb custom_padding=\u00bb|25px||25px|false|true\u00bb link_option_url=\u00bbhttp:\/\/culturavivaperu.com\/es\/photography-tour-with-a-local\/\u00bb link_option_url_new_window=\u00bbon\u00bb text_font_size_tablet=\u00bb\u00bb text_font_size_phone=\u00bb16px\u00bb text_font_size_last_edited=\u00bbon|phone\u00bb module_alignment_tablet=\u00bb\u00bb module_alignment_phone=\u00bb\u00bb module_alignment_last_edited=\u00bbon|tablet\u00bb border_radii=\u00bbon|5px|5px|5px|5px\u00bb background__hover_enabled=\u00bbon|hover\u00bb background_color_gradient_start__hover=\u00bbrgba(255,255,255,0)\u00bb background_color_gradient_end__hover=\u00bbrgba(17,8,0,0.77)\u00bb custom_padding__hover_enabled=\u00bbon|hover\u00bb custom_padding__hover=\u00bb|30px||20px|false|false\u00bb background_color_gradient_overlays_image__hover=\u00bbon\u00bb background_color_gradient_start_position__hover=\u00bb80%\u00bb]<\/p>\n<p>&nbsp;<\/p>\n<p>&nbsp;<\/p>\n<p>&nbsp;<\/p>\n<p>&nbsp;<\/p>\n<p>&nbsp;<\/p>\n<p>&nbsp;<\/p>\n<p>&nbsp;<\/p>\n<p>&nbsp;<\/p>\n<h4>Miguel Palomino<\/h4>\n<p>&nbsp;<\/p>\n<p>[\/et_pb_text][\/et_pb_column][et_pb_column type=\u00bb1_2&#8243; _builder_version=\u00bb4.0.7&#8243;][et_pb_text _builder_version=\u00bb4.4.4&#8243; text_font=\u00bbLato||||||||\u00bb text_line_height=\u00bb1.8em\u00bb header_4_font=\u00bbLato|700|||||||\u00bb header_4_text_color=\u00bbrgba(229,87,48,0.85)\u00bb header_4_font_size=\u00bb30px\u00bb header_4_line_height=\u00bb1.4em\u00bb header_4_font_size_tablet=\u00bb\u00bb header_4_font_size_phone=\u00bb\u00bb header_4_font_size_last_edited=\u00bbon|phone\u00bb]<\/p>\n<h4 style=\"text-align: justify;\">Fot\u00f3grafo<\/h4>\n<p style=\"text-align: justify;\">Conoce a Miguel, un fot\u00f3grafo peruano que vive y trabaja entre Lima y Cusco. Originario de Cusco, estudi\u00f3 en el Institut d&#8217;estudis Fotogr\u00e9fics de Catalunya en Barcelona. Actualmente es profesor de fotograf\u00eda en la ciudad de Cusco.<\/p>\n<p style=\"text-align: justify;\">Miguel disfruta compartiendo su pasi\u00f3n por la fotograf\u00eda y puede mostrarle algunos de los mejores lugares para fotografiar en Cusco y sus alrededores. Usted puede aprender algunos consejos y trucos para mejorar su fotograf\u00eda en el camino!<\/p>\n<p>[\/et_pb_text][et_pb_button button_url=\u00bbhttp:\/\/culturavivaperu.com\/es\/photography-tour-with-a-local\/\u00bb url_new_window=\u00bbon\u00bb button_text=\u00bbDetalles del itinerario\u00bb button_alignment=\u00bbcenter\u00bb _builder_version=\u00bb4.4.4&#8243; custom_button=\u00bbon\u00bb button_text_size=\u00bb16px\u00bb button_text_color=\u00bb#ffffff\u00bb button_bg_use_color_gradient=\u00bbon\u00bb button_bg_color_gradient_start=\u00bb#419e1f\u00bb button_bg_color_gradient_end=\u00bb#1b8921&#8243; button_border_width=\u00bb0px\u00bb button_border_radius=\u00bb32px\u00bb button_letter_spacing=\u00bb1px\u00bb button_font=\u00bbLato||||||||\u00bb button_icon=\u00bb%%20%%\u00bb custom_padding=\u00bb7px|30px|7px|30px|true|true\u00bb][\/et_pb_button][\/et_pb_column][\/et_pb_row][et_pb_row _builder_version=\u00bb4.0.7&#8243;][et_pb_column type=\u00bb4_4&#8243; _builder_version=\u00bb4.0.7&#8243;][et_pb_divider _builder_version=\u00bb4.0.7&#8243;][\/et_pb_divider][\/et_pb_column][\/et_pb_row][\/et_pb_section][et_pb_section fb_built=\u00bb1&#8243; custom_padding_last_edited=\u00bbon|phone\u00bb _builder_version=\u00bb4.0.7&#8243; custom_padding=\u00bb30px|||||\u00bb custom_padding_tablet=\u00bb0px||||false|false\u00bb custom_padding_phone=\u00bb0px||||false|false\u00bb][et_pb_row column_structure=\u00bb1_2,1_2&#8243; module_id=\u00bbjuan\u00bb _builder_version=\u00bb4.0.7&#8243;][et_pb_column type=\u00bb1_2&#8243; _builder_version=\u00bb4.0.7&#8243;][et_pb_text _builder_version=\u00bb4.4.4&#8243; text_font=\u00bbLato||||||||\u00bb text_text_color=\u00bb#ffffff\u00bb text_font_size=\u00bb18px\u00bb text_letter_spacing=\u00bb1px\u00bb header_3_font=\u00bbPlayfair Display|700|||||||\u00bb header_4_font=\u00bbDidact Gothic|700|||||||\u00bb header_4_text_color=\u00bb#ffffff\u00bb header_4_font_size=\u00bb37px\u00bb use_background_color_gradient=\u00bbon\u00bb background_color_gradient_start=\u00bbrgba(216,216,216,0)\u00bb background_color_gradient_end=\u00bbrgba(17,8,0,0.76)\u00bb background_color_gradient_start_position=\u00bb80%\u00bb background_color_gradient_end_position=\u00bb80%\u00bb background_color_gradient_overlays_image=\u00bbon\u00bb background_image=\u00bbhttp:\/\/culturavivaperu.com\/wp-content\/uploads\/2020\/03\/Alberto-Lama-Peruvian-Pottery-Cusco.jpg\u00bb background_position=\u00bbtop_center\u00bb width=\u00bb80%\u00bb width_tablet=\u00bb\u00bb width_phone=\u00bb\u00bb width_last_edited=\u00bbon|phone\u00bb max_height=\u00bb430px\u00bb custom_padding=\u00bb|25px||25px|false|true\u00bb link_option_url=\u00bbhttps:\/\/culturavivaperu.com\/es\/art-workshop-and-peruvian-pottery-cusco\/\u00bb link_option_url_new_window=\u00bbon\u00bb hover_enabled=\u00bb0&#8243; text_font_size_tablet=\u00bb\u00bb text_font_size_phone=\u00bb16px\u00bb text_font_size_last_edited=\u00bbon|phone\u00bb module_alignment_tablet=\u00bb\u00bb module_alignment_phone=\u00bb\u00bb module_alignment_last_edited=\u00bbon|tablet\u00bb border_radii=\u00bbon|5px|5px|5px|5px\u00bb background__hover_enabled=\u00bbon|hover\u00bb background_color_gradient_start__hover=\u00bbrgba(255,255,255,0)\u00bb background_color_gradient_end__hover=\u00bbrgba(17,8,0,0.77)\u00bb custom_padding__hover_enabled=\u00bbon|hover\u00bb custom_padding__hover=\u00bb|30px||20px|false|false\u00bb background_color_gradient_overlays_image__hover=\u00bbon\u00bb background_color_gradient_start_position__hover=\u00bb80%\u00bb]<\/p>\n<p>&nbsp;<\/p>\n<p>&nbsp;<\/p>\n<p>&nbsp;<\/p>\n<p>&nbsp;<\/p>\n<p>&nbsp;<\/p>\n<p>&nbsp;<\/p>\n<p>&nbsp;<\/p>\n<p>&nbsp;<\/p>\n<h4>Alberto Lama<\/h4>\n<p>&nbsp;<\/p>\n<p>[\/et_pb_text][\/et_pb_column][et_pb_column type=\u00bb1_2&#8243; _builder_version=\u00bb4.0.7&#8243;][et_pb_text _builder_version=\u00bb4.4.4&#8243; text_font=\u00bbLato||||||||\u00bb text_line_height=\u00bb1.8em\u00bb header_4_font=\u00bbLato|700|||||||\u00bb header_4_text_color=\u00bbrgba(229,87,48,0.85)\u00bb header_4_font_size=\u00bb30px\u00bb header_4_line_height=\u00bb1.4em\u00bb header_4_font_size_tablet=\u00bb\u00bb header_4_font_size_phone=\u00bb\u00bb header_4_font_size_last_edited=\u00bbon|phone\u00bb]<\/p>\n<h4 style=\"text-align: justify;\">Artista pl\u00e1stico<\/h4>\n<p style=\"text-align: justify;\">Alberto es un artista multidisciplinar peruano. Estudi\u00f3 en la PUCP y en la Escuela Nacional de Bellas Artes. Ha mostrado su trabajo en docenas de exposiciones individuales y colectivas en Per\u00fa, en otras partes de Am\u00e9rica Latina y en Europa.<\/p>\n<p style=\"text-align: justify;\">Una visita al estudio creativo de Alberto \u00abEl Jard\u00edn de las Mamitas\u00bb es una parada ineludible en el Valle Sagrado para ni\u00f1os y adultos por igual. El entusiasmo y la naturaleza alentadora de Alberto te har\u00e1n explorar tu propia creatividad con cualquier n\u00famero de m\u00e9diums que tenga listo para que lo descubras.<\/p>\n<p>[\/et_pb_text][et_pb_button button_url=\u00bbhttps:\/\/culturavivaperu.com\/es\/art-workshop-and-peruvian-pottery-cusco\/(opens in a new tab)\u00bb url_new_window=\u00bbon\u00bb button_text=\u00bbDetalles del itinerario\u00bb button_alignment=\u00bbcenter\u00bb _builder_version=\u00bb4.4.4&#8243; custom_button=\u00bbon\u00bb button_text_size=\u00bb16px\u00bb button_text_color=\u00bb#ffffff\u00bb button_bg_use_color_gradient=\u00bbon\u00bb button_bg_color_gradient_start=\u00bb#419e1f\u00bb button_bg_color_gradient_end=\u00bb#1b8921&#8243; button_border_width=\u00bb0px\u00bb button_border_radius=\u00bb32px\u00bb button_letter_spacing=\u00bb1px\u00bb button_font=\u00bbLato||||||||\u00bb button_icon=\u00bb%%20%%\u00bb custom_padding=\u00bb7px|30px|7px|30px|true|true\u00bb hover_enabled=\u00bb0&#8243;][\/et_pb_button][\/et_pb_column][\/et_pb_row][\/et_pb_section][et_pb_section fb_built=\u00bb1&#8243; custom_padding_last_edited=\u00bbon|phone\u00bb _builder_version=\u00bb4.0.7&#8243; custom_padding=\u00bb30px|||||\u00bb custom_padding_tablet=\u00bb0px||||false|false\u00bb custom_padding_phone=\u00bb0px||||false|false\u00bb][et_pb_row _builder_version=\u00bb4.0.7&#8243;][et_pb_column type=\u00bb4_4&#8243; _builder_version=\u00bb4.0.7&#8243;][et_pb_divider _builder_version=\u00bb4.0.7&#8243;][\/et_pb_divider][\/et_pb_column][\/et_pb_row][et_pb_row column_structure=\u00bb1_2,1_2&#8243; module_id=\u00bbjuan\u00bb _builder_version=\u00bb4.0.7&#8243;][et_pb_column type=\u00bb1_2&#8243; _builder_version=\u00bb4.0.7&#8243;][et_pb_text _builder_version=\u00bb4.4.4&#8243; text_font=\u00bbLato||||||||\u00bb text_text_color=\u00bb#ffffff\u00bb text_font_size=\u00bb18px\u00bb text_letter_spacing=\u00bb1px\u00bb header_3_font=\u00bbPlayfair Display|700|||||||\u00bb header_4_font=\u00bbDidact Gothic|700|||||||\u00bb header_4_text_color=\u00bb#ffffff\u00bb header_4_font_size=\u00bb37px\u00bb use_background_color_gradient=\u00bbon\u00bb background_color_gradient_start=\u00bbrgba(216,216,216,0)\u00bb background_color_gradient_end=\u00bbrgba(17,8,0,0.76)\u00bb background_color_gradient_start_position=\u00bb80%\u00bb background_color_gradient_end_position=\u00bb80%\u00bb background_color_gradient_overlays_image=\u00bbon\u00bb background_image=\u00bbhttp:\/\/culturavivaperu.com\/wp-content\/uploads\/2020\/03\/Peruvian-Classical-Guitar-Classes.jpg\u00bb background_position=\u00bbtop_center\u00bb width=\u00bb80%\u00bb width_tablet=\u00bb\u00bb width_phone=\u00bb\u00bb width_last_edited=\u00bbon|phone\u00bb max_height=\u00bb430px\u00bb custom_padding=\u00bb|25px||25px|false|true\u00bb link_option_url=\u00bbhttp:\/\/culturavivaperu.com\/es\/peruvian-classical-guitar-class-gustavo-yashimura-arce\/\u00bb link_option_url_new_window=\u00bbon\u00bb text_font_size_tablet=\u00bb\u00bb text_font_size_phone=\u00bb16px\u00bb text_font_size_last_edited=\u00bbon|phone\u00bb module_alignment_tablet=\u00bb\u00bb module_alignment_phone=\u00bb\u00bb module_alignment_last_edited=\u00bbon|tablet\u00bb border_radii=\u00bbon|5px|5px|5px|5px\u00bb background__hover_enabled=\u00bbon|hover\u00bb background_color_gradient_start__hover=\u00bbrgba(255,255,255,0)\u00bb background_color_gradient_end__hover=\u00bbrgba(17,8,0,0.77)\u00bb custom_padding__hover_enabled=\u00bbon|hover\u00bb custom_padding__hover=\u00bb|30px||20px|false|false\u00bb background_color_gradient_overlays_image__hover=\u00bbon\u00bb background_color_gradient_start_position__hover=\u00bb80%\u00bb]<\/p>\n<p>&nbsp;<\/p>\n<p>&nbsp;<\/p>\n<p>&nbsp;<\/p>\n<p>&nbsp;<\/p>\n<p>&nbsp;<\/p>\n<p>&nbsp;<\/p>\n<p>&nbsp;<\/p>\n<p>&nbsp;<\/p>\n<h4>Gustavo Yashimura<\/h4>\n<p>&nbsp;<\/p>\n<p>[\/et_pb_text][\/et_pb_column][et_pb_column type=\u00bb1_2&#8243; _builder_version=\u00bb4.0.7&#8243;][et_pb_text _builder_version=\u00bb4.4.4&#8243; text_font=\u00bbLato||||||||\u00bb text_line_height=\u00bb1.8em\u00bb header_4_font=\u00bbLato|700|||||||\u00bb header_4_text_color=\u00bbrgba(229,87,48,0.85)\u00bb header_4_font_size=\u00bb30px\u00bb header_4_line_height=\u00bb1.4em\u00bb header_4_font_size_tablet=\u00bb\u00bb header_4_font_size_phone=\u00bb\u00bb header_4_font_size_last_edited=\u00bbon|phone\u00bb]<\/p>\n<h4 style=\"text-align: justify;\">Guitarra Cl\u00e1sica Peruana<\/h4>\n<p style=\"text-align: justify;\"><span style=\"font-weight: 400;\"><span>Descubrir los nuevos sonidos de una tierra lejana puede ser uno de los aspectos m\u00e1s conmovedores de los viajes. Gustavo toca algunas de las m\u00fasicas m\u00e1s bellas y emotivas y es conocida en todo el Per\u00fa nos uno de los grandes de la Guitarra Cl\u00e1sica Peruana y \u00abMusica Ayacuchana\u00bb.<\/span><\/span><\/p>\n<p style=\"text-align: justify;\"><span style=\"font-weight: 400;\">Tome una lecci\u00f3n de guitarra privada y\/o deje que Gustavo le<\/span><span style=\"font-weight: 400;\"> hermosos sonidos tradicionales de los Andes peruanos. Una experiencia con<\/span><span style=\"font-weight: 400;\"> Gustavo es una vez en la vida para descubrir un g\u00e9nero de m\u00fasica desgarradoramente hermoso pero relativamente desconocido nativo del Per\u00fa.<\/span><\/p>\n<p>[\/et_pb_text][et_pb_button button_url=\u00bbhttp:\/\/culturavivaperu.com\/es\/peruvian-classical-guitar-class-gustavo-yashimura-arce\/\u00bb url_new_window=\u00bbon\u00bb button_text=\u00bbDetalles del itinerario\u00bb button_alignment=\u00bbcenter\u00bb _builder_version=\u00bb4.4.4&#8243; custom_button=\u00bbon\u00bb button_text_size=\u00bb16px\u00bb button_text_color=\u00bb#ffffff\u00bb button_bg_use_color_gradient=\u00bbon\u00bb button_bg_color_gradient_start=\u00bb#419e1f\u00bb button_bg_color_gradient_end=\u00bb#1b8921&#8243; button_border_width=\u00bb0px\u00bb button_border_radius=\u00bb32px\u00bb button_letter_spacing=\u00bb1px\u00bb button_font=\u00bbLato||||||||\u00bb button_icon=\u00bb%%20%%\u00bb custom_padding=\u00bb7px|30px|7px|30px|true|true\u00bb][\/et_pb_button][\/et_pb_column][\/et_pb_row][\/et_pb_section][et_pb_section fb_built=\u00bb1&#8243; _builder_version=\u00bb4.0.7&#8243;][\/et_pb_section]<\/p>\n","protected":false},"excerpt":{"rendered":"<p>[et_pb_section fb_built=\u00bb1&#8243; fullwidth=\u00bbon\u00bb _builder_version=\u00bb4.0.7&#8243; saved_tabs=\u00bball\u00bb][et_pb_fullwidth_slider use_bg_overlay=\u00bboff\u00bb _builder_version=\u00bb4.0.7&#8243; header_level=\u00bbh1&#8243; body_font=\u00bb|||on|||||\u00bb background_enable_color=\u00bboff\u00bb background_image=\u00bbhttp:\/\/culturavivaperu.com\/wp-content\/uploads\/2020\/04\/Peru-Tours-with-Local-Artists.jpg\u00bb content_width_last_edited=\u00bboff|phone\u00bb custom_margin=\u00bb||||false|false\u00bb custom_padding=\u00bb420px||30px||false|false\u00bb custom_padding_tablet=\u00bb440px||40px||false|false\u00bb custom_padding_phone=\u00bb350px||50px||false|false\u00bb custom_padding_last_edited=\u00bbon|phone\u00bb][et_pb_slide heading=\u00bbArtistas locales.\u00bb _builder_version=\u00bb4.0.7&#8243; header_level=\u00bbh1&#8243; header_font=\u00bbLato|900|||||||\u00bb header_text_align=\u00bbleft\u00bb header_text_color=\u00bb#ef5f3d\u00bb header_font_size=\u00bb40px\u00bb body_font=\u00bbDidact Gothic|700|||||||\u00bb body_text_align=\u00bbleft\u00bb body_font_size=\u00bb30px\u00bb body_letter_spacing=\u00bb3px\u00bb body_line_height=\u00bb1.3em\u00bb background_enable_color=\u00bboff\u00bb custom_button=\u00bbon\u00bb button_text_size=\u00bb18px\u00bb button_bg_use_color_gradient=\u00bbon\u00bb button_bg_color_gradient_start=\u00bb#348e3f\u00bb button_bg_color_gradient_end=\u00bb#3da546&#8243; button_border_color=\u00bb#348e3f\u00bb button_border_radius=\u00bb40px\u00bb button_letter_spacing=\u00bb2px\u00bb button_font=\u00bbLato|700|||||||\u00bb button_use_icon=\u00bbon\u00bb button_icon=\u00bb%%20%%\u00bb button_alignment=\u00bbleft\u00bb custom_padding=\u00bb|0px||0px|false|true\u00bb header_font_size_tablet=\u00bb36px\u00bb header_font_size_phone=\u00bb26px\u00bb header_font_size_last_edited=\u00bbon|phone\u00bb body_font_size_tablet=\u00bb26px\u00bb body_font_size_phone=\u00bb15px\u00bb body_font_size_last_edited=\u00bbon|phone\u00bb body_line_height_tablet=\u00bb\u00bb body_line_height_phone=\u00bb\u00bb body_line_height_last_edited=\u00bbon|desktop\u00bb button_text_size_tablet=\u00bb18px\u00bb [&hellip;]<\/p>\n","protected":false},"author":1,"featured_media":0,"parent":0,"menu_order":0,"comment_status":"closed","ping_status":"closed","template":"","meta":{"_et_pb_use_builder":"on","_et_pb_old_content":"","_et_gb_content_width":"","_monsterinsights_skip_tracking":false,"_monsterinsights_sitenote_active":false,"_monsterinsights_sitenote_note":"","_monsterinsights_sitenote_category":0,"footnotes":""},"class_list":["post-4619","page","type-page","status-publish","hentry"],"yoast_head":"<!-- This site is optimized with the Yoast SEO plugin v26.9 - https:\/\/yoast.com\/product\/yoast-seo-wordpress\/ -->\n<title>Artistas locales Cultura Viva Peru Travel - en Per\u00fa<\/title>\n<meta name=\"description\" content=\"Conozca m\u00e1s sobre nuestra cultura viva conectando con artistas talentosos del Per\u00fa. Conoce de primera mano a los creadores nacidos de este ex\u00f3tico pa\u00eds.\" \/>\n<meta name=\"robots\" content=\"index, follow, max-snippet:-1, max-image-preview:large, max-video-preview:-1\" \/>\n<link rel=\"canonical\" href=\"https:\/\/culturavivaperu.com\/es\/artistas-locales\/\" \/>\n<meta property=\"og:locale\" content=\"es_ES\" \/>\n<meta property=\"og:type\" content=\"article\" \/>\n<meta property=\"og:title\" content=\"Artistas locales Cultura Viva Peru Travel - en Per\u00fa\" \/>\n<meta property=\"og:description\" content=\"Conozca m\u00e1s sobre nuestra cultura viva conectando con artistas talentosos del Per\u00fa. Conoce de primera mano a los creadores nacidos de este ex\u00f3tico pa\u00eds.\" \/>\n<meta property=\"og:url\" content=\"https:\/\/culturavivaperu.com\/es\/artistas-locales\/\" \/>\n<meta property=\"og:site_name\" content=\"Cultura Viva Peru Travel\" \/>\n<meta property=\"article:modified_time\" content=\"2020-05-05T23:55:35+00:00\" \/>\n<meta name=\"twitter:card\" content=\"summary_large_image\" \/>\n<meta name=\"twitter:label1\" content=\"Tiempo de lectura\" \/>\n\t<meta name=\"twitter:data1\" content=\"9 minutos\" \/>\n<script type=\"application\/ld+json\" class=\"yoast-schema-graph\">{\"@context\":\"https:\/\/schema.org\",\"@graph\":[{\"@type\":\"WebPage\",\"@id\":\"https:\/\/culturavivaperu.com\/es\/artistas-locales\/\",\"url\":\"https:\/\/culturavivaperu.com\/es\/artistas-locales\/\",\"name\":\"Artistas locales Cultura Viva Peru Travel - en Per\u00fa\",\"isPartOf\":{\"@id\":\"https:\/\/culturavivaperu.com\/es\/#website\"},\"datePublished\":\"2020-05-02T21:24:36+00:00\",\"dateModified\":\"2020-05-05T23:55:35+00:00\",\"description\":\"Conozca m\u00e1s sobre nuestra cultura viva conectando con artistas talentosos del Per\u00fa. Conoce de primera mano a los creadores nacidos de este ex\u00f3tico pa\u00eds.\",\"breadcrumb\":{\"@id\":\"https:\/\/culturavivaperu.com\/es\/artistas-locales\/#breadcrumb\"},\"inLanguage\":\"es\",\"potentialAction\":[{\"@type\":\"ReadAction\",\"target\":[\"https:\/\/culturavivaperu.com\/es\/artistas-locales\/\"]}]},{\"@type\":\"BreadcrumbList\",\"@id\":\"https:\/\/culturavivaperu.com\/es\/artistas-locales\/#breadcrumb\",\"itemListElement\":[{\"@type\":\"ListItem\",\"position\":1,\"name\":\"Home\",\"item\":\"https:\/\/culturavivaperu.com\/es\/peru-travel-cultura-viva-peru-tours-educativos-con-alma-y-proposito\/\"},{\"@type\":\"ListItem\",\"position\":2,\"name\":\"Artistas locales\"}]},{\"@type\":\"WebSite\",\"@id\":\"https:\/\/culturavivaperu.com\/es\/#website\",\"url\":\"https:\/\/culturavivaperu.com\/es\/\",\"name\":\"Cultura Viva Peru Travel\",\"description\":\"Sustainable Travel Experiences in Peru\",\"potentialAction\":[{\"@type\":\"SearchAction\",\"target\":{\"@type\":\"EntryPoint\",\"urlTemplate\":\"https:\/\/culturavivaperu.com\/es\/?s={search_term_string}\"},\"query-input\":{\"@type\":\"PropertyValueSpecification\",\"valueRequired\":true,\"valueName\":\"search_term_string\"}}],\"inLanguage\":\"es\"}]}<\/script>\n<!-- \/ Yoast SEO plugin. -->","yoast_head_json":{"title":"Artistas locales Cultura Viva Peru Travel - en Per\u00fa","description":"Conozca m\u00e1s sobre nuestra cultura viva conectando con artistas talentosos del Per\u00fa. Conoce de primera mano a los creadores nacidos de este ex\u00f3tico pa\u00eds.","robots":{"index":"index","follow":"follow","max-snippet":"max-snippet:-1","max-image-preview":"max-image-preview:large","max-video-preview":"max-video-preview:-1"},"canonical":"https:\/\/culturavivaperu.com\/es\/artistas-locales\/","og_locale":"es_ES","og_type":"article","og_title":"Artistas locales Cultura Viva Peru Travel - en Per\u00fa","og_description":"Conozca m\u00e1s sobre nuestra cultura viva conectando con artistas talentosos del Per\u00fa. Conoce de primera mano a los creadores nacidos de este ex\u00f3tico pa\u00eds.","og_url":"https:\/\/culturavivaperu.com\/es\/artistas-locales\/","og_site_name":"Cultura Viva Peru Travel","article_modified_time":"2020-05-05T23:55:35+00:00","twitter_card":"summary_large_image","twitter_misc":{"Tiempo de lectura":"9 minutos"},"schema":{"@context":"https:\/\/schema.org","@graph":[{"@type":"WebPage","@id":"https:\/\/culturavivaperu.com\/es\/artistas-locales\/","url":"https:\/\/culturavivaperu.com\/es\/artistas-locales\/","name":"Artistas locales Cultura Viva Peru Travel - en Per\u00fa","isPartOf":{"@id":"https:\/\/culturavivaperu.com\/es\/#website"},"datePublished":"2020-05-02T21:24:36+00:00","dateModified":"2020-05-05T23:55:35+00:00","description":"Conozca m\u00e1s sobre nuestra cultura viva conectando con artistas talentosos del Per\u00fa. Conoce de primera mano a los creadores nacidos de este ex\u00f3tico pa\u00eds.","breadcrumb":{"@id":"https:\/\/culturavivaperu.com\/es\/artistas-locales\/#breadcrumb"},"inLanguage":"es","potentialAction":[{"@type":"ReadAction","target":["https:\/\/culturavivaperu.com\/es\/artistas-locales\/"]}]},{"@type":"BreadcrumbList","@id":"https:\/\/culturavivaperu.com\/es\/artistas-locales\/#breadcrumb","itemListElement":[{"@type":"ListItem","position":1,"name":"Home","item":"https:\/\/culturavivaperu.com\/es\/peru-travel-cultura-viva-peru-tours-educativos-con-alma-y-proposito\/"},{"@type":"ListItem","position":2,"name":"Artistas locales"}]},{"@type":"WebSite","@id":"https:\/\/culturavivaperu.com\/es\/#website","url":"https:\/\/culturavivaperu.com\/es\/","name":"Cultura Viva Peru Travel","description":"Sustainable Travel Experiences in Peru","potentialAction":[{"@type":"SearchAction","target":{"@type":"EntryPoint","urlTemplate":"https:\/\/culturavivaperu.com\/es\/?s={search_term_string}"},"query-input":{"@type":"PropertyValueSpecification","valueRequired":true,"valueName":"search_term_string"}}],"inLanguage":"es"}]}},"jetpack_sharing_enabled":true,"_links":{"self":[{"href":"https:\/\/culturavivaperu.com\/es\/wp-json\/wp\/v2\/pages\/4619","targetHints":{"allow":["GET"]}}],"collection":[{"href":"https:\/\/culturavivaperu.com\/es\/wp-json\/wp\/v2\/pages"}],"about":[{"href":"https:\/\/culturavivaperu.com\/es\/wp-json\/wp\/v2\/types\/page"}],"author":[{"embeddable":true,"href":"https:\/\/culturavivaperu.com\/es\/wp-json\/wp\/v2\/users\/1"}],"replies":[{"embeddable":true,"href":"https:\/\/culturavivaperu.com\/es\/wp-json\/wp\/v2\/comments?post=4619"}],"version-history":[{"count":9,"href":"https:\/\/culturavivaperu.com\/es\/wp-json\/wp\/v2\/pages\/4619\/revisions"}],"predecessor-version":[{"id":4875,"href":"https:\/\/culturavivaperu.com\/es\/wp-json\/wp\/v2\/pages\/4619\/revisions\/4875"}],"wp:attachment":[{"href":"https:\/\/culturavivaperu.com\/es\/wp-json\/wp\/v2\/media?parent=4619"}],"curies":[{"name":"wp","href":"https:\/\/api.w.org\/{rel}","templated":true}]}}