{"id":4600,"date":"2020-05-02T22:15:51","date_gmt":"2020-05-02T21:15:51","guid":{"rendered":"https:\/\/culturavivaperu.com\/taller-de-ceramica-y-chocolate-valle-sagrado-cusco\/"},"modified":"2020-05-02T22:15:52","modified_gmt":"2020-05-02T21:15:52","slug":"taller-de-ceramica-y-chocolate-valle-sagrado-cusco","status":"publish","type":"page","link":"https:\/\/culturavivaperu.com\/es\/taller-de-ceramica-y-chocolate-valle-sagrado-cusco\/","title":{"rendered":"Taller de cer\u00e1mica y chocolate &#8211; Valle Sagrado, Cusco"},"content":{"rendered":"<p>[et_pb_section fb_built=\u00bb1&#8243; fullwidth=\u00bbon\u00bb _builder_version=\u00bb4.0.7&#8243; saved_tabs=\u00bball\u00bb][et_pb_fullwidth_slider use_bg_overlay=\u00bboff\u00bb _builder_version=\u00bb4.0.7&#8243; header_level=\u00bbh1&#8243; body_font=\u00bb|||on|||||\u00bb background_enable_color=\u00bboff\u00bb background_image=\u00bbhttps:\/\/culturavivaperu.com\/wp-content\/uploads\/2020\/04\/Ceramics-Tour-Travel-Peru.jpg\u00bb content_width_last_edited=\u00bboff|phone\u00bb custom_margin=\u00bb||||false|false\u00bb custom_padding=\u00bb430px||30px||false|false\u00bb custom_padding_tablet=\u00bb440px||40px||false|false\u00bb custom_padding_phone=\u00bb350px||50px||false|false\u00bb custom_padding_last_edited=\u00bbon|phone\u00bb][et_pb_slide heading=\u00bbTour de Cer\u00e1mica y Chocolate\u00bb _builder_version=\u00bb4.0.7&#8243; header_level=\u00bbh1&#8243; header_font=\u00bbLato|900|||||||\u00bb header_text_align=\u00bbleft\u00bb header_text_color=\u00bb#ef5f3d\u00bb header_font_size=\u00bb40px\u00bb body_font=\u00bbDidact Gothic|700|||||||\u00bb body_text_align=\u00bbleft\u00bb body_font_size=\u00bb30px\u00bb body_letter_spacing=\u00bb3px\u00bb body_line_height=\u00bb1.3em\u00bb background_enable_color=\u00bboff\u00bb custom_button=\u00bbon\u00bb button_text_size=\u00bb18px\u00bb button_bg_use_color_gradient=\u00bbon\u00bb button_bg_color_gradient_start=\u00bb#348e3f\u00bb button_bg_color_gradient_end=\u00bb#3da546&#8243; button_border_color=\u00bb#348e3f\u00bb button_border_radius=\u00bb40px\u00bb button_letter_spacing=\u00bb2px\u00bb button_font=\u00bbLato|700|||||||\u00bb button_use_icon=\u00bbon\u00bb button_icon=\u00bb%%20%%\u00bb button_alignment=\u00bbleft\u00bb custom_padding=\u00bb|0px||0px|false|true\u00bb header_font_size_tablet=\u00bb36px\u00bb header_font_size_phone=\u00bb24px\u00bb header_font_size_last_edited=\u00bbon|phone\u00bb body_font_size_tablet=\u00bb26px\u00bb body_font_size_phone=\u00bb15px\u00bb body_font_size_last_edited=\u00bbon|phone\u00bb body_line_height_tablet=\u00bb\u00bb body_line_height_phone=\u00bb\u00bb body_line_height_last_edited=\u00bbon|desktop\u00bb button_text_size_tablet=\u00bb18px\u00bb button_text_size_phone=\u00bb14px\u00bb button_text_size_last_edited=\u00bbon|desktop\u00bb]<\/p>\n<p><span>Un maravilloso recorrido para familias con ni\u00f1os!<\/span><\/p>\n<p><span><\/span><\/p>\n<p>[\/et_pb_slide][\/et_pb_fullwidth_slider][\/et_pb_section][et_pb_section fb_built=\u00bb1&#8243; _builder_version=\u00bb4.0.7&#8243; custom_padding=\u00bb||0px|||\u00bb][et_pb_row column_structure=\u00bb1_2,1_2&#8243; _builder_version=\u00bb4.0.7&#8243;][et_pb_column type=\u00bb1_2&#8243; _builder_version=\u00bb4.0.7&#8243;][et_pb_text _builder_version=\u00bb4.0.7&#8243; custom_padding_tablet=\u00bb\u00bb custom_padding_phone=\u00bb||0px||false|false\u00bb custom_padding_last_edited=\u00bbon|phone\u00bb]<\/p>\n<p class=\"p1\" style=\"text-align: justify\">Alcione y su esposo Bernardino viven en la comunidad de Chichubamba cerca del pueblo de Urubamba. Urubamba es una de las 4 ciudades principales del Valle Sagrado y est\u00e1 a 1 hora y media en auto de la ciudad de Cusco. La principal actividad econ\u00f3mica de esta pareja es la fabricaci\u00f3n de cer\u00e1mica. Tienen un taller en casa donde hacen sus productos.<\/p>\n<p class=\"p1\" style=\"text-align: justify\">Una visita a su taller es una experiencia divertida y educativa. Usted aprender\u00e1 pr\u00e1cticas c\u00f3mo hacer un poco de cer\u00e1mica y los ni\u00f1os s\u00f3lo les encanta! El sue\u00f1o de Alcione es exportar sus productos y asistir a exposiciones internacionales.<\/p>\n<p class=\"p1\" style=\"text-align: justify\">Reserve <a href=\"http:\/\/culturavivaperu.com\/book-tour-here\/\">aqu\u00ed<\/a> o lea m\u00e1s para obtener m\u00e1s informaci\u00f3n sobre el tour.<\/p>\n<p class=\"p1\">\n<p>[\/et_pb_text][\/et_pb_column][et_pb_column type=\u00bb1_2&#8243; _builder_version=\u00bb4.0.7&#8243;][et_pb_image src=\u00bbhttp:\/\/culturavivaperu.com\/wp-content\/uploads\/2019\/12\/Cultural-Ceramics-Tour-Peru.jpg\u00bb _builder_version=\u00bb4.0.7&#8243;][\/et_pb_image][\/et_pb_column][\/et_pb_row][\/et_pb_section][et_pb_section fb_built=\u00bb1&#8243; _builder_version=\u00bb4.0.7&#8243; custom_padding=\u00bb0px||0px|||\u00bb][et_pb_row custom_padding_last_edited=\u00bbon|phone\u00bb _builder_version=\u00bb4.0.7&#8243; custom_padding_tablet=\u00bb\u00bb custom_padding_phone=\u00bb0px||||false|false\u00bb][et_pb_column type=\u00bb4_4&#8243; _builder_version=\u00bb4.0.7&#8243;][et_pb_text _builder_version=\u00bb4.4.4&#8243; custom_padding_tablet=\u00bb\u00bb custom_padding_phone=\u00bb0px||||false|false\u00bb custom_padding_last_edited=\u00bbon|phone\u00bb hover_enabled=\u00bb0&#8243;]<\/p>\n<div class=\"page\" title=\"P\u00e1gina 1\">\n<div class=\"layoutArea\">\n<div class=\"column\">\n<p style=\"text-align: justify\"><span style=\"background: white\">El tour comienza por la ma\u00f1ana mientras nos dirigimos al taller de Alcione &amp; Bernardino. A su llegada, dar\u00e1n una demostraci\u00f3n de <\/span><span style=\"background: white\">c\u00f3mo producen sus hermosas artesan\u00edas y despu\u00e9s le ayudar\u00e1n a crear su propia obra maestra<\/span> de cer\u00e1mica! <span style=\"background: white\">Al final del taller de cer\u00e1mica, te llevamos a visitar el taller de chocolate artesanal dirigido por su vecina <span>M\u00f3nica.<\/span> <\/span> <span style=\"background: white\">Puede probar una deliciosa taza de chocolate caliente con cacao de la selva peruana.<\/span><\/p>\n<p style=\"text-align: justify\"><span style=\"background: white\">La siguiente parada es el <\/span>Museo <span style=\"font-weight: bold;background: white\">Inkary.<\/span> <span style=\"background: white\">Este museo transmite con \u00e9xito valiosa informaci\u00f3n arqueol\u00f3gica a una audiencia de todas las edades con un lenguaje sencillo y educativo.<\/span> <span style=\"background: white\">La historia de las culturas precolombinas del norte y sur del Per\u00fa se presenta en un viaje cronol\u00f3gico que culmina con el imperio inca. El museo ofrece un delicioso almuerzo elaborado con productos andinos t\u00edpicos de la regi\u00f3n.<\/span><\/p>\n<p class=\"p1\"><span>La \u00faltima parada es al sitio arqueol\u00f3gico de Pisaq donde ser\u00e1 testigo de las impresionantes terrazas, estructuras de viviendas y acueductos incas en lo alto de una hermosa monta\u00f1a. Si su visita cae en domingo, martes o jueves puede experimentar el vibrante ambiente del mercado local en Pisaq, donde se puede encontrar una gran variedad de textiles y artesan\u00edas andinas. <\/span><\/p>\n<p class=\"p1\"><span>Luego comenzamos nuestro viaje de regreso a Cusco para terminar el recorrido.<\/span><\/p>\n<\/div>\n<\/div>\n<\/div>\n<p>[\/et_pb_text][\/et_pb_column][\/et_pb_row][\/et_pb_section][et_pb_section fb_built=\u00bb1&#8243; disabled_on=\u00bbon|on|off\u00bb _builder_version=\u00bb4.4.4&#8243; custom_padding=\u00bb0px||0px||true|false\u00bb][et_pb_row use_custom_gutter=\u00bbon\u00bb gutter_width=\u00bb1&#8243; make_equal=\u00bbon\u00bb _builder_version=\u00bb4.4.4&#8243; width=\u00bb100%\u00bb max_width=\u00bb2488px\u00bb][et_pb_column type=\u00bb4_4&#8243; _builder_version=\u00bb4.4.4&#8243;][et_pb_gallery gallery_ids=\u00bb1731,1732,1733,1735,1736,1737,1738,1740&#8243; posts_number=\u00bb8&#8243; orientation=\u00bbportrait\u00bb show_title_and_caption=\u00bboff\u00bb show_pagination=\u00bboff\u00bb zoom_icon_color=\u00bbrgba(0,0,0,0)\u00bb hover_overlay_color=\u00bbrgba(255,255,255,0.4)\u00bb hover_icon=\u00bb%%51%%\u00bb module_id=\u00bb.pa-image-gallery-1-1&#8243; _builder_version=\u00bb4.4.4&#8243; custom_css_gallery_item=\u00bbpadding: 2px;\u00bb][\/et_pb_gallery][\/et_pb_column][\/et_pb_row][\/et_pb_section][et_pb_section fb_built=\u00bb1&#8243; _builder_version=\u00bb4.0.7&#8243; custom_padding=\u00bb0px||0px||true|\u00bb][et_pb_row _builder_version=\u00bb4.0.7&#8243; custom_padding=\u00bb0px||||false|false\u00bb][et_pb_column type=\u00bb4_4&#8243; _builder_version=\u00bb4.0.7&#8243;][et_pb_gallery gallery_ids=\u00bb1731,1732,1733,1735,1736,1737,1738,1739,1740,1741&#8243; fullwidth=\u00bbon\u00bb disabled_on=\u00bboff|on|on\u00bb _builder_version=\u00bb4.0.7&#8243;][\/et_pb_gallery][\/et_pb_column][\/et_pb_row][\/et_pb_section][et_pb_section fb_built=\u00bb1&#8243; _builder_version=\u00bb4.0.7&#8243; custom_padding=\u00bb0px|||||\u00bb][et_pb_row column_structure=\u00bb2_5,3_5&#8243; use_custom_gutter=\u00bbon\u00bb gutter_width=\u00bb1&#8243; _builder_version=\u00bb4.0.7&#8243; width=\u00bb100%\u00bb max_width=\u00bb80%\u00bb][et_pb_column type=\u00bb2_5&#8243; _builder_version=\u00bb4.0.7&#8243;][et_pb_text _builder_version=\u00bb4.0.7&#8243; header_3_font=\u00bbDidact Gothic|700|||||||\u00bb header_3_text_align=\u00bbcenter\u00bb header_3_text_color=\u00bb#ef5f3d\u00bb header_3_font_size=\u00bb26px\u00bb custom_padding=\u00bb||||true|true\u00bb header_3_font_size_tablet=\u00bb\u00bb header_3_font_size_phone=\u00bb\u00bb header_3_font_size_last_edited=\u00bbon|phone\u00bb]<\/p>\n<h3>Precios <\/h3>\n<p>[\/et_pb_text][et_pb_accordion icon_color=\u00bb#ef5f3d\u00bb _builder_version=\u00bb4.0.7&#8243; toggle_font=\u00bbLato|700|||||||\u00bb max_width=\u00bb50%\u00bb max_width_tablet=\u00bb60%\u00bb max_width_phone=\u00bb75%\u00bb max_width_last_edited=\u00bbon|desktop\u00bb module_alignment=\u00bbcenter\u00bb][et_pb_accordion_item title=\u00bb2 Personas\u00bb open=\u00bbon\u00bb _builder_version=\u00bb4.0.7&#8243;]<\/p>\n<p>137 USD \/por persona.<\/p>\n<p>[\/et_pb_accordion_item][et_pb_accordion_item title=\u00bb3 Personas\u00bb _builder_version=\u00bb4.0.7&#8243; open=\u00bboff\u00bb]<\/p>\n<p>99 USD \/por persona<\/p>\n<p>[\/et_pb_accordion_item][et_pb_accordion_item title=\u00bb4 Personas\u00bb _builder_version=\u00bb4.0.7&#8243; open=\u00bboff\u00bb]<\/p>\n<p>81 USD \/por persona<\/p>\n<p>[\/et_pb_accordion_item][et_pb_accordion_item title=\u00bb5 Personas\u00bb _builder_version=\u00bb4.0.7&#8243; open=\u00bboff\u00bb]<\/p>\n<p>77 USD \/por persona<\/p>\n<p>[\/et_pb_accordion_item][et_pb_accordion_item title=\u00bb6 Personas\u00bb _builder_version=\u00bb4.0.7&#8243; open=\u00bboff\u00bb]<\/p>\n<p>69 USD \/por persona<\/p>\n<p>[\/et_pb_accordion_item][et_pb_accordion_item title=\u00bb7 Personas\u00bb _builder_version=\u00bb4.0.7&#8243; open=\u00bboff\u00bb]<\/p>\n<p>62 USD \/por persona<\/p>\n<p>[\/et_pb_accordion_item][et_pb_accordion_item title=\u00bb8+ Personas\u00bb _builder_version=\u00bb4.0.7&#8243; open=\u00bboff\u00bb]<\/p>\n<p>58 USD \/por persona<\/p>\n<p>[\/et_pb_accordion_item][\/et_pb_accordion][\/et_pb_column][et_pb_column type=\u00bb3_5&#8243; _builder_version=\u00bb4.0.7&#8243;][et_pb_text _builder_version=\u00bb4.0.7&#8243; text_font=\u00bb||||||||\u00bb custom_padding_tablet=\u00bb30px||||false|false\u00bb custom_padding_phone=\u00bb30px||||false|false\u00bb custom_padding_last_edited=\u00bbon|tablet\u00bb]<\/p>\n<p style=\"text-align: justify\"><span style=\"color: #ff6600\"><b>Incluido:<\/b><\/span><\/p>\n<ul class=\"ul1\" style=\"text-align: justify\">\n<li class=\"li2\">Transporte desde\/hacia la casa en el Valle Sagrado<\/li>\n<li class=\"li2\">Gu\u00eda tur\u00edstico de habla inglesa<\/li>\n<li class=\"li2\"><span>Entrada al museo y almuerzo t\u00edpico<\/span>\n<div class=\"page\" title=\"P\u00e1gina 2\">\n<div class=\"section\">\n<div class=\"layoutArea\">\n<div class=\"column\"><\/div>\n<\/div>\n<\/div>\n<\/div>\n<\/li>\n<\/ul>\n<p class=\"p2\" style=\"text-align: justify\"><span style=\"color: #ff6600\"><b>NO INCLUIDO:<\/b><\/span><\/p>\n<ul class=\"ul1\" style=\"text-align: justify\">\n<li class=\"li2\"><span>Taller de cer\u00e1mica y chocolate en Chichubamba 12.50 USD por persona directamente para pagar a Alcione (l\u00edder de las actividades)<\/span><\/li>\n<li class=\"li4\"><span class=\"s1\">\u00abBoleto turistico\u00bb o BTC es una entrada obligatoria para acceder a los sitios m\u00e1s importantes de<b>Cusco.<\/b> <\/span> El cliente tiene que comprar el Boleto de Turistico en el primer sitio que ingresa en Cusco. El precio de la entrada para 16 sitios arqueol\u00f3gicos es de 130 soles por persona o aproximadamente 40 USD y es v\u00e1lido por 10 d\u00edas.<span class=\"Apple-converted-space\">  <\/span>Hay un pase de 1 o 2 d\u00edas para menos sitios arqueol\u00f3gicos. El costo es de 70 Soles o aproximadamente 20 USD. Los ni\u00f1os de hasta 9 a\u00f1os no pagan las entradas.<span class=\"Apple-converted-space\">   <\/span><\/li>\n<\/ul>\n<p class=\"p4\" style=\"text-align: justify\"><span style=\"color: #ff6600\"><b>\u00bfQUE ESENCIALES DEBO LLEVAR?<\/b><\/span><\/p>\n<p class=\"p2\" style=\"text-align: justify\">Se recomienda llevar gafas de sol, protector solar con alto SPF, crema hidratante y sombrero, ropa c\u00f3moda para el d\u00eda, camisas de algod\u00f3n, desinfectante de manos y c\u00e1mara!<\/p>\n<p>[\/et_pb_text][\/et_pb_column][\/et_pb_row][\/et_pb_section][et_pb_section fb_built=\u00bb1&#8243; _builder_version=\u00bb4.0.7&#8243; custom_padding=\u00bb0px|||||\u00bb][et_pb_row _builder_version=\u00bb4.0.7&#8243;][et_pb_column type=\u00bb4_4&#8243; _builder_version=\u00bb4.0.7&#8243;][et_pb_button button_url=\u00bb@ET-DC@eyJkeW5hbWljIjp0cnVlLCJjb250ZW50IjoicG9zdF9saW5rX3VybF9wYWdlIiwic2V0dGluZ3MiOnsicG9zdF9pZCI6IjE2NzUifX0=@\u00bb button_text=\u00bbReserve ahora\u00bb button_alignment=\u00bbcenter\u00bb _builder_version=\u00bb4.4.4&#8243; _dynamic_attributes=\u00bbbutton_url\u00bb custom_button=\u00bbon\u00bb button_text_size=\u00bb35px\u00bb button_text_color=\u00bb#ffffff\u00bb button_bg_use_color_gradient=\u00bbon\u00bb button_bg_color_gradient_start=\u00bb#419e1f\u00bb button_bg_color_gradient_end=\u00bb#1b8921&#8243; button_border_width=\u00bb0px\u00bb button_border_radius=\u00bb60px\u00bb button_font=\u00bbLato|700|||||||\u00bb button_icon=\u00bb%%20%%\u00bb][\/et_pb_button][\/et_pb_column][\/et_pb_row][\/et_pb_section]<\/p>\n","protected":false},"excerpt":{"rendered":"<p>[et_pb_section fb_built=\u00bb1&#8243; fullwidth=\u00bbon\u00bb _builder_version=\u00bb4.0.7&#8243; saved_tabs=\u00bball\u00bb][et_pb_fullwidth_slider use_bg_overlay=\u00bboff\u00bb _builder_version=\u00bb4.0.7&#8243; header_level=\u00bbh1&#8243; body_font=\u00bb|||on|||||\u00bb background_enable_color=\u00bboff\u00bb background_image=\u00bbhttps:\/\/culturavivaperu.com\/wp-content\/uploads\/2020\/04\/Ceramics-Tour-Travel-Peru.jpg\u00bb content_width_last_edited=\u00bboff|phone\u00bb custom_margin=\u00bb||||false|false\u00bb custom_padding=\u00bb430px||30px||false|false\u00bb custom_padding_tablet=\u00bb440px||40px||false|false\u00bb custom_padding_phone=\u00bb350px||50px||false|false\u00bb custom_padding_last_edited=\u00bbon|phone\u00bb][et_pb_slide heading=\u00bbTour de Cer\u00e1mica y Chocolate\u00bb _builder_version=\u00bb4.0.7&#8243; header_level=\u00bbh1&#8243; header_font=\u00bbLato|900|||||||\u00bb header_text_align=\u00bbleft\u00bb header_text_color=\u00bb#ef5f3d\u00bb header_font_size=\u00bb40px\u00bb body_font=\u00bbDidact Gothic|700|||||||\u00bb body_text_align=\u00bbleft\u00bb body_font_size=\u00bb30px\u00bb body_letter_spacing=\u00bb3px\u00bb body_line_height=\u00bb1.3em\u00bb background_enable_color=\u00bboff\u00bb custom_button=\u00bbon\u00bb button_text_size=\u00bb18px\u00bb button_bg_use_color_gradient=\u00bbon\u00bb button_bg_color_gradient_start=\u00bb#348e3f\u00bb button_bg_color_gradient_end=\u00bb#3da546&#8243; button_border_color=\u00bb#348e3f\u00bb button_border_radius=\u00bb40px\u00bb button_letter_spacing=\u00bb2px\u00bb button_font=\u00bbLato|700|||||||\u00bb button_use_icon=\u00bbon\u00bb button_icon=\u00bb%%20%%\u00bb button_alignment=\u00bbleft\u00bb custom_padding=\u00bb|0px||0px|false|true\u00bb header_font_size_tablet=\u00bb36px\u00bb header_font_size_phone=\u00bb24px\u00bb header_font_size_last_edited=\u00bbon|phone\u00bb body_font_size_tablet=\u00bb26px\u00bb body_font_size_phone=\u00bb15px\u00bb body_font_size_last_edited=\u00bbon|phone\u00bb body_line_height_tablet=\u00bb\u00bb [&hellip;]<\/p>\n","protected":false},"author":1,"featured_media":0,"parent":0,"menu_order":0,"comment_status":"closed","ping_status":"closed","template":"","meta":{"_et_pb_use_builder":"on","_et_pb_old_content":"","_et_gb_content_width":"","_monsterinsights_skip_tracking":false,"_monsterinsights_sitenote_active":false,"_monsterinsights_sitenote_note":"","_monsterinsights_sitenote_category":0,"footnotes":""},"class_list":["post-4600","page","type-page","status-publish","hentry"],"yoast_head":"<!-- This site is optimized with the Yoast SEO plugin v26.9 - https:\/\/yoast.com\/product\/yoast-seo-wordpress\/ -->\n<title>Cultura Viva Peru Travel Cer\u00e1mica peruana Cusco, Valle Sagrado<\/title>\n<meta name=\"description\" content=\"Visite el taller de artesan\u00eda de un par de alfareros de la comunidad de Chichubamba. Alcione le mostrar\u00e1 c\u00f3mo producen sus hermosas artesan\u00edas.\" \/>\n<meta name=\"robots\" content=\"index, follow, max-snippet:-1, max-image-preview:large, max-video-preview:-1\" \/>\n<link rel=\"canonical\" href=\"https:\/\/culturavivaperu.com\/es\/taller-de-ceramica-y-chocolate-valle-sagrado-cusco\/\" \/>\n<meta property=\"og:locale\" content=\"es_ES\" \/>\n<meta property=\"og:type\" content=\"article\" \/>\n<meta property=\"og:title\" content=\"Cultura Viva Peru Travel Cer\u00e1mica peruana Cusco, Valle Sagrado\" \/>\n<meta property=\"og:description\" content=\"Visite el taller de artesan\u00eda de un par de alfareros de la comunidad de Chichubamba. Alcione le mostrar\u00e1 c\u00f3mo producen sus hermosas artesan\u00edas.\" \/>\n<meta property=\"og:url\" content=\"https:\/\/culturavivaperu.com\/es\/taller-de-ceramica-y-chocolate-valle-sagrado-cusco\/\" \/>\n<meta property=\"og:site_name\" content=\"Cultura Viva Peru Travel\" \/>\n<meta property=\"article:modified_time\" content=\"2020-05-02T21:15:52+00:00\" \/>\n<meta property=\"og:image\" content=\"https:\/\/culturavivaperu.com\/wp-content\/uploads\/2019\/12\/Ceramics-Travel-Peru.jpeg\" \/>\n<meta name=\"twitter:card\" content=\"summary_large_image\" \/>\n<meta name=\"twitter:image\" content=\"https:\/\/culturavivaperu.com\/wp-content\/uploads\/2019\/12\/Ceramics-Travel-Peru.jpeg\" \/>\n<meta name=\"twitter:label1\" content=\"Tiempo de lectura\" \/>\n\t<meta name=\"twitter:data1\" content=\"7 minutos\" \/>\n<script type=\"application\/ld+json\" class=\"yoast-schema-graph\">{\"@context\":\"https:\/\/schema.org\",\"@graph\":[{\"@type\":\"WebPage\",\"@id\":\"https:\/\/culturavivaperu.com\/es\/taller-de-ceramica-y-chocolate-valle-sagrado-cusco\/\",\"url\":\"https:\/\/culturavivaperu.com\/es\/taller-de-ceramica-y-chocolate-valle-sagrado-cusco\/\",\"name\":\"Cultura Viva Peru Travel Cer\u00e1mica peruana Cusco, Valle Sagrado\",\"isPartOf\":{\"@id\":\"https:\/\/culturavivaperu.com\/es\/#website\"},\"datePublished\":\"2020-05-02T21:15:51+00:00\",\"dateModified\":\"2020-05-02T21:15:52+00:00\",\"description\":\"Visite el taller de artesan\u00eda de un par de alfareros de la comunidad de Chichubamba. Alcione le mostrar\u00e1 c\u00f3mo producen sus hermosas artesan\u00edas.\",\"breadcrumb\":{\"@id\":\"https:\/\/culturavivaperu.com\/es\/taller-de-ceramica-y-chocolate-valle-sagrado-cusco\/#breadcrumb\"},\"inLanguage\":\"es\",\"potentialAction\":[{\"@type\":\"ReadAction\",\"target\":[\"https:\/\/culturavivaperu.com\/es\/taller-de-ceramica-y-chocolate-valle-sagrado-cusco\/\"]}]},{\"@type\":\"BreadcrumbList\",\"@id\":\"https:\/\/culturavivaperu.com\/es\/taller-de-ceramica-y-chocolate-valle-sagrado-cusco\/#breadcrumb\",\"itemListElement\":[{\"@type\":\"ListItem\",\"position\":1,\"name\":\"Home\",\"item\":\"https:\/\/culturavivaperu.com\/es\/peru-travel-cultura-viva-peru-tours-educativos-con-alma-y-proposito\/\"},{\"@type\":\"ListItem\",\"position\":2,\"name\":\"Taller de cer\u00e1mica y chocolate &#8211; Valle Sagrado, Cusco\"}]},{\"@type\":\"WebSite\",\"@id\":\"https:\/\/culturavivaperu.com\/es\/#website\",\"url\":\"https:\/\/culturavivaperu.com\/es\/\",\"name\":\"Cultura Viva Peru Travel\",\"description\":\"Sustainable Travel Experiences in Peru\",\"potentialAction\":[{\"@type\":\"SearchAction\",\"target\":{\"@type\":\"EntryPoint\",\"urlTemplate\":\"https:\/\/culturavivaperu.com\/es\/?s={search_term_string}\"},\"query-input\":{\"@type\":\"PropertyValueSpecification\",\"valueRequired\":true,\"valueName\":\"search_term_string\"}}],\"inLanguage\":\"es\"}]}<\/script>\n<!-- \/ Yoast SEO plugin. -->","yoast_head_json":{"title":"Cultura Viva Peru Travel Cer\u00e1mica peruana Cusco, Valle Sagrado","description":"Visite el taller de artesan\u00eda de un par de alfareros de la comunidad de Chichubamba. Alcione le mostrar\u00e1 c\u00f3mo producen sus hermosas artesan\u00edas.","robots":{"index":"index","follow":"follow","max-snippet":"max-snippet:-1","max-image-preview":"max-image-preview:large","max-video-preview":"max-video-preview:-1"},"canonical":"https:\/\/culturavivaperu.com\/es\/taller-de-ceramica-y-chocolate-valle-sagrado-cusco\/","og_locale":"es_ES","og_type":"article","og_title":"Cultura Viva Peru Travel Cer\u00e1mica peruana Cusco, Valle Sagrado","og_description":"Visite el taller de artesan\u00eda de un par de alfareros de la comunidad de Chichubamba. Alcione le mostrar\u00e1 c\u00f3mo producen sus hermosas artesan\u00edas.","og_url":"https:\/\/culturavivaperu.com\/es\/taller-de-ceramica-y-chocolate-valle-sagrado-cusco\/","og_site_name":"Cultura Viva Peru Travel","article_modified_time":"2020-05-02T21:15:52+00:00","og_image":[{"url":"https:\/\/culturavivaperu.com\/wp-content\/uploads\/2019\/12\/Ceramics-Travel-Peru.jpeg","type":"","width":"","height":""}],"twitter_card":"summary_large_image","twitter_image":"https:\/\/culturavivaperu.com\/wp-content\/uploads\/2019\/12\/Ceramics-Travel-Peru.jpeg","twitter_misc":{"Tiempo de lectura":"7 minutos"},"schema":{"@context":"https:\/\/schema.org","@graph":[{"@type":"WebPage","@id":"https:\/\/culturavivaperu.com\/es\/taller-de-ceramica-y-chocolate-valle-sagrado-cusco\/","url":"https:\/\/culturavivaperu.com\/es\/taller-de-ceramica-y-chocolate-valle-sagrado-cusco\/","name":"Cultura Viva Peru Travel Cer\u00e1mica peruana Cusco, Valle Sagrado","isPartOf":{"@id":"https:\/\/culturavivaperu.com\/es\/#website"},"datePublished":"2020-05-02T21:15:51+00:00","dateModified":"2020-05-02T21:15:52+00:00","description":"Visite el taller de artesan\u00eda de un par de alfareros de la comunidad de Chichubamba. Alcione le mostrar\u00e1 c\u00f3mo producen sus hermosas artesan\u00edas.","breadcrumb":{"@id":"https:\/\/culturavivaperu.com\/es\/taller-de-ceramica-y-chocolate-valle-sagrado-cusco\/#breadcrumb"},"inLanguage":"es","potentialAction":[{"@type":"ReadAction","target":["https:\/\/culturavivaperu.com\/es\/taller-de-ceramica-y-chocolate-valle-sagrado-cusco\/"]}]},{"@type":"BreadcrumbList","@id":"https:\/\/culturavivaperu.com\/es\/taller-de-ceramica-y-chocolate-valle-sagrado-cusco\/#breadcrumb","itemListElement":[{"@type":"ListItem","position":1,"name":"Home","item":"https:\/\/culturavivaperu.com\/es\/peru-travel-cultura-viva-peru-tours-educativos-con-alma-y-proposito\/"},{"@type":"ListItem","position":2,"name":"Taller de cer\u00e1mica y chocolate &#8211; Valle Sagrado, Cusco"}]},{"@type":"WebSite","@id":"https:\/\/culturavivaperu.com\/es\/#website","url":"https:\/\/culturavivaperu.com\/es\/","name":"Cultura Viva Peru Travel","description":"Sustainable Travel Experiences in Peru","potentialAction":[{"@type":"SearchAction","target":{"@type":"EntryPoint","urlTemplate":"https:\/\/culturavivaperu.com\/es\/?s={search_term_string}"},"query-input":{"@type":"PropertyValueSpecification","valueRequired":true,"valueName":"search_term_string"}}],"inLanguage":"es"}]}},"jetpack_sharing_enabled":true,"_links":{"self":[{"href":"https:\/\/culturavivaperu.com\/es\/wp-json\/wp\/v2\/pages\/4600","targetHints":{"allow":["GET"]}}],"collection":[{"href":"https:\/\/culturavivaperu.com\/es\/wp-json\/wp\/v2\/pages"}],"about":[{"href":"https:\/\/culturavivaperu.com\/es\/wp-json\/wp\/v2\/types\/page"}],"author":[{"embeddable":true,"href":"https:\/\/culturavivaperu.com\/es\/wp-json\/wp\/v2\/users\/1"}],"replies":[{"embeddable":true,"href":"https:\/\/culturavivaperu.com\/es\/wp-json\/wp\/v2\/comments?post=4600"}],"version-history":[{"count":2,"href":"https:\/\/culturavivaperu.com\/es\/wp-json\/wp\/v2\/pages\/4600\/revisions"}],"predecessor-version":[{"id":4604,"href":"https:\/\/culturavivaperu.com\/es\/wp-json\/wp\/v2\/pages\/4600\/revisions\/4604"}],"wp:attachment":[{"href":"https:\/\/culturavivaperu.com\/es\/wp-json\/wp\/v2\/media?parent=4600"}],"curies":[{"name":"wp","href":"https:\/\/api.w.org\/{rel}","templated":true}]}}