{"id":4594,"date":"2020-05-02T22:00:10","date_gmt":"2020-05-02T21:00:10","guid":{"rendered":"https:\/\/culturavivaperu.com\/comunidad-misminay-maras-y-moray\/"},"modified":"2020-05-02T22:00:11","modified_gmt":"2020-05-02T21:00:11","slug":"comunidad-misminay-maras-y-moray","status":"publish","type":"page","link":"https:\/\/culturavivaperu.com\/es\/comunidad-misminay-maras-y-moray\/","title":{"rendered":"Comunidad misminay, maras y moray"},"content":{"rendered":"<p>[et_pb_section fb_built=\u00bb1&#8243; fullwidth=\u00bbon\u00bb _builder_version=\u00bb4.0.7&#8243; saved_tabs=\u00bball\u00bb][et_pb_fullwidth_slider use_bg_overlay=\u00bboff\u00bb _builder_version=\u00bb4.0.7&#8243; header_level=\u00bbh1&#8243; body_font=\u00bb|||on|||||\u00bb background_enable_color=\u00bboff\u00bb background_image=\u00bbhttps:\/\/culturavivaperu.com\/wp-content\/uploads\/2020\/04\/Moray-Tour-Peru.jpg\u00bb background_position=\u00bbbottom_center\u00bb content_width_last_edited=\u00bboff|phone\u00bb custom_margin=\u00bb||||false|false\u00bb custom_padding=\u00bb420px||30px||false|false\u00bb custom_padding_tablet=\u00bb440px||40px||false|false\u00bb custom_padding_phone=\u00bb350px||50px||false|false\u00bb custom_padding_last_edited=\u00bbon|phone\u00bb][et_pb_slide heading=\u00bbComunidad misminay.\u00bb _builder_version=\u00bb4.0.7&#8243; header_level=\u00bbh1&#8243; header_font=\u00bbLato|900|||||||\u00bb header_text_align=\u00bbleft\u00bb header_text_color=\u00bb#ef5f3d\u00bb header_font_size=\u00bb40px\u00bb body_font=\u00bbDidact Gothic|700|||||||\u00bb body_text_align=\u00bbleft\u00bb body_font_size=\u00bb30px\u00bb body_letter_spacing=\u00bb3px\u00bb body_line_height=\u00bb1.3em\u00bb background_enable_color=\u00bboff\u00bb custom_button=\u00bbon\u00bb button_text_size=\u00bb18px\u00bb button_bg_use_color_gradient=\u00bbon\u00bb button_bg_color_gradient_start=\u00bb#348e3f\u00bb button_bg_color_gradient_end=\u00bb#3da546&#8243; button_border_color=\u00bb#348e3f\u00bb button_border_radius=\u00bb40px\u00bb button_letter_spacing=\u00bb2px\u00bb button_font=\u00bbLato|700|||||||\u00bb button_use_icon=\u00bbon\u00bb button_icon=\u00bb%%20%%\u00bb button_alignment=\u00bbleft\u00bb custom_padding=\u00bb|0px||0px|false|true\u00bb header_font_size_tablet=\u00bb36px\u00bb header_font_size_phone=\u00bb24px\u00bb header_font_size_last_edited=\u00bbon|phone\u00bb body_font_size_tablet=\u00bb26px\u00bb body_font_size_phone=\u00bb15px\u00bb body_font_size_last_edited=\u00bbon|phone\u00bb body_line_height_tablet=\u00bb\u00bb body_line_height_phone=\u00bb\u00bb body_line_height_last_edited=\u00bbon|desktop\u00bb button_text_size_tablet=\u00bb18px\u00bb button_text_size_phone=\u00bb14px\u00bb button_text_size_last_edited=\u00bbon|desktop\u00bb]<\/p>\n<p><span>\u00a1Visita los sitios cl\u00e1sicos de maras y morenas peru, as\u00ed como la flora y su comunidad!<\/span><\/p>\n<p>[\/et_pb_slide][\/et_pb_fullwidth_slider][\/et_pb_section][et_pb_section fb_built=\u00bb1&#8243; _builder_version=\u00bb4.0.7&#8243; custom_padding=\u00bb||0px|||\u00bb][et_pb_row column_structure=\u00bb1_2,1_2&#8243; _builder_version=\u00bb4.0.7&#8243;][et_pb_column type=\u00bb1_2&#8243; _builder_version=\u00bb4.0.7&#8243;][et_pb_text _builder_version=\u00bb4.4.4&#8243; custom_padding_tablet=\u00bb\u00bb custom_padding_phone=\u00bb||0px||false|false\u00bb custom_padding_last_edited=\u00bbon|phone\u00bb hover_enabled=\u00bb0&#8243;]<\/p>\n<p style=\"text-align: justify;\"><span style=\"background: white;\">Flora es una joven l\u00edder dentro de su hogar de Misminay Community. Desde hace alg\u00fan tiempo ha trabajado en el desarrollo de aut\u00e9nticas experiencias culturales que son educativas y que ayudan a aumentar los ingresos dentro de su Comunidad. <\/span><\/p>\n<p style=\"text-align: justify;\"><span style=\"background: white;\">Flora es una gran cocinera y tambi\u00e9n ha sido seleccionada para participar en la reconocida feria gastron\u00f3mica de Mistura en Lima, donde pudo mostrar los platos de su comunidad tradicional andina. <\/span><\/p>\n<p style=\"text-align: justify;\"><span style=\"background: white;\">Flora coordina las visitas a las mujeres tejedoras de Misminay que ofrecen una interpretaci\u00f3n cultural \u00fanica de sus tradiciones tejedoras. Los miembros de la comunidad se turnan para prestar servicios para compartir por igual los ingresos generados por el turismo.<\/span><\/p>\n<p style=\"text-align: justify;\">Reserve <a href=\"http:\/\/culturavivaperu.com\/book-tour-here\/\" target=\"_blank\" rel=\"noopener noreferrer\">aqu\u00ed<\/a> o lea m\u00e1s sobre la experiencia a continuaci\u00f3n.<\/p>\n<p>[\/et_pb_text][\/et_pb_column][et_pb_column type=\u00bb1_2&#8243; _builder_version=\u00bb4.0.7&#8243;][et_pb_image src=\u00bbhttp:\/\/culturavivaperu.com\/wp-content\/uploads\/2019\/12\/Tailored-Peru-Tours-In-the-Andes.jpg\u00bb _builder_version=\u00bb4.0.7&#8243;][\/et_pb_image][\/et_pb_column][\/et_pb_row][\/et_pb_section][et_pb_section fb_built=\u00bb1&#8243; _builder_version=\u00bb4.0.7&#8243; custom_padding=\u00bb0px||0px|||\u00bb][et_pb_row custom_padding_last_edited=\u00bbon|phone\u00bb _builder_version=\u00bb4.0.7&#8243; custom_padding_tablet=\u00bb\u00bb custom_padding_phone=\u00bb0px||||false|false\u00bb][et_pb_column type=\u00bb4_4&#8243; _builder_version=\u00bb4.0.7&#8243;][et_pb_text _builder_version=\u00bb4.0.7&#8243; header_2_font=\u00bbLato||||||||\u00bb header_2_font_size=\u00bb18px\u00bb header_3_font=\u00bbLato||||||||\u00bb header_3_font_size=\u00bb18px\u00bb custom_padding_tablet=\u00bb\u00bb custom_padding_phone=\u00bb0px||||false|false\u00bb custom_padding_last_edited=\u00bbon|phone\u00bb header_2_font_size_tablet=\u00bb\u00bb header_2_font_size_phone=\u00bb16px\u00bb header_2_font_size_last_edited=\u00bbon|phone\u00bb header_3_font_size_tablet=\u00bb\u00bb header_3_font_size_phone=\u00bb16px\u00bb header_3_font_size_last_edited=\u00bbon|phone\u00bb]<\/p>\n<p class=\"p1\" style=\"text-align: justify;\"><span style=\"background: white;\">Este viaje le llevar\u00e1 a descubrir algunos sitios espectaculares del Valle Sagrado de Cusco. El clima \u00f3ptimo y la geograf\u00eda de este valle lo convirtieron en un importante centro de agricultura, as\u00ed como un lugar estrat\u00e9gico para construir templos, fortalezas y magn\u00edficas terrazas agr\u00edcolas. Hoy en d\u00eda, el valle es el hogar de muchas comunidades ind\u00edgenas que contin\u00faan preservando sus tradiciones y se enorgullecen de compartir su tierra y su cultura con nosotros.<\/span><\/p>\n<p class=\"p1\" style=\"text-align: justify;\"><span class=\"s1\"><\/span><\/p>\n<h2 class=\"p3\" style=\"text-align: justify;\"><span class=\"s1\"><b>Moray, Per\u00fa.<\/b><\/span><\/h2>\n<p>La primera parada del d\u00eda es a las enigm\u00e1ticas terrazas circulares de Moray Per\u00fa. Seg\u00fan los expertos, las terrazas fueron utilizadas por los incas como centro de investigaci\u00f3n para aclimatar plantas de las regiones andinas tropicales y para realizar experimentos para optimizar los rendimientos de los cultivos. El sitio es muy \u00fanico y es f\u00e1cil caminar y apreciar su paisaje y absorber la energ\u00eda del lugar.<\/p>\n<p class=\"p3\" style=\"text-align: justify;\"><span class=\"s1\"><\/span><\/p>\n<h3 class=\"p3\" style=\"text-align: justify;\"><span class=\"s1\"><b>Tejedores de maldad y almuerzo tradicional.<\/b><\/span><\/h3>\n<p class=\"p3\" style=\"text-align: justify;\"><span style=\"background: white;\">A continuaci\u00f3n, visitar\u00e1 Misminay, hogar de muchas mujeres tejedoras que pasan su antigua tradici\u00f3n de tejido de generaci\u00f3n en generaci\u00f3n. Participaremos en una demostraci\u00f3n de tejido donde aprenderemos sobre sus herramientas, t\u00e9cnicas y el arte de tejer de los propios tejedores. Aqu\u00ed <span>disfrutaremos de un delicioso almuerzo que es preparado por una de las familias locales de la comunidad. La comida es simple pero deliciosa y se hace con productos locales de Misminay!<\/span><\/span><\/p>\n<p class=\"p3\" style=\"text-align: justify;\"><span style=\"background: white;\"><\/span><\/p>\n<p class=\"p3\" style=\"text-align: justify;\"><span style=\"background: white;\">NOTA: Todas las actividades y almuerzos en la comunidad deben ser pagados directamente a la comunidad local directamente.<\/span><\/p>\n<p>[\/et_pb_text][\/et_pb_column][\/et_pb_row][\/et_pb_section][et_pb_section fb_built=\u00bb1&#8243; disabled_on=\u00bbon|on|off\u00bb _builder_version=\u00bb4.4.4&#8243; custom_padding=\u00bb0px||0px||true|false\u00bb][et_pb_row use_custom_gutter=\u00bbon\u00bb gutter_width=\u00bb1&#8243; make_equal=\u00bbon\u00bb _builder_version=\u00bb4.4.4&#8243; width=\u00bb100%\u00bb max_width=\u00bb2488px\u00bb][et_pb_column type=\u00bb4_4&#8243; _builder_version=\u00bb4.4.4&#8243;][et_pb_gallery gallery_ids=\u00bb1658,1657,1654,1655,1659,1660,1661,1662&#8243; posts_number=\u00bb8&#8243; orientation=\u00bbportrait\u00bb show_title_and_caption=\u00bboff\u00bb show_pagination=\u00bboff\u00bb zoom_icon_color=\u00bbrgba(0,0,0,0)\u00bb hover_overlay_color=\u00bbrgba(255,255,255,0.4)\u00bb hover_icon=\u00bb%%51%%\u00bb module_id=\u00bb.pa-image-gallery-1-1&#8243; _builder_version=\u00bb4.4.4&#8243; custom_css_gallery_item=\u00bbpadding: 2px;\u00bb][\/et_pb_gallery][\/et_pb_column][\/et_pb_row][\/et_pb_section][et_pb_section fb_built=\u00bb1&#8243; _builder_version=\u00bb4.0.7&#8243; custom_padding=\u00bb0px||0px||true|\u00bb][et_pb_row _builder_version=\u00bb4.0.7&#8243; custom_padding=\u00bb0px||||false|false\u00bb][et_pb_column type=\u00bb4_4&#8243; _builder_version=\u00bb4.0.7&#8243;][et_pb_gallery gallery_ids=\u00bb1660,1654,1655,1656,1657,1658,1659,1661,1662,1663&#8243; fullwidth=\u00bbon\u00bb disabled_on=\u00bboff|on|on\u00bb _builder_version=\u00bb4.4.4&#8243;][\/et_pb_gallery][\/et_pb_column][\/et_pb_row][\/et_pb_section][et_pb_section fb_built=\u00bb1&#8243; _builder_version=\u00bb4.0.7&#8243; custom_padding=\u00bb0px||0px||false|false\u00bb][et_pb_row _builder_version=\u00bb4.0.7&#8243; custom_padding=\u00bb0px||||false|false\u00bb][et_pb_column type=\u00bb4_4&#8243; _builder_version=\u00bb4.0.7&#8243;][et_pb_text _builder_version=\u00bb4.0.7&#8243; text_font=\u00bb||||||||\u00bb header_3_font=\u00bbLato||||||||\u00bb header_3_font_size=\u00bb18px\u00bb custom_padding=\u00bb0px||||false|false\u00bb header_3_font_size_tablet=\u00bb\u00bb header_3_font_size_phone=\u00bb16px\u00bb header_3_font_size_last_edited=\u00bbon|phone\u00bb]<\/p>\n<h3 class=\"p3\" style=\"text-align: justify;\"><span class=\"s1\"><b>Caminata por los estanques de sal de Maras<\/b><\/span><\/h3>\n<p>Despu\u00e9s del almuerzo, le llevaremos al pintoresco pueblo de Maras. Desde el pueblo se camina por el valle hasta los famosos estanques de sal. Tendr\u00e1s una hora para caminar y explorar los estanques de evaporaci\u00f3n de 3.000 euros que se han utilizado para extraer sal desde el per\u00edodo inca hasta hoy. Por supuesto que tendr\u00e1 la oportunidad de comprar un poco de sal mineral de alta calidad mientras estamos aqu\u00ed. <\/p>\n<p>Despu\u00e9s de la caminata, comenzamos nuestro regreso a casa.<\/p>\n<p>[\/et_pb_text][\/et_pb_column][\/et_pb_row][\/et_pb_section][et_pb_section fb_built=\u00bb1&#8243; _builder_version=\u00bb4.0.7&#8243; custom_padding=\u00bb0px|||||\u00bb][et_pb_row column_structure=\u00bb2_5,3_5&#8243; use_custom_gutter=\u00bbon\u00bb gutter_width=\u00bb1&#8243; _builder_version=\u00bb4.0.7&#8243; width=\u00bb100%\u00bb max_width=\u00bb80%\u00bb][et_pb_column type=\u00bb2_5&#8243; _builder_version=\u00bb4.0.7&#8243;][et_pb_text _builder_version=\u00bb4.0.7&#8243; header_3_font=\u00bbDidact Gothic|700|||||||\u00bb header_3_text_align=\u00bbcenter\u00bb header_3_text_color=\u00bb#ef5f3d\u00bb header_3_font_size=\u00bb26px\u00bb custom_padding=\u00bb||||true|true\u00bb header_3_font_size_tablet=\u00bb\u00bb header_3_font_size_phone=\u00bb\u00bb header_3_font_size_last_edited=\u00bbon|phone\u00bb]<\/p>\n<h3>Precios <\/h3>\n<p>[\/et_pb_text][et_pb_accordion icon_color=\u00bb#ef5f3d\u00bb _builder_version=\u00bb4.0.7&#8243; toggle_font=\u00bbLato|700|||||||\u00bb max_width=\u00bb50%\u00bb max_width_tablet=\u00bb60%\u00bb max_width_phone=\u00bb75%\u00bb max_width_last_edited=\u00bbon|desktop\u00bb module_alignment=\u00bbcenter\u00bb][et_pb_accordion_item title=\u00bb2 Personas\u00bb open=\u00bbon\u00bb _builder_version=\u00bb4.0.7&#8243;]<\/p>\n<p>121 USD \/por persona.<\/p>\n<p>[\/et_pb_accordion_item][et_pb_accordion_item title=\u00bb3 Personas\u00bb _builder_version=\u00bb4.0.7&#8243; open=\u00bboff\u00bb]<\/p>\n<p>82 USD \/por persona<\/p>\n<p>[\/et_pb_accordion_item][et_pb_accordion_item title=\u00bb4 Personas\u00bb _builder_version=\u00bb4.0.7&#8243; open=\u00bboff\u00bb]<\/p>\n<p>62,5 USD \/por persona<\/p>\n<p>[\/et_pb_accordion_item][et_pb_accordion_item title=\u00bb5 Personas\u00bb _builder_version=\u00bb4.0.7&#8243; open=\u00bboff\u00bb]<\/p>\n<p>51 USD \/por persona<\/p>\n<p>[\/et_pb_accordion_item][et_pb_accordion_item title=\u00bb6 Personas\u00bb _builder_version=\u00bb4.0.7&#8243; open=\u00bboff\u00bb]<\/p>\n<p>49 USD \/por persona<\/p>\n<p>[\/et_pb_accordion_item][et_pb_accordion_item title=\u00bb7 Personas\u00bb _builder_version=\u00bb4.0.7&#8243; open=\u00bboff\u00bb]<\/p>\n<p>42 USD \/por persona<\/p>\n<p>[\/et_pb_accordion_item][et_pb_accordion_item title=\u00bb8+ Personas\u00bb _builder_version=\u00bb4.0.7&#8243; open=\u00bboff\u00bb]<\/p>\n<p>38 USD \/por persona<\/p>\n<p>[\/et_pb_accordion_item][\/et_pb_accordion][\/et_pb_column][et_pb_column type=\u00bb3_5&#8243; _builder_version=\u00bb4.0.7&#8243;][et_pb_text _builder_version=\u00bb4.0.7&#8243; text_font=\u00bb||||||||\u00bb custom_padding_tablet=\u00bb30px||||false|false\u00bb custom_padding_phone=\u00bb30px||||false|false\u00bb custom_padding_last_edited=\u00bbon|tablet\u00bb]<\/p>\n<p style=\"text-align: justify;\"><span style=\"color: #ff6600;\"><b><\/b><\/span><\/p>\n<p style=\"text-align: justify;\"><span style=\"color: #ff6600;\"><b><\/b><\/span><\/p>\n<p style=\"text-align: justify;\"><span style=\"color: #ff6600;\"><b>Incluido:<\/b><\/span><\/p>\n<ul class=\"ul1\" style=\"text-align: justify;\">\n<li class=\"li2\">Transporte desde\/hacia la casa en el Valle Sagrado<\/li>\n<li class=\"li2\">Gu\u00eda tur\u00edstico de habla inglesa<\/li>\n<li class=\"li2\">Entrada a Maras<\/li>\n<\/ul>\n<p class=\"p2\" style=\"text-align: justify;\"><span style=\"color: #ff6600;\"><b>NO INCLUIDO:<\/b><\/span><\/p>\n<ul style=\"text-align: justify;\">\n<li class=\"li1\"><span class=\"s1\">Almuerzo en Misminay + demostraci\u00f3n textil 22.00 USD por persona<\/span><\/li>\n<li class=\"li2\"><span class=\"s2\"><b><\/b><\/span><span class=\"s3\"><b>Boleto Turistico\u00bb o BTC es una tarifa de entrada obligatoria para acceder a los sitios m\u00e1s importantes de Cusco. <\/b><\/span><span class=\"s1\">El cliente tiene que comprar el Boleto de Turistico en el primer sitio que ingresa en Cusco. El precio de la entrada para 16 sitios arqueol\u00f3gicos es de 130 soles por persona o aproximadamente 40 USD y es v\u00e1lido por 10 d\u00edas.<span class=\"Apple-converted-space\">  <\/span>Hay un pase de 1 o 2 d\u00edas para menos sitios arqueol\u00f3gicos. El costo es de 70 Soles o aproximadamente 20 USD. Los ni\u00f1os de hasta 9 a\u00f1os no pagan las entradas. Este billete le dar\u00e1 entrada a las ruinas de Moray Per\u00fa. <span class=\"Apple-converted-space\">   <\/span><\/span><\/li>\n<\/ul>\n<p class=\"p3\" style=\"text-align: justify;\"><span class=\"s1\"><\/span><\/p>\n<p class=\"p4\" style=\"text-align: justify;\"><span style=\"color: #ff6600;\"><b>\u00bfQUE ESENCIALES DEBO LLEVAR?<\/b><\/span><\/p>\n<p class=\"p2\" style=\"text-align: justify;\">Se recomienda llevar gafas de sol, protector solar con alto SPF, crema hidratante y sombrero, ropa c\u00f3moda para el d\u00eda, camisas de algod\u00f3n, desinfectante de manos y c\u00e1mara!<\/p>\n<p>[\/et_pb_text][\/et_pb_column][\/et_pb_row][\/et_pb_section][et_pb_section fb_built=\u00bb1&#8243; _builder_version=\u00bb4.0.7&#8243; custom_padding=\u00bb0px|||||\u00bb][et_pb_row _builder_version=\u00bb4.0.7&#8243;][et_pb_column type=\u00bb4_4&#8243; _builder_version=\u00bb4.0.7&#8243;][et_pb_button button_url=\u00bb@ET-DC@eyJkeW5hbWljIjp0cnVlLCJjb250ZW50IjoicG9zdF9saW5rX3VybF9wYWdlIiwic2V0dGluZ3MiOnsicG9zdF9pZCI6IjE2NzUifX0=@\u00bb button_text=\u00bbReserve ahora\u00bb button_alignment=\u00bbcenter\u00bb _builder_version=\u00bb4.4.4&#8243; _dynamic_attributes=\u00bbbutton_url\u00bb custom_button=\u00bbon\u00bb button_text_size=\u00bb35px\u00bb button_text_color=\u00bb#ffffff\u00bb button_bg_use_color_gradient=\u00bbon\u00bb button_bg_color_gradient_start=\u00bb#419e1f\u00bb button_bg_color_gradient_end=\u00bb#1b8921&#8243; button_border_width=\u00bb0px\u00bb button_border_radius=\u00bb60px\u00bb button_font=\u00bbLato|700|||||||\u00bb button_icon=\u00bb%%20%%\u00bb][\/et_pb_button][\/et_pb_column][\/et_pb_row][\/et_pb_section]<\/p>\n","protected":false},"excerpt":{"rendered":"<p>[et_pb_section fb_built=\u00bb1&#8243; fullwidth=\u00bbon\u00bb _builder_version=\u00bb4.0.7&#8243; saved_tabs=\u00bball\u00bb][et_pb_fullwidth_slider use_bg_overlay=\u00bboff\u00bb _builder_version=\u00bb4.0.7&#8243; header_level=\u00bbh1&#8243; body_font=\u00bb|||on|||||\u00bb background_enable_color=\u00bboff\u00bb background_image=\u00bbhttps:\/\/culturavivaperu.com\/wp-content\/uploads\/2020\/04\/Moray-Tour-Peru.jpg\u00bb background_position=\u00bbbottom_center\u00bb content_width_last_edited=\u00bboff|phone\u00bb custom_margin=\u00bb||||false|false\u00bb custom_padding=\u00bb420px||30px||false|false\u00bb custom_padding_tablet=\u00bb440px||40px||false|false\u00bb custom_padding_phone=\u00bb350px||50px||false|false\u00bb custom_padding_last_edited=\u00bbon|phone\u00bb][et_pb_slide heading=\u00bbComunidad misminay.\u00bb _builder_version=\u00bb4.0.7&#8243; header_level=\u00bbh1&#8243; header_font=\u00bbLato|900|||||||\u00bb header_text_align=\u00bbleft\u00bb header_text_color=\u00bb#ef5f3d\u00bb header_font_size=\u00bb40px\u00bb body_font=\u00bbDidact Gothic|700|||||||\u00bb body_text_align=\u00bbleft\u00bb body_font_size=\u00bb30px\u00bb body_letter_spacing=\u00bb3px\u00bb body_line_height=\u00bb1.3em\u00bb background_enable_color=\u00bboff\u00bb custom_button=\u00bbon\u00bb button_text_size=\u00bb18px\u00bb button_bg_use_color_gradient=\u00bbon\u00bb button_bg_color_gradient_start=\u00bb#348e3f\u00bb button_bg_color_gradient_end=\u00bb#3da546&#8243; button_border_color=\u00bb#348e3f\u00bb button_border_radius=\u00bb40px\u00bb button_letter_spacing=\u00bb2px\u00bb button_font=\u00bbLato|700|||||||\u00bb button_use_icon=\u00bbon\u00bb button_icon=\u00bb%%20%%\u00bb button_alignment=\u00bbleft\u00bb custom_padding=\u00bb|0px||0px|false|true\u00bb header_font_size_tablet=\u00bb36px\u00bb header_font_size_phone=\u00bb24px\u00bb header_font_size_last_edited=\u00bbon|phone\u00bb body_font_size_tablet=\u00bb26px\u00bb body_font_size_phone=\u00bb15px\u00bb body_font_size_last_edited=\u00bbon|phone\u00bb body_line_height_tablet=\u00bb\u00bb body_line_height_phone=\u00bb\u00bb body_line_height_last_edited=\u00bbon|desktop\u00bb [&hellip;]<\/p>\n","protected":false},"author":1,"featured_media":0,"parent":0,"menu_order":0,"comment_status":"closed","ping_status":"closed","template":"","meta":{"_et_pb_use_builder":"on","_et_pb_old_content":"","_et_gb_content_width":"","_monsterinsights_skip_tracking":false,"_monsterinsights_sitenote_active":false,"_monsterinsights_sitenote_note":"","_monsterinsights_sitenote_category":0,"footnotes":""},"class_list":["post-4594","page","type-page","status-publish","hentry"],"yoast_head":"<!-- This site is optimized with the Yoast SEO plugin v26.9 - https:\/\/yoast.com\/product\/yoast-seo-wordpress\/ -->\n<title>Comunidad Misminay, Maras y Moray Per\u00fa, Cultura Viva Peru Travel<\/title>\n<meta name=\"description\" content=\"Visite los sitios cl\u00e1sicos de Maras &amp; Moray Per\u00fa, as\u00ed como Flora y su comunidad Misminay. Vea los sitios cl\u00e1sicos de Moray y Maras de una manera m\u00e1s reflexiva.\" \/>\n<meta name=\"robots\" content=\"index, follow, max-snippet:-1, max-image-preview:large, max-video-preview:-1\" \/>\n<link rel=\"canonical\" href=\"https:\/\/culturavivaperu.com\/es\/comunidad-misminay-maras-y-moray\/\" \/>\n<meta property=\"og:locale\" content=\"es_ES\" \/>\n<meta property=\"og:type\" content=\"article\" \/>\n<meta property=\"og:title\" content=\"Comunidad Misminay, Maras y Moray Per\u00fa, Cultura Viva Peru Travel\" \/>\n<meta property=\"og:description\" content=\"Visite los sitios cl\u00e1sicos de Maras &amp; Moray Per\u00fa, as\u00ed como Flora y su comunidad Misminay. Vea los sitios cl\u00e1sicos de Moray y Maras de una manera m\u00e1s reflexiva.\" \/>\n<meta property=\"og:url\" content=\"https:\/\/culturavivaperu.com\/es\/comunidad-misminay-maras-y-moray\/\" \/>\n<meta property=\"og:site_name\" content=\"Cultura Viva Peru Travel\" \/>\n<meta property=\"article:modified_time\" content=\"2020-05-02T21:00:11+00:00\" \/>\n<meta name=\"twitter:card\" content=\"summary_large_image\" \/>\n<meta name=\"twitter:label1\" content=\"Tiempo de lectura\" \/>\n\t<meta name=\"twitter:data1\" content=\"9 minutos\" \/>\n<script type=\"application\/ld+json\" class=\"yoast-schema-graph\">{\"@context\":\"https:\/\/schema.org\",\"@graph\":[{\"@type\":\"WebPage\",\"@id\":\"https:\/\/culturavivaperu.com\/es\/comunidad-misminay-maras-y-moray\/\",\"url\":\"https:\/\/culturavivaperu.com\/es\/comunidad-misminay-maras-y-moray\/\",\"name\":\"Comunidad Misminay, Maras y Moray Per\u00fa, Cultura Viva Peru Travel\",\"isPartOf\":{\"@id\":\"https:\/\/culturavivaperu.com\/es\/#website\"},\"datePublished\":\"2020-05-02T21:00:10+00:00\",\"dateModified\":\"2020-05-02T21:00:11+00:00\",\"description\":\"Visite los sitios cl\u00e1sicos de Maras & Moray Per\u00fa, as\u00ed como Flora y su comunidad Misminay. Vea los sitios cl\u00e1sicos de Moray y Maras de una manera m\u00e1s reflexiva.\",\"breadcrumb\":{\"@id\":\"https:\/\/culturavivaperu.com\/es\/comunidad-misminay-maras-y-moray\/#breadcrumb\"},\"inLanguage\":\"es\",\"potentialAction\":[{\"@type\":\"ReadAction\",\"target\":[\"https:\/\/culturavivaperu.com\/es\/comunidad-misminay-maras-y-moray\/\"]}]},{\"@type\":\"BreadcrumbList\",\"@id\":\"https:\/\/culturavivaperu.com\/es\/comunidad-misminay-maras-y-moray\/#breadcrumb\",\"itemListElement\":[{\"@type\":\"ListItem\",\"position\":1,\"name\":\"Home\",\"item\":\"https:\/\/culturavivaperu.com\/es\/peru-travel-cultura-viva-peru-tours-educativos-con-alma-y-proposito\/\"},{\"@type\":\"ListItem\",\"position\":2,\"name\":\"Comunidad misminay, maras y moray\"}]},{\"@type\":\"WebSite\",\"@id\":\"https:\/\/culturavivaperu.com\/es\/#website\",\"url\":\"https:\/\/culturavivaperu.com\/es\/\",\"name\":\"Cultura Viva Peru Travel\",\"description\":\"Sustainable Travel Experiences in Peru\",\"potentialAction\":[{\"@type\":\"SearchAction\",\"target\":{\"@type\":\"EntryPoint\",\"urlTemplate\":\"https:\/\/culturavivaperu.com\/es\/?s={search_term_string}\"},\"query-input\":{\"@type\":\"PropertyValueSpecification\",\"valueRequired\":true,\"valueName\":\"search_term_string\"}}],\"inLanguage\":\"es\"}]}<\/script>\n<!-- \/ Yoast SEO plugin. -->","yoast_head_json":{"title":"Comunidad Misminay, Maras y Moray Per\u00fa, Cultura Viva Peru Travel","description":"Visite los sitios cl\u00e1sicos de Maras & Moray Per\u00fa, as\u00ed como Flora y su comunidad Misminay. Vea los sitios cl\u00e1sicos de Moray y Maras de una manera m\u00e1s reflexiva.","robots":{"index":"index","follow":"follow","max-snippet":"max-snippet:-1","max-image-preview":"max-image-preview:large","max-video-preview":"max-video-preview:-1"},"canonical":"https:\/\/culturavivaperu.com\/es\/comunidad-misminay-maras-y-moray\/","og_locale":"es_ES","og_type":"article","og_title":"Comunidad Misminay, Maras y Moray Per\u00fa, Cultura Viva Peru Travel","og_description":"Visite los sitios cl\u00e1sicos de Maras & Moray Per\u00fa, as\u00ed como Flora y su comunidad Misminay. Vea los sitios cl\u00e1sicos de Moray y Maras de una manera m\u00e1s reflexiva.","og_url":"https:\/\/culturavivaperu.com\/es\/comunidad-misminay-maras-y-moray\/","og_site_name":"Cultura Viva Peru Travel","article_modified_time":"2020-05-02T21:00:11+00:00","twitter_card":"summary_large_image","twitter_misc":{"Tiempo de lectura":"9 minutos"},"schema":{"@context":"https:\/\/schema.org","@graph":[{"@type":"WebPage","@id":"https:\/\/culturavivaperu.com\/es\/comunidad-misminay-maras-y-moray\/","url":"https:\/\/culturavivaperu.com\/es\/comunidad-misminay-maras-y-moray\/","name":"Comunidad Misminay, Maras y Moray Per\u00fa, Cultura Viva Peru Travel","isPartOf":{"@id":"https:\/\/culturavivaperu.com\/es\/#website"},"datePublished":"2020-05-02T21:00:10+00:00","dateModified":"2020-05-02T21:00:11+00:00","description":"Visite los sitios cl\u00e1sicos de Maras & Moray Per\u00fa, as\u00ed como Flora y su comunidad Misminay. Vea los sitios cl\u00e1sicos de Moray y Maras de una manera m\u00e1s reflexiva.","breadcrumb":{"@id":"https:\/\/culturavivaperu.com\/es\/comunidad-misminay-maras-y-moray\/#breadcrumb"},"inLanguage":"es","potentialAction":[{"@type":"ReadAction","target":["https:\/\/culturavivaperu.com\/es\/comunidad-misminay-maras-y-moray\/"]}]},{"@type":"BreadcrumbList","@id":"https:\/\/culturavivaperu.com\/es\/comunidad-misminay-maras-y-moray\/#breadcrumb","itemListElement":[{"@type":"ListItem","position":1,"name":"Home","item":"https:\/\/culturavivaperu.com\/es\/peru-travel-cultura-viva-peru-tours-educativos-con-alma-y-proposito\/"},{"@type":"ListItem","position":2,"name":"Comunidad misminay, maras y moray"}]},{"@type":"WebSite","@id":"https:\/\/culturavivaperu.com\/es\/#website","url":"https:\/\/culturavivaperu.com\/es\/","name":"Cultura Viva Peru Travel","description":"Sustainable Travel Experiences in Peru","potentialAction":[{"@type":"SearchAction","target":{"@type":"EntryPoint","urlTemplate":"https:\/\/culturavivaperu.com\/es\/?s={search_term_string}"},"query-input":{"@type":"PropertyValueSpecification","valueRequired":true,"valueName":"search_term_string"}}],"inLanguage":"es"}]}},"jetpack_sharing_enabled":true,"_links":{"self":[{"href":"https:\/\/culturavivaperu.com\/es\/wp-json\/wp\/v2\/pages\/4594","targetHints":{"allow":["GET"]}}],"collection":[{"href":"https:\/\/culturavivaperu.com\/es\/wp-json\/wp\/v2\/pages"}],"about":[{"href":"https:\/\/culturavivaperu.com\/es\/wp-json\/wp\/v2\/types\/page"}],"author":[{"embeddable":true,"href":"https:\/\/culturavivaperu.com\/es\/wp-json\/wp\/v2\/users\/1"}],"replies":[{"embeddable":true,"href":"https:\/\/culturavivaperu.com\/es\/wp-json\/wp\/v2\/comments?post=4594"}],"version-history":[{"count":1,"href":"https:\/\/culturavivaperu.com\/es\/wp-json\/wp\/v2\/pages\/4594\/revisions"}],"predecessor-version":[{"id":4595,"href":"https:\/\/culturavivaperu.com\/es\/wp-json\/wp\/v2\/pages\/4594\/revisions\/4595"}],"wp:attachment":[{"href":"https:\/\/culturavivaperu.com\/es\/wp-json\/wp\/v2\/media?parent=4594"}],"curies":[{"name":"wp","href":"https:\/\/api.w.org\/{rel}","templated":true}]}}