{"id":4586,"date":"2020-05-02T21:57:29","date_gmt":"2020-05-02T20:57:29","guid":{"rendered":"https:\/\/culturavivaperu.com\/comunidad-patacancha\/"},"modified":"2020-05-02T21:57:31","modified_gmt":"2020-05-02T20:57:31","slug":"comunidad-patacancha","status":"publish","type":"page","link":"https:\/\/culturavivaperu.com\/es\/comunidad-patacancha\/","title":{"rendered":"Comunidad Patacancha"},"content":{"rendered":"<p>[et_pb_section fb_built=\u00bb1&#8243; fullwidth=\u00bbon\u00bb _builder_version=\u00bb4.0.7&#8243; saved_tabs=\u00bball\u00bb][et_pb_fullwidth_slider use_bg_overlay=\u00bboff\u00bb _builder_version=\u00bb4.0.7&#8243; header_level=\u00bbh1&#8243; body_font=\u00bb|||on|||||\u00bb background_enable_color=\u00bboff\u00bb background_image=\u00bbhttps:\/\/culturavivaperu.com\/wp-content\/uploads\/2020\/04\/Peru-Travel-to-remote-communities.jpg\u00bb background_position=\u00bbbottom_center\u00bb content_width_last_edited=\u00bboff|phone\u00bb custom_margin=\u00bb||||false|false\u00bb custom_padding=\u00bb420px||30px||false|false\u00bb custom_padding_tablet=\u00bb440px||40px||false|false\u00bb custom_padding_phone=\u00bb350px||50px||false|false\u00bb custom_padding_last_edited=\u00bbon|phone\u00bb][et_pb_slide heading=\u00bbComunidad Patacancha.\u00bb _builder_version=\u00bb4.0.7&#8243; header_level=\u00bbh1&#8243; header_font=\u00bbLato|900|||||||\u00bb header_text_align=\u00bbleft\u00bb header_text_color=\u00bb#ef5f3d\u00bb header_font_size=\u00bb40px\u00bb body_font=\u00bbDidact Gothic|700|||||||\u00bb body_text_align=\u00bbleft\u00bb body_font_size=\u00bb30px\u00bb body_letter_spacing=\u00bb3px\u00bb body_line_height=\u00bb1.3em\u00bb background_enable_color=\u00bboff\u00bb custom_button=\u00bbon\u00bb button_text_size=\u00bb18px\u00bb button_bg_use_color_gradient=\u00bbon\u00bb button_bg_color_gradient_start=\u00bb#348e3f\u00bb button_bg_color_gradient_end=\u00bb#3da546&#8243; button_border_color=\u00bb#348e3f\u00bb button_border_radius=\u00bb40px\u00bb button_letter_spacing=\u00bb2px\u00bb button_font=\u00bbLato|700|||||||\u00bb button_use_icon=\u00bbon\u00bb button_icon=\u00bb%%20%%\u00bb button_alignment=\u00bbleft\u00bb custom_padding=\u00bb|0px||0px|false|true\u00bb header_font_size_tablet=\u00bb36px\u00bb header_font_size_phone=\u00bb24px\u00bb header_font_size_last_edited=\u00bbon|phone\u00bb body_font_size_tablet=\u00bb26px\u00bb body_font_size_phone=\u00bb15px\u00bb body_font_size_last_edited=\u00bbon|phone\u00bb body_line_height_tablet=\u00bb\u00bb body_line_height_phone=\u00bb\u00bb body_line_height_last_edited=\u00bbon|desktop\u00bb button_text_size_tablet=\u00bb18px\u00bb button_text_size_phone=\u00bb14px\u00bb button_text_size_last_edited=\u00bbon|desktop\u00bb]<\/p>\n<p><span>\u00a1Deja que Juan te presente su comunidad y cultura ind\u00edgena de los Altos Andes!<\/span><\/p>\n<p>[\/et_pb_slide][\/et_pb_fullwidth_slider][\/et_pb_section][et_pb_section fb_built=\u00bb1&#8243; _builder_version=\u00bb4.0.7&#8243; custom_padding=\u00bb||0px|||\u00bb][et_pb_row column_structure=\u00bb1_2,1_2&#8243; _builder_version=\u00bb4.0.7&#8243;][et_pb_column type=\u00bb1_2&#8243; _builder_version=\u00bb4.0.7&#8243;][et_pb_text _builder_version=\u00bb4.0.7&#8243; custom_padding_tablet=\u00bb\u00bb custom_padding_phone=\u00bb||0px||false|false\u00bb custom_padding_last_edited=\u00bbon|phone\u00bb]<\/p>\n<p class=\"p1\" style=\"text-align: justify;\"><span style=\"background: white;\">Las comunidades de Willoq y Patacancha se encuentran en las tierras altas del Valle Sagrado (cerca de Ollantaytambo). Los ind\u00edgenas de estas comunidades est\u00e1n acostumbrados a las condiciones extremas de vivir a gran altitud. Como tal, la mayor\u00eda de los porteadores que trabajan para el famoso Camino Inka a Machu Picchu provienen de estos pueblos.<\/span><\/p>\n<p class=\"p1\" style=\"text-align: justify;\"><span style=\"background: white;\">Desde el comienzo del desarrollo tur\u00edstico en torno al sendero Inka, estos porteadores nos trajeron mucha inspiraci\u00f3n, ya que son tan duros en las duras condiciones. Tambi\u00e9n trajeron consigo una gran cantidad de<\/span><span style=\"background: white;\"> color, humor y actitud positiva. El atuendo nativo de willoq y Patacancha es extremadamente hermoso; sus sombreros y ponchos son visibles desde lejos. Si vas a visitarlos durante el d\u00eda o pasar la noche, tendr\u00e1s el privilegio de aprender de primera mano de ellos, sobre su fascinante cultura viva. <\/span><\/p>\n<p class=\"p1\" style=\"text-align: justify;\">Reserve <a href=\"http:\/\/culturavivaperu.com\/book-tour-here\/\">aqu\u00ed<\/a> o lea m\u00e1s sobre la experiencia de aprendizaje a continuaci\u00f3n.<\/p>\n<p class=\"p1\">[\/et_pb_text][\/et_pb_column][et_pb_column type=\u00bb1_2&#8243; _builder_version=\u00bb4.0.7&#8243;][et_pb_image src=\u00bbhttp:\/\/culturavivaperu.com\/wp-content\/uploads\/2019\/12\/Unique-Peru-Travel-Experiences.jpg\u00bb _builder_version=\u00bb4.0.7&#8243;][\/et_pb_image][\/et_pb_column][\/et_pb_row][\/et_pb_section][et_pb_section fb_built=\u00bb1&#8243; _builder_version=\u00bb4.0.7&#8243; custom_padding=\u00bb0px||0px|||\u00bb][et_pb_row custom_padding_last_edited=\u00bbon|phone\u00bb _builder_version=\u00bb4.0.7&#8243; custom_padding_tablet=\u00bb\u00bb custom_padding_phone=\u00bb0px||||false|false\u00bb][et_pb_column type=\u00bb4_4&#8243; _builder_version=\u00bb4.0.7&#8243;][et_pb_text _builder_version=\u00bb4.4.4&#8243; custom_padding_tablet=\u00bb\u00bb custom_padding_phone=\u00bb0px||||false|false\u00bb custom_padding_last_edited=\u00bbon|phone\u00bb hover_enabled=\u00bb0&#8243;]<\/p>\n<p class=\"p1\" style=\"text-align: justify;\"><span style=\"background: white;\">Si est\u00e1s en Cusco, este viaje comenzar\u00e1 a las 8 am, si ya est\u00e1s en el Valle Sagrado podemos comenzar un poco m\u00e1s tarde a las 9:00 am. Tomaremos el camino pavimentado que va a Ollantaytambo y desde all\u00ed tomaremos un camino de tierra subiendo las monta\u00f1as durante un poco m\u00e1s de una hora. <\/span><\/p>\n<p class=\"p1\" style=\"text-align: justify;\"><span style=\"background: white;\">A su llegada a Patacancha nos reuniremos con el coordinador local, ellos ser\u00e1n nuestro gu\u00eda e int\u00e9rprete de cultura. Nuestro pr\u00f3ximo destino es la granja Alpaca de una de las familias locales. Vamos a dar un peque\u00f1o paseo (unos 20 minutos) para llegar a su granero de alpaca. Tenga en cuenta que caminaremos a m\u00e1s de 4000 metros de altitud. La caminata es muy suave, pero puede parecer dif\u00edcil ya que el aire es delgado. Trae un abrigo caliente porque el viento a esta altitud es fresco.<\/span><\/p>\n<p class=\"p1\" style=\"text-align: justify;\"><span style=\"background: white;\">All\u00ed nos encontramos con los pastores locales y aprendemos sobre las alpacas, los rituales antes de cortarlas y la importancia de agradecer a las monta\u00f1as (Apus), y a la madre tierra (Pachamama) por proporcionar la ropa y la comida de la Alpaca. Este es un momento extremadamente especial de conexi\u00f3n con la espiritualidad del pueblo quechua.<\/span><\/p>\n<p class=\"p1\" style=\"text-align: justify;\"><span style=\"background: white;\">Nuestra ceremonia terminar\u00e1 alrededor del mediod\u00eda y volveremos a la comunidad para disfrutar de un t\u00edpico almuerzo andino llamado Pachamanca.<\/span><\/p>\n<p>[\/et_pb_text][\/et_pb_column][\/et_pb_row][\/et_pb_section][et_pb_section fb_built=\u00bb1&#8243; disabled_on=\u00bbon|on|off\u00bb _builder_version=\u00bb4.4.4&#8243; custom_padding=\u00bb0px||0px||true|false\u00bb][et_pb_row use_custom_gutter=\u00bbon\u00bb gutter_width=\u00bb1&#8243; make_equal=\u00bbon\u00bb _builder_version=\u00bb4.4.4&#8243; width=\u00bb100%\u00bb max_width=\u00bb2488px\u00bb][et_pb_column type=\u00bb4_4&#8243; _builder_version=\u00bb4.4.4&#8243;][et_pb_gallery gallery_ids=\u00bb4588,1580,1581,1582,1583,1586,1584,1587&#8243; posts_number=\u00bb8&#8243; orientation=\u00bbportrait\u00bb show_title_and_caption=\u00bboff\u00bb show_pagination=\u00bboff\u00bb zoom_icon_color=\u00bbrgba(0,0,0,0)\u00bb hover_overlay_color=\u00bbrgba(255,255,255,0.4)\u00bb hover_icon=\u00bb%%51%%\u00bb module_id=\u00bb.pa-image-gallery-1-1&#8243; _builder_version=\u00bb4.4.4&#8243; custom_css_gallery_item=\u00bbpadding: 2px;\u00bb][\/et_pb_gallery][\/et_pb_column][\/et_pb_row][\/et_pb_section][et_pb_section fb_built=\u00bb1&#8243; disabled_on=\u00bboff|off|on\u00bb module_id=\u00bb.page_mobile_gallery\u00bb _builder_version=\u00bb4.4.4&#8243; custom_padding=\u00bb0px||0px||true|\u00bb][et_pb_row _builder_version=\u00bb4.0.7&#8243; custom_padding=\u00bb0px||||false|false\u00bb][et_pb_column type=\u00bb4_4&#8243; _builder_version=\u00bb4.0.7&#8243;][et_pb_gallery gallery_ids=\u00bb1586,1578,4588,1580,1581,1582,1583,1584,1585&#8243; fullwidth=\u00bbon\u00bb disabled_on=\u00bboff|on|on\u00bb _builder_version=\u00bb4.4.4&#8243;][\/et_pb_gallery][\/et_pb_column][\/et_pb_row][\/et_pb_section][et_pb_section fb_built=\u00bb1&#8243; _builder_version=\u00bb4.0.7&#8243; custom_padding=\u00bb0px||0px||false|false\u00bb][et_pb_row _builder_version=\u00bb4.0.7&#8243; custom_padding=\u00bb0px||||false|false\u00bb][et_pb_column type=\u00bb4_4&#8243; _builder_version=\u00bb4.0.7&#8243;][et_pb_text _builder_version=\u00bb4.0.7&#8243; text_font=\u00bb||||||||\u00bb custom_padding=\u00bb0px||||false|false\u00bb]<\/p>\n<p class=\"p1\" style=\"text-align: justify;\"><b>Pachamanca<\/b> es un plato tradicional peruano andino que consiste en hornear diferentes tipos de carnes (cordero, pollo, conejillo de indias, carne de res, etc.) y producir como patatas, batatas, yuka y habas en un horno de tierra. Las piedras calientes est\u00e1n enterradas en el suelo se calientan con fuego. La comida se prepara, se cubre y se coloca en la Pachamanca y luego se entierra.<\/p>\n<p class=\"p1\" style=\"text-align: justify;\">Pachamancha proviene de la uni\u00f3n de dos palabras quechuas: <i>pacha, <\/i>que significa \u00abtierra\u00bb, y <i>manka<\/i> que significa \u00abolla\u00bb. El pacahamaca es una parte importante de la cocina peruana y ha existido desde la \u00e9poca de los incas.<\/p>\n<p class=\"p1\" style=\"text-align: justify;\">La familia anfitriona se encargar\u00e1 de preparar el almuerzo para usted. Le dejaremos elegir el tipo de carne o productos que desea comer. Si eres vegetariano, podemos ajustar el men\u00fa de acuerdo a tus necesidades y gustos.<\/p>\n<p class=\"p1\" style=\"text-align: justify;\">Despu\u00e9s del almuerzo, volveremos a casa al Valle Sagrado o Cusco con el autob\u00fas. Alternativamente, si nuestro grupo tiene la energ\u00eda, podemos caminar de vuelta hasta el Valle Sagrado a lo largo de senderos que pasan por el sitio arqueol\u00f3gico menos conocido, pero muy hermoso, llamado Pumamarka. Esta es una caminata f\u00e1cil de unos 6 km por un camino remoto esc\u00e9nico, se tarda aproximadamente una hora y media<\/p>\n<p>[\/et_pb_text][\/et_pb_column][\/et_pb_row][\/et_pb_section][et_pb_section fb_built=\u00bb1&#8243; _builder_version=\u00bb4.0.7&#8243; custom_padding=\u00bb0px|||||\u00bb][et_pb_row column_structure=\u00bb2_5,3_5&#8243; use_custom_gutter=\u00bbon\u00bb gutter_width=\u00bb1&#8243; _builder_version=\u00bb4.0.7&#8243; width=\u00bb100%\u00bb max_width=\u00bb80%\u00bb][et_pb_column type=\u00bb2_5&#8243; _builder_version=\u00bb4.0.7&#8243;][et_pb_text _builder_version=\u00bb4.0.7&#8243; header_3_font=\u00bbDidact Gothic|700|||||||\u00bb header_3_text_align=\u00bbcenter\u00bb header_3_text_color=\u00bb#ef5f3d\u00bb header_3_font_size=\u00bb26px\u00bb custom_padding=\u00bb||||true|true\u00bb header_3_font_size_tablet=\u00bb\u00bb header_3_font_size_phone=\u00bb\u00bb header_3_font_size_last_edited=\u00bbon|phone\u00bb]<\/p>\n<h3>Precios <\/h3>\n<p>[\/et_pb_text][et_pb_accordion icon_color=\u00bb#ef5f3d\u00bb _builder_version=\u00bb4.0.7&#8243; toggle_font=\u00bbLato|700|||||||\u00bb max_width=\u00bb50%\u00bb max_width_tablet=\u00bb60%\u00bb max_width_phone=\u00bb75%\u00bb max_width_last_edited=\u00bbon|desktop\u00bb module_alignment=\u00bbcenter\u00bb][et_pb_accordion_item title=\u00bb2 Personas\u00bb open=\u00bbon\u00bb _builder_version=\u00bb4.0.7&#8243;]<\/p>\n<p>121 USD \/por persona.<\/p>\n<p>[\/et_pb_accordion_item][et_pb_accordion_item title=\u00bb3 Personas\u00bb _builder_version=\u00bb4.0.7&#8243; open=\u00bboff\u00bb]<\/p>\n<p>82 USD \/por persona<\/p>\n<p>[\/et_pb_accordion_item][et_pb_accordion_item title=\u00bb4 Personas\u00bb _builder_version=\u00bb4.0.7&#8243; open=\u00bboff\u00bb]<\/p>\n<p>64 USD \/por persona<\/p>\n<p>[\/et_pb_accordion_item][et_pb_accordion_item title=\u00bb5 Personas\u00bb _builder_version=\u00bb4.0.7&#8243; open=\u00bboff\u00bb]<\/p>\n<p>53 USD \/por persona<\/p>\n<p>[\/et_pb_accordion_item][et_pb_accordion_item title=\u00bb6 Personas\u00bb _builder_version=\u00bb4.0.7&#8243; open=\u00bboff\u00bb]<\/p>\n<p>50 USD \/por persona<\/p>\n<p>[\/et_pb_accordion_item][et_pb_accordion_item title=\u00bb7 Personas\u00bb _builder_version=\u00bb4.0.7&#8243; open=\u00bboff\u00bb]<\/p>\n<p>44 USD \/por persona<\/p>\n<p>[\/et_pb_accordion_item][et_pb_accordion_item title=\u00bb8+ Personas\u00bb _builder_version=\u00bb4.0.7&#8243; open=\u00bboff\u00bb]<\/p>\n<p>39 USD \/por persona<\/p>\n<p>[\/et_pb_accordion_item][\/et_pb_accordion][\/et_pb_column][et_pb_column type=\u00bb3_5&#8243; _builder_version=\u00bb4.0.7&#8243;][et_pb_text _builder_version=\u00bb4.0.7&#8243; text_font=\u00bb||||||||\u00bb custom_padding_tablet=\u00bb30px||||false|false\u00bb custom_padding_phone=\u00bb30px||||false|false\u00bb custom_padding_last_edited=\u00bbon|tablet\u00bb]<\/p>\n<p style=\"text-align: justify;\"><span style=\"color: #ff6600;\"><b>Incluido:<\/b><\/span><\/p>\n<ul class=\"ul1\" style=\"text-align: justify;\">\n<li class=\"li2\">Transporte desde\/hacia la casa en el Valle Sagrado<\/li>\n<li class=\"li2\">Gu\u00eda tur\u00edstico de habla inglesa<\/li>\n<li class=\"li2\">Entrada a Maras<\/li>\n<\/ul>\n<p class=\"p2\" style=\"text-align: justify;\"><span style=\"color: #ff6600;\"><b>NO INCLUIDO:<\/b><\/span><\/p>\n<ul class=\"ul1\" style=\"text-align: justify;\">\n<li class=\"li2\">Ceremonia de almuerzo y alpaca de pastores:<span class=\"Apple-converted-space\">  <\/span>22.00 USD por persona<\/li>\n<li class=\"li4\"><span class=\"s1\">\u00abBoleto turistico\u00bb o BTC es una entrada obligatoria para acceder a los sitios m\u00e1s importantes de<b>Cusco.<\/b> <\/span> El cliente tiene que comprar el Boleto de Turistico en el primer sitio que ingresa en Cusco. El precio de la entrada para 16 sitios arqueol\u00f3gicos es de 130 soles por persona o aproximadamente 40 USD y es v\u00e1lido por 10 d\u00edas.<span class=\"Apple-converted-space\">  <\/span>Hay un pase de 1 o 2 d\u00edas para menos sitios arqueol\u00f3gicos. El costo es de 70 Soles o aproximadamente 20 USD. Los ni\u00f1os de hasta 9 a\u00f1os no pagan las entradas.<span class=\"Apple-converted-space\">   <\/span><\/li>\n<\/ul>\n<p class=\"p4\" style=\"text-align: justify;\"><span style=\"color: #ff6600;\"><b>\u00bfQUE ESENCIALES DEBO LLEVAR?<\/b><\/span><\/p>\n<p class=\"p2\" style=\"text-align: justify;\">Se recomienda llevar gafas de sol, protector solar con alto SPF, crema hidratante y sombrero, ropa c\u00f3moda para el d\u00eda, camisas de algod\u00f3n, desinfectante de manos y c\u00e1mara!<\/p>\n<p class=\"p2\" style=\"text-align: justify;\">Cuando vas m\u00e1s de 3500 metros siempre necesitas llevar una chaqueta de vell\u00f3n y una gruesa chaqueta de invierno por si acaso. \u00a1El viento es muy fresco a esa altitud!<\/p>\n<p>[\/et_pb_text][\/et_pb_column][\/et_pb_row][\/et_pb_section][et_pb_section fb_built=\u00bb1&#8243; _builder_version=\u00bb4.0.7&#8243; custom_padding=\u00bb0px|||||\u00bb][et_pb_row _builder_version=\u00bb4.0.7&#8243;][et_pb_column type=\u00bb4_4&#8243; _builder_version=\u00bb4.0.7&#8243;][et_pb_button button_url=\u00bb@ET-DC@eyJkeW5hbWljIjp0cnVlLCJjb250ZW50IjoicG9zdF9saW5rX3VybF9wYWdlIiwic2V0dGluZ3MiOnsicG9zdF9pZCI6IjE2NzUifX0=@\u00bb button_text=\u00bbReserve ahora\u00bb button_alignment=\u00bbcenter\u00bb _builder_version=\u00bb4.4.4&#8243; _dynamic_attributes=\u00bbbutton_url\u00bb custom_button=\u00bbon\u00bb button_text_size=\u00bb35px\u00bb button_text_color=\u00bb#ffffff\u00bb button_bg_use_color_gradient=\u00bbon\u00bb button_bg_color_gradient_start=\u00bb#419e1f\u00bb button_bg_color_gradient_end=\u00bb#1b8921&#8243; button_border_width=\u00bb0px\u00bb button_border_radius=\u00bb60px\u00bb button_font=\u00bbLato|700|||||||\u00bb button_icon=\u00bb%%20%%\u00bb][\/et_pb_button][\/et_pb_column][\/et_pb_row][\/et_pb_section]<\/p>\n","protected":false},"excerpt":{"rendered":"<p>[et_pb_section fb_built=\u00bb1&#8243; fullwidth=\u00bbon\u00bb _builder_version=\u00bb4.0.7&#8243; saved_tabs=\u00bball\u00bb][et_pb_fullwidth_slider use_bg_overlay=\u00bboff\u00bb _builder_version=\u00bb4.0.7&#8243; header_level=\u00bbh1&#8243; body_font=\u00bb|||on|||||\u00bb background_enable_color=\u00bboff\u00bb background_image=\u00bbhttps:\/\/culturavivaperu.com\/wp-content\/uploads\/2020\/04\/Peru-Travel-to-remote-communities.jpg\u00bb background_position=\u00bbbottom_center\u00bb content_width_last_edited=\u00bboff|phone\u00bb custom_margin=\u00bb||||false|false\u00bb custom_padding=\u00bb420px||30px||false|false\u00bb custom_padding_tablet=\u00bb440px||40px||false|false\u00bb custom_padding_phone=\u00bb350px||50px||false|false\u00bb custom_padding_last_edited=\u00bbon|phone\u00bb][et_pb_slide heading=\u00bbComunidad Patacancha.\u00bb _builder_version=\u00bb4.0.7&#8243; header_level=\u00bbh1&#8243; header_font=\u00bbLato|900|||||||\u00bb header_text_align=\u00bbleft\u00bb header_text_color=\u00bb#ef5f3d\u00bb header_font_size=\u00bb40px\u00bb body_font=\u00bbDidact Gothic|700|||||||\u00bb body_text_align=\u00bbleft\u00bb body_font_size=\u00bb30px\u00bb body_letter_spacing=\u00bb3px\u00bb body_line_height=\u00bb1.3em\u00bb background_enable_color=\u00bboff\u00bb custom_button=\u00bbon\u00bb button_text_size=\u00bb18px\u00bb button_bg_use_color_gradient=\u00bbon\u00bb button_bg_color_gradient_start=\u00bb#348e3f\u00bb button_bg_color_gradient_end=\u00bb#3da546&#8243; button_border_color=\u00bb#348e3f\u00bb button_border_radius=\u00bb40px\u00bb button_letter_spacing=\u00bb2px\u00bb button_font=\u00bbLato|700|||||||\u00bb button_use_icon=\u00bbon\u00bb button_icon=\u00bb%%20%%\u00bb button_alignment=\u00bbleft\u00bb custom_padding=\u00bb|0px||0px|false|true\u00bb header_font_size_tablet=\u00bb36px\u00bb header_font_size_phone=\u00bb24px\u00bb header_font_size_last_edited=\u00bbon|phone\u00bb body_font_size_tablet=\u00bb26px\u00bb body_font_size_phone=\u00bb15px\u00bb body_font_size_last_edited=\u00bbon|phone\u00bb body_line_height_tablet=\u00bb\u00bb body_line_height_phone=\u00bb\u00bb body_line_height_last_edited=\u00bbon|desktop\u00bb [&hellip;]<\/p>\n","protected":false},"author":1,"featured_media":0,"parent":0,"menu_order":0,"comment_status":"closed","ping_status":"closed","template":"","meta":{"_et_pb_use_builder":"on","_et_pb_old_content":"","_et_gb_content_width":"","_monsterinsights_skip_tracking":false,"_monsterinsights_sitenote_active":false,"_monsterinsights_sitenote_note":"","_monsterinsights_sitenote_category":0,"footnotes":""},"class_list":["post-4586","page","type-page","status-publish","hentry"],"yoast_head":"<!-- This site is optimized with the Yoast SEO plugin v26.9 - https:\/\/yoast.com\/product\/yoast-seo-wordpress\/ -->\n<title>Cultura Viva Peru Travel Comunidad Patacancha - Juan<\/title>\n<meta name=\"description\" content=\"Tenemos el placer de conocer de cerca a un ex portero excepcional del sendero Inka de la comunidad de Patacancha en la regi\u00f3n de Cusco.\" \/>\n<meta name=\"robots\" content=\"index, follow, max-snippet:-1, max-image-preview:large, max-video-preview:-1\" \/>\n<link rel=\"canonical\" href=\"https:\/\/culturavivaperu.com\/es\/comunidad-patacancha\/\" \/>\n<meta property=\"og:locale\" content=\"es_ES\" \/>\n<meta property=\"og:type\" content=\"article\" \/>\n<meta property=\"og:title\" content=\"Cultura Viva Peru Travel Comunidad Patacancha - Juan\" \/>\n<meta property=\"og:description\" content=\"Tenemos el placer de conocer de cerca a un ex portero excepcional del sendero Inka de la comunidad de Patacancha en la regi\u00f3n de Cusco.\" \/>\n<meta property=\"og:url\" content=\"https:\/\/culturavivaperu.com\/es\/comunidad-patacancha\/\" \/>\n<meta property=\"og:site_name\" content=\"Cultura Viva Peru Travel\" \/>\n<meta property=\"article:modified_time\" content=\"2020-05-02T20:57:31+00:00\" \/>\n<meta property=\"og:image\" content=\"https:\/\/culturavivaperu.com\/wp-content\/uploads\/2019\/12\/Unique-Peru-Travel-Experiences.jpg\" \/>\n<meta name=\"twitter:card\" content=\"summary_large_image\" \/>\n<meta name=\"twitter:image\" content=\"https:\/\/culturavivaperu.com\/wp-content\/uploads\/2019\/12\/Unique-Peru-Travel-Experiences.jpg\" \/>\n<meta name=\"twitter:label1\" content=\"Tiempo de lectura\" \/>\n\t<meta name=\"twitter:data1\" content=\"9 minutos\" \/>\n<script type=\"application\/ld+json\" class=\"yoast-schema-graph\">{\"@context\":\"https:\/\/schema.org\",\"@graph\":[{\"@type\":\"WebPage\",\"@id\":\"https:\/\/culturavivaperu.com\/es\/comunidad-patacancha\/\",\"url\":\"https:\/\/culturavivaperu.com\/es\/comunidad-patacancha\/\",\"name\":\"Cultura Viva Peru Travel Comunidad Patacancha - Juan\",\"isPartOf\":{\"@id\":\"https:\/\/culturavivaperu.com\/es\/#website\"},\"datePublished\":\"2020-05-02T20:57:29+00:00\",\"dateModified\":\"2020-05-02T20:57:31+00:00\",\"description\":\"Tenemos el placer de conocer de cerca a un ex portero excepcional del sendero Inka de la comunidad de Patacancha en la regi\u00f3n de Cusco.\",\"breadcrumb\":{\"@id\":\"https:\/\/culturavivaperu.com\/es\/comunidad-patacancha\/#breadcrumb\"},\"inLanguage\":\"es\",\"potentialAction\":[{\"@type\":\"ReadAction\",\"target\":[\"https:\/\/culturavivaperu.com\/es\/comunidad-patacancha\/\"]}]},{\"@type\":\"BreadcrumbList\",\"@id\":\"https:\/\/culturavivaperu.com\/es\/comunidad-patacancha\/#breadcrumb\",\"itemListElement\":[{\"@type\":\"ListItem\",\"position\":1,\"name\":\"Home\",\"item\":\"https:\/\/culturavivaperu.com\/es\/peru-travel-cultura-viva-peru-tours-educativos-con-alma-y-proposito\/\"},{\"@type\":\"ListItem\",\"position\":2,\"name\":\"Comunidad Patacancha\"}]},{\"@type\":\"WebSite\",\"@id\":\"https:\/\/culturavivaperu.com\/es\/#website\",\"url\":\"https:\/\/culturavivaperu.com\/es\/\",\"name\":\"Cultura Viva Peru Travel\",\"description\":\"Sustainable Travel Experiences in Peru\",\"potentialAction\":[{\"@type\":\"SearchAction\",\"target\":{\"@type\":\"EntryPoint\",\"urlTemplate\":\"https:\/\/culturavivaperu.com\/es\/?s={search_term_string}\"},\"query-input\":{\"@type\":\"PropertyValueSpecification\",\"valueRequired\":true,\"valueName\":\"search_term_string\"}}],\"inLanguage\":\"es\"}]}<\/script>\n<!-- \/ Yoast SEO plugin. -->","yoast_head_json":{"title":"Cultura Viva Peru Travel Comunidad Patacancha - Juan","description":"Tenemos el placer de conocer de cerca a un ex portero excepcional del sendero Inka de la comunidad de Patacancha en la regi\u00f3n de Cusco.","robots":{"index":"index","follow":"follow","max-snippet":"max-snippet:-1","max-image-preview":"max-image-preview:large","max-video-preview":"max-video-preview:-1"},"canonical":"https:\/\/culturavivaperu.com\/es\/comunidad-patacancha\/","og_locale":"es_ES","og_type":"article","og_title":"Cultura Viva Peru Travel Comunidad Patacancha - Juan","og_description":"Tenemos el placer de conocer de cerca a un ex portero excepcional del sendero Inka de la comunidad de Patacancha en la regi\u00f3n de Cusco.","og_url":"https:\/\/culturavivaperu.com\/es\/comunidad-patacancha\/","og_site_name":"Cultura Viva Peru Travel","article_modified_time":"2020-05-02T20:57:31+00:00","og_image":[{"url":"https:\/\/culturavivaperu.com\/wp-content\/uploads\/2019\/12\/Unique-Peru-Travel-Experiences.jpg","type":"","width":"","height":""}],"twitter_card":"summary_large_image","twitter_image":"https:\/\/culturavivaperu.com\/wp-content\/uploads\/2019\/12\/Unique-Peru-Travel-Experiences.jpg","twitter_misc":{"Tiempo de lectura":"9 minutos"},"schema":{"@context":"https:\/\/schema.org","@graph":[{"@type":"WebPage","@id":"https:\/\/culturavivaperu.com\/es\/comunidad-patacancha\/","url":"https:\/\/culturavivaperu.com\/es\/comunidad-patacancha\/","name":"Cultura Viva Peru Travel Comunidad Patacancha - Juan","isPartOf":{"@id":"https:\/\/culturavivaperu.com\/es\/#website"},"datePublished":"2020-05-02T20:57:29+00:00","dateModified":"2020-05-02T20:57:31+00:00","description":"Tenemos el placer de conocer de cerca a un ex portero excepcional del sendero Inka de la comunidad de Patacancha en la regi\u00f3n de Cusco.","breadcrumb":{"@id":"https:\/\/culturavivaperu.com\/es\/comunidad-patacancha\/#breadcrumb"},"inLanguage":"es","potentialAction":[{"@type":"ReadAction","target":["https:\/\/culturavivaperu.com\/es\/comunidad-patacancha\/"]}]},{"@type":"BreadcrumbList","@id":"https:\/\/culturavivaperu.com\/es\/comunidad-patacancha\/#breadcrumb","itemListElement":[{"@type":"ListItem","position":1,"name":"Home","item":"https:\/\/culturavivaperu.com\/es\/peru-travel-cultura-viva-peru-tours-educativos-con-alma-y-proposito\/"},{"@type":"ListItem","position":2,"name":"Comunidad Patacancha"}]},{"@type":"WebSite","@id":"https:\/\/culturavivaperu.com\/es\/#website","url":"https:\/\/culturavivaperu.com\/es\/","name":"Cultura Viva Peru Travel","description":"Sustainable Travel Experiences in Peru","potentialAction":[{"@type":"SearchAction","target":{"@type":"EntryPoint","urlTemplate":"https:\/\/culturavivaperu.com\/es\/?s={search_term_string}"},"query-input":{"@type":"PropertyValueSpecification","valueRequired":true,"valueName":"search_term_string"}}],"inLanguage":"es"}]}},"jetpack_sharing_enabled":true,"_links":{"self":[{"href":"https:\/\/culturavivaperu.com\/es\/wp-json\/wp\/v2\/pages\/4586","targetHints":{"allow":["GET"]}}],"collection":[{"href":"https:\/\/culturavivaperu.com\/es\/wp-json\/wp\/v2\/pages"}],"about":[{"href":"https:\/\/culturavivaperu.com\/es\/wp-json\/wp\/v2\/types\/page"}],"author":[{"embeddable":true,"href":"https:\/\/culturavivaperu.com\/es\/wp-json\/wp\/v2\/users\/1"}],"replies":[{"embeddable":true,"href":"https:\/\/culturavivaperu.com\/es\/wp-json\/wp\/v2\/comments?post=4586"}],"version-history":[{"count":5,"href":"https:\/\/culturavivaperu.com\/es\/wp-json\/wp\/v2\/pages\/4586\/revisions"}],"predecessor-version":[{"id":4593,"href":"https:\/\/culturavivaperu.com\/es\/wp-json\/wp\/v2\/pages\/4586\/revisions\/4593"}],"wp:attachment":[{"href":"https:\/\/culturavivaperu.com\/es\/wp-json\/wp\/v2\/media?parent=4586"}],"curies":[{"name":"wp","href":"https:\/\/api.w.org\/{rel}","templated":true}]}}